{"id":976,"date":"2018-11-08T16:20:47","date_gmt":"2018-11-08T15:20:47","guid":{"rendered":"http:\/\/lagornis.monbacasable.fr\/?p=976"},"modified":"2018-11-08T16:20:47","modified_gmt":"2018-11-08T15:20:47","slug":"creation-de-personnage-de-plus-haut-niveau","status":"publish","type":"page","link":"https:\/\/old.lagornis.fr\/?page_id=976","title":{"rendered":"Cr\u00e9ation de personnage de plus haut niveau"},"content":{"rendered":"<p>Notice de cr\u00e9ation d&#8217;un personnage directement \u00e0 un niveau \u00e9lev\u00e9.<\/p>\n<p>Niveau 2 : perso niveau 1 + lvl up +50 golds<br \/>\nNiveau 3 : perso niveau 1 +2bk + lvl up +100 golds, +1 objet magique (\u00e9quipement bon)<br \/>\nNiveau 4 : perso niveau 1 +2bk (+1 background positif \u00e0 2 et 1 background n\u00e9gatif \u00e0 -2). + 3carac, +15 pts de comp\u00e9tences. carac au maximum \u00e0 6 (sauf Max \u00e0 7) + 2 comp\u00e9tences hors classe. +1 effet de destins > 50 . +3 objets magiques, +1 objet magique rare. (\u00e9quipement tres bon)<br \/>\n+ 16 ar (pv\/pm)<br \/>\nNiveau 5 : perso niveau 1 +4bk (+1 background positif \u00e0 2 et 1 background n\u00e9gatif \u00e0 -2). + 6carac, +25 pts de comp\u00e9tences. carac au maximum \u00e0 6 (sauf Max \u00e0 7) + 4 comp\u00e9tences hors classe. +2 effet de destins > 60 . +4 objets magiques, +2 objet magique rare + 1 artefact.  Second pouvoir racial (\u00e9quipement excellent)+ 25 ar (pv\/pm)<br \/>\nNiveau 6 : perso niveau 1 +4bk (+1 background positif \u00e0 2 et 1 background n\u00e9gatif \u00e0 -2). + 8carac, +35 pts de comp\u00e9tences. carac au maximum \u00e0 7 (sauf Max \u00e0 8) + 6 comp\u00e9tences hors classe. +2 effet de destins > 60 . +4 objets magiques, +2 objet magique rare + 1 artefact. + 1 comp\u00e9tence l\u00e9gendaire. Acc\u00e8s race verrouill\u00e9 | Second pouvoir racial (\u00e9quipement de maitre) + 35 ar (pv\/pm)<br \/>\nNiveau 7 : perso niveau 1 +4bk (+1 background positif \u00e0 2 et 1 background n\u00e9gatif \u00e0 -2). + 10carac, +45 pts de comp\u00e9tences. carac au maximum \u00e0 8 (sauf Max \u00e0 9) + 6 comp\u00e9tences hors classe. +2 effet de destins > 60 . +4 objets magiques, +2 objet magique rare + 1 artefact. + 2 comp\u00e9tence l\u00e9gendaire.  Acc\u00e8s race verrouill\u00e9 | Second pouvoir racial + 45 ar (pv\/pm)<\/p>\n","protected":false},"excerpt":{"rendered":"<p>Notice de cr\u00e9ation d&#8217;un personnage directement \u00e0 un niveau \u00e9lev\u00e9. Niveau 2 : perso niveau 1 + lvl up +50 golds Niveau 3 : perso niveau 1 +2bk + lvl up +100 golds, +1 objet magique (\u00e9quipement bon) Niveau 4 : perso niveau 1 +2bk (+1 background positif \u00e0 2 et 1 background n\u00e9gatif \u00e0 &hellip; <a href=\"https:\/\/old.lagornis.fr\/?page_id=976\" class=\"more-link\">Continue reading <span class=\"screen-reader-text\">Cr\u00e9ation de personnage de plus haut niveau<\/span> <span class=\"meta-nav\">&rarr;<\/span><\/a><\/p>\n","protected":false},"author":1,"featured_media":0,"parent":2697,"menu_order":0,"comment_status":"open","ping_status":"closed","template":"","meta":{"footnotes":""},"class_list":["post-976","page","type-page","status-publish","hentry"],"_links":{"self":[{"href":"https:\/\/old.lagornis.fr\/index.php?rest_route=\/wp\/v2\/pages\/976","targetHints":{"allow":["GET"]}}],"collection":[{"href":"https:\/\/old.lagornis.fr\/index.php?rest_route=\/wp\/v2\/pages"}],"about":[{"href":"https:\/\/old.lagornis.fr\/index.php?rest_route=\/wp\/v2\/types\/page"}],"author":[{"embeddable":true,"href":"https:\/\/old.lagornis.fr\/index.php?rest_route=\/wp\/v2\/users\/1"}],"replies":[{"embeddable":true,"href":"https:\/\/old.lagornis.fr\/index.php?rest_route=%2Fwp%2Fv2%2Fcomments&post=976"}],"version-history":[{"count":0,"href":"https:\/\/old.lagornis.fr\/index.php?rest_route=\/wp\/v2\/pages\/976\/revisions"}],"up":[{"embeddable":true,"href":"https:\/\/old.lagornis.fr\/index.php?rest_route=\/wp\/v2\/pages\/2697"}],"wp:attachment":[{"href":"https:\/\/old.lagornis.fr\/index.php?rest_route=%2Fwp%2Fv2%2Fmedia&parent=976"}],"curies":[{"name":"wp","href":"https:\/\/api.w.org\/{rel}","templated":true}]}}