{"id":960,"date":"2018-10-26T11:44:21","date_gmt":"2018-10-26T09:44:21","guid":{"rendered":"http:\/\/lagornis.monbacasable.fr\/?p=960"},"modified":"2018-10-26T11:44:21","modified_gmt":"2018-10-26T09:44:21","slug":"lordre-du-protecteur","status":"publish","type":"page","link":"https:\/\/old.lagornis.fr\/?page_id=960","title":{"rendered":"L&#8217;ordre du protecteur"},"content":{"rendered":"<p>L&#8217;ordre du protecteur est un ordre de chevalerie ind\u00e9pendant du royaume de Draam, il fut fond\u00e9 au environ de 2200 PA par le Protecteur. D\u00e9truit durant la grande guerre il fut refond\u00e9e par la suite dans l\u2019\u00e9tat qu&#8217;il conserve encore aujourd&#8217;hui.<br \/>\nCette ordre est compos\u00e9 de chevalier et de paladin au service du Protecteur, ils ont pour vocation la protection des populations de toutes les menaces. Il s&#8217;agit d&#8217;une force arm\u00e9e d&#8217;importance moyenne, leur permettant d&#8217;avoir une certain influence dans la politique local, ils joignent parfois les conflits pour prot\u00e9ger une r\u00e9gion injustement attaquer. <\/p>\n<p>Le Protecteur est une d\u00e9it\u00e9 mineur, il s&#8217;agissait originellement d&#8217;un pathos aventurier, ses diff\u00e9rents exploits ont rapidement fait croitre sa notori\u00e9t\u00e9 et sa popularit\u00e9. Il cr\u00e9a originellement l&#8217;ordre pour affronter un dieu qui opprimer une r\u00e9gion (\u00e0 l&#8217;est de ce qui est aujourd&#8217;hui draam), sa victoire l\u2019emmena au stade d\u2019\u00eatre v\u00e9n\u00e9rer et il devient un dieu incarn\u00e9 (aka, un dieu ayant pris le corps d&#8217;un humain, en locurance, le sien). Suite a sa d\u00e9ification il passera sa vie \u00e0 renforcer l&#8217;ordre et \u00e0 tenter d&#8217;aider le plus de gens possibles.<br \/>\nIl disparut quelques temps apr\u00e8s la grande guerre, qui d\u00e9truisit \u00e9galement son ordre, il fut consid\u00e9rer comme mort jusqu\u2019\u00e0 sa r\u00e9apparition en 183 PG o\u00f9 il pris place dans le conseil de direction du nouvelle ordre fond\u00e9. <\/p>\n<p>C&#8217;est sur ses enseignement que nombres de membre de cette ordre deviennent aventurier, dans le but de prot\u00e9ger et servir les gens dans le besoin. <\/p>\n<p>Les plus fid\u00e8les \u00e0 ces pr\u00e9ceptes ont usage de la magie du protecteur (des pri\u00e8res de protections, de renforcement, de neutralisation des forces du mal). La majorit\u00e9 des adeptes sont des chevaliers ou des paladins, mais l&#8217;ordre compte \u00e9galement en son sein des pr\u00eatres, inquisiteur (des assassins\/espion au service du peuple) ou des spadassins de la foi. <\/p>\n","protected":false},"excerpt":{"rendered":"<p>L&#8217;ordre du protecteur est un ordre de chevalerie ind\u00e9pendant du royaume de Draam, il fut fond\u00e9 au environ de 2200 PA par le Protecteur. D\u00e9truit durant la grande guerre il fut refond\u00e9e par la suite dans l\u2019\u00e9tat qu&#8217;il conserve encore aujourd&#8217;hui. Cette ordre est compos\u00e9 de chevalier et de paladin au service du Protecteur, ils &hellip; <a href=\"https:\/\/old.lagornis.fr\/?page_id=960\" class=\"more-link\">Continue reading <span class=\"screen-reader-text\">L&#8217;ordre du protecteur<\/span> <span class=\"meta-nav\">&rarr;<\/span><\/a><\/p>\n","protected":false},"author":1,"featured_media":0,"parent":0,"menu_order":0,"comment_status":"open","ping_status":"closed","template":"","meta":{"footnotes":""},"class_list":["post-960","page","type-page","status-publish","hentry"],"_links":{"self":[{"href":"https:\/\/old.lagornis.fr\/index.php?rest_route=\/wp\/v2\/pages\/960","targetHints":{"allow":["GET"]}}],"collection":[{"href":"https:\/\/old.lagornis.fr\/index.php?rest_route=\/wp\/v2\/pages"}],"about":[{"href":"https:\/\/old.lagornis.fr\/index.php?rest_route=\/wp\/v2\/types\/page"}],"author":[{"embeddable":true,"href":"https:\/\/old.lagornis.fr\/index.php?rest_route=\/wp\/v2\/users\/1"}],"replies":[{"embeddable":true,"href":"https:\/\/old.lagornis.fr\/index.php?rest_route=%2Fwp%2Fv2%2Fcomments&post=960"}],"version-history":[{"count":0,"href":"https:\/\/old.lagornis.fr\/index.php?rest_route=\/wp\/v2\/pages\/960\/revisions"}],"wp:attachment":[{"href":"https:\/\/old.lagornis.fr\/index.php?rest_route=%2Fwp%2Fv2%2Fmedia&parent=960"}],"curies":[{"name":"wp","href":"https:\/\/api.w.org\/{rel}","templated":true}]}}