{"id":950,"date":"2018-10-22T20:41:30","date_gmt":"2018-10-22T18:41:30","guid":{"rendered":"http:\/\/lagornis.monbacasable.fr\/?p=950"},"modified":"2018-10-22T20:41:30","modified_gmt":"2018-10-22T18:41:30","slug":"magie-lore","status":"publish","type":"page","link":"https:\/\/old.lagornis.fr\/?page_id=950","title":{"rendered":"Magie"},"content":{"rendered":"<p>La magie dans Lagornis est une forme d\u2019\u00e9nergie pr\u00e9sente dans un autre plan de l&#8217;univers. Le second plan (appeler commun\u00e9ment le plan magique) est un plan dit sym\u00e9trique : ses dimensions sont les meme que le premier plan (plan mat\u00e9riel). Le plan magique est intimement li\u00e9 au plan terrestre, les actions sur l&#8217;un influence l&#8217;autre, et il est possible de passer de l&#8217;un \u00e0 l&#8217;autre plut\u00f4t ais\u00e9ment.<br \/>\nLe plan magique contient (surprenamment) de la magie, g\u00e9n\u00e9ralement neutre mais parfois orient\u00e9. La magie neutre est quelque chose de passif, elle se contente d&#8217;exister sans affecter grand chose (un peu quand m\u00eame, voir le paragraphe sur la densit\u00e9 magique ) mais elle peut etre converti facilement : en contact avec un magie color\u00e9 (de l\u2019\u00e9nergie \u00e9l\u00e9mentaire, de la magie blanche\/noir .. ), les couleurs se propage, et leur effet avec. La magie color\u00e9 a un effet direct sur le plan terrestre, et est utilis\u00e9 par les pr\u00eatres et les demi \u00e9l\u00e9mentaires. <\/p>\n<p>G\u00e9n\u00e9ralement l&#8217;utilisation de pouvoir magique par les mortels consiste en la cr\u00e9ation &#8220;d&#8217;impulsion&#8221;, ils affecte une petit quantit\u00e9 de magie avec leur \u00e9nergie personnelle et envoie cette magie se reproduire avec la magie ambiante, propageant leur sort dans le second plan.<br \/>\nC&#8217;est la fa\u00e7on la plus simple de faire de la magie, et celle utiliser par les aventuriers et les combattant. <\/p>\n<p>Il existe deux autres mani\u00e8res de faire de la magie : les rituels, et les sorts majeures.<br \/>\nUn rituel peut \u00eatre \u00e0 peu pr\u00e8s n&#8217;importe quoi (un cercle de pouvoir et une invocation sur plusieurs jours, une procession religieuse, etc &#8230; ), le principe est similaire aux sorts basique : affecter une petite quantit\u00e9 de magie pour en d\u00e9placer une plus grosse, la diff\u00e9rence est la puissance (ou la zone d&#8217;effet), un rituel aura tendance \u00e0 condenser la magie ambiante pour augmenter l\u2019impulsion originel. Un cercle de pouvoir, une incantation \u00e0 plusieurs servent \u00e0 cr\u00e9e un (ou plusieurs) petit sorts, tout en attirant suffisamment de magie pour g\u00e9n\u00e9r\u00e9 un effet massif. Un rituel est long, compliqu\u00e9, dangereux mais permet d&#8217;obtenir des effets exceptionnelle (t\u00e9l\u00e9portation, modification de la m\u00e9t\u00e9o, arr\u00eat d&#8217;une \u00e9pid\u00e9mie etc&#8230; ) .<\/p>\n<p>Les sorts majeures ont un fonctionnement identique aux sorts basique, mais requi\u00e8rent une \u00e9nergie gigantesque. Contrairement aux rituels, le sort n&#8217;est pas incant\u00e9 progressivement, mais g\u00e9n\u00e9rer directement \u00e0 sa puissance maximal. Les moyens d&#8217;obtenir l\u2019\u00e9nergie sont vari\u00e9 (sacrifice multiple, aide d&#8217;une cr\u00e9ature magique, utilisation d&#8217;un objet magique).  <\/p>\n<p>Seul les rituels et les sorts majeures peuvent \u00eatre maintenu sur de longue p\u00e9riodes. <\/p>\n","protected":false},"excerpt":{"rendered":"<p>La magie dans Lagornis est une forme d\u2019\u00e9nergie pr\u00e9sente dans un autre plan de l&#8217;univers. Le second plan (appeler commun\u00e9ment le plan magique) est un plan dit sym\u00e9trique : ses dimensions sont les meme que le premier plan (plan mat\u00e9riel). Le plan magique est intimement li\u00e9 au plan terrestre, les actions sur l&#8217;un influence l&#8217;autre, &hellip; <a href=\"https:\/\/old.lagornis.fr\/?page_id=950\" class=\"more-link\">Continue reading <span class=\"screen-reader-text\">Magie<\/span> <span class=\"meta-nav\">&rarr;<\/span><\/a><\/p>\n","protected":false},"author":1,"featured_media":0,"parent":0,"menu_order":0,"comment_status":"open","ping_status":"closed","template":"","meta":{"footnotes":""},"class_list":["post-950","page","type-page","status-publish","hentry"],"_links":{"self":[{"href":"https:\/\/old.lagornis.fr\/index.php?rest_route=\/wp\/v2\/pages\/950","targetHints":{"allow":["GET"]}}],"collection":[{"href":"https:\/\/old.lagornis.fr\/index.php?rest_route=\/wp\/v2\/pages"}],"about":[{"href":"https:\/\/old.lagornis.fr\/index.php?rest_route=\/wp\/v2\/types\/page"}],"author":[{"embeddable":true,"href":"https:\/\/old.lagornis.fr\/index.php?rest_route=\/wp\/v2\/users\/1"}],"replies":[{"embeddable":true,"href":"https:\/\/old.lagornis.fr\/index.php?rest_route=%2Fwp%2Fv2%2Fcomments&post=950"}],"version-history":[{"count":0,"href":"https:\/\/old.lagornis.fr\/index.php?rest_route=\/wp\/v2\/pages\/950\/revisions"}],"wp:attachment":[{"href":"https:\/\/old.lagornis.fr\/index.php?rest_route=%2Fwp%2Fv2%2Fmedia&parent=950"}],"curies":[{"name":"wp","href":"https:\/\/api.w.org\/{rel}","templated":true}]}}