{"id":927,"date":"2018-10-18T21:28:46","date_gmt":"2018-10-18T19:28:46","guid":{"rendered":"http:\/\/lagornis.monbacasable.fr\/?p=927"},"modified":"2018-10-18T21:28:46","modified_gmt":"2018-10-18T19:28:46","slug":"histoire-du-peuple-draconnique","status":"publish","type":"page","link":"https:\/\/old.lagornis.fr\/?page_id=927","title":{"rendered":"Histoire du peuple draconnique"},"content":{"rendered":"\n<p>L&#8217;origine de la puissance race des dragons prend racine au coeur de l&#8217;age des h\u00e9ros avec l&#8217;arriv\u00e9 du Premier. <\/p>\n\n\n\n<p>Le Premier est un etre d&#8217;energie venu d&#8217;un autre univers, la rumeur voudrait qu&#8217;il vienne du meme que l&#8217;\u00e9l\u00e9mentaire primordial du fait de sa capacit\u00e9 \u00e0 manipuler les \u00e9n\u00e9rgie \u00e9l\u00e9mentaires \u00e0 sa guise. Il serait egalement constitu\u00e9 d&#8217;une grande quantit\u00e9 d&#8217;\u00e9n\u00e9rgie primordial, en faisant l&#8217;un des etres les plus puissants connu. Lors de son arriv\u00e9 il rencontra Jenny qui lui offra une forme physique, celle qu&#8217;il transmettra par la suite \u00e0 tous les dragons. <\/p>\n\n\n\n<p>Le Premier voyagea \u00e0 travers le monde et rencontra bien des peuples, ses rencontres avec les races vari\u00e9 du monde lui firent regrett\u00e9 son incapacit\u00e9 \u00e0 cr\u00e9e la vie lui meme. Il retourna \u00e0 la rencontre de Jenny, qui lui offrit 13 oeufs issu de l&#8217;essence du premier, ceux ci lui permettront de cr\u00e9e son clan, sa race. Conscient des dangers de ce monde et des limites \u00e0 la g\u00e9n\u00e9rosit\u00e9 de Jenny, il d\u00e9cida de garder dans des emplacements secrets 6 des oeufs, pour redonner naissance \u00e0 sa race si celle ci venait \u00e0 disparaitre. Il fit \u00e9clore 6 autres, donnant naissance aux dragons originelles. Le dernier oeuf fut offert \u00e0 Lezlo des ann\u00e9es plus tard pour son aide, nul ne sait ce qu&#8217;il advient de ceux ci. <\/p>\n\n\n\n<p>Les dragons font partie des races poss\u00e9dant une \u00e2me, c&#8217;est a dire un fragment de magie primordial leur permettant d&#8217;acceder au royaume des morts (au m\u00eame titre que les humains, les titans ou les gobelins ). Leur pouvoirs sont g\u00e9n\u00e9ralement bien plus puissant que ceux des humains malgres les pertes de pouvoirs des g\u00e9n\u00e9rations successives. <\/p>\n\n\n\n<p>Les dragons prosp\u00e9r\u00e8rent et se multipli\u00e8rent sous le regarde sage du Premier, le roi des dragons. Le peuple dragon s&#8217;allia et se rapprocha du clan de Lezlo, un clan de change-forme, les deux clan finirent par s&#8217;unirent, donnant naissance a la race des draconnides. Ceux ci \u00e9taient les plus puissants des races humaines (les dragons originelles ayant un pouvoir plus grand que celui des h\u00e9ros), ils fond\u00e8rent ensemble un empire puissant qui illumina par sa culture et sa maitrise de la magie tous Lagornis.<br>\nMalgres leur divergences, les draconnides restent des humains, leur don de changeforme reste cependant extremement limit\u00e9 (vis \u00e0 vis des humains de l&#8217;age des h\u00e9ros. ) <\/p>\n\n\n\n<p>Lezlo apporta son aide au jeune empire en formation, usant de son pouvoir m\u00eal\u00e9e \u00e0 celui du premier pour cr\u00e9e les temples de rivieres, des batiments magiques permettant aux draconniens de renforcer leur pouvoir. Ses structures \u00e9tant \u00e9galement des biblioth\u00e8ques de connaissance renfermant tous le savoir de ce peuple. Peu apr\u00e8s avoir re\u00e7u comme cadeau le treizi\u00e8me \u0153uf, il disparut totalement du monde. <\/p>\n\n\n\n<p>Le Roi des dragons disparut myst\u00e9rieusement en 425PA.<\/p>\n\n\n\n<p>La puissance de cette empire attira la convoitise de ses voisins, et une vaste coalition, foment\u00e9 par les premiers dieux et guid\u00e9 par le clan de Borg lui d\u00e9clara la guerre en 430PA . La guerre fut terrible, la plupart des dragons perrirent (quelques un surv\u00e9curent mais furent durement bless\u00e9 ou maudit (cr\u00e9ant par la suite certaines des esp\u00e8ces animales de dragon ). Les draconnides se perdirent pour la plus part dans les autres clans, laissant l&#8217;h\u00e9ritage biologique et magique des dragons survivent \u00e0 travers les g\u00e9n\u00e9rations. De rage Jenny l\u00e2cha sa meute sauvage sur le clan de Borg qui fut exterminer. (voir <a href=\"http:\/\/lagornis.fr\/mythe-des-primordiaux\/\" rel=\"noopener noreferrer\" target=\"_blank\">mythe des primordiaux<\/a> ) <\/p>\n\n\n\n<p>En 513 PG, le Roi dragon reparut , lib\u00e9r\u00e9 du Labyrinthe sacr\u00e9 o\u00f9 il fut enferm\u00e9 pendant des mill\u00e9naires par une d\u00e9esse de l&#8217;\u00e9levage rancuni\u00e8re. Son long enfermement eu un effet terrible sur son esprit et ses pouvoirs, il travaillerais \u00e0 rassembler les dragons survivants pour refonder l&#8217;empire. Certaines rumeurs affirment que des dragons survolerait la montagne vivante.<\/p>\n","protected":false},"excerpt":{"rendered":"<p>L&#8217;origine de la puissance race des dragons prend racine au coeur de l&#8217;age des h\u00e9ros avec l&#8217;arriv\u00e9 du Premier. Le Premier est un etre d&#8217;energie venu d&#8217;un autre univers, la rumeur voudrait qu&#8217;il vienne du meme que l&#8217;\u00e9l\u00e9mentaire primordial du fait de sa capacit\u00e9 \u00e0 manipuler les \u00e9n\u00e9rgie \u00e9l\u00e9mentaires \u00e0 sa guise. Il serait egalement &hellip; <a href=\"https:\/\/old.lagornis.fr\/?page_id=927\" class=\"more-link\">Continue reading <span class=\"screen-reader-text\">Histoire du peuple draconnique<\/span> <span class=\"meta-nav\">&rarr;<\/span><\/a><\/p>\n","protected":false},"author":1,"featured_media":0,"parent":2638,"menu_order":0,"comment_status":"open","ping_status":"closed","template":"","meta":{"footnotes":""},"class_list":["post-927","page","type-page","status-publish","hentry"],"_links":{"self":[{"href":"https:\/\/old.lagornis.fr\/index.php?rest_route=\/wp\/v2\/pages\/927","targetHints":{"allow":["GET"]}}],"collection":[{"href":"https:\/\/old.lagornis.fr\/index.php?rest_route=\/wp\/v2\/pages"}],"about":[{"href":"https:\/\/old.lagornis.fr\/index.php?rest_route=\/wp\/v2\/types\/page"}],"author":[{"embeddable":true,"href":"https:\/\/old.lagornis.fr\/index.php?rest_route=\/wp\/v2\/users\/1"}],"replies":[{"embeddable":true,"href":"https:\/\/old.lagornis.fr\/index.php?rest_route=%2Fwp%2Fv2%2Fcomments&post=927"}],"version-history":[{"count":0,"href":"https:\/\/old.lagornis.fr\/index.php?rest_route=\/wp\/v2\/pages\/927\/revisions"}],"up":[{"embeddable":true,"href":"https:\/\/old.lagornis.fr\/index.php?rest_route=\/wp\/v2\/pages\/2638"}],"wp:attachment":[{"href":"https:\/\/old.lagornis.fr\/index.php?rest_route=%2Fwp%2Fv2%2Fmedia&parent=927"}],"curies":[{"name":"wp","href":"https:\/\/api.w.org\/{rel}","templated":true}]}}