{"id":92,"date":"2017-10-16T16:51:27","date_gmt":"2017-10-16T14:51:27","guid":{"rendered":"http:\/\/lagornis.monbacasable.fr\/?p=92"},"modified":"2017-10-16T16:51:27","modified_gmt":"2017-10-16T14:51:27","slug":"classes","status":"publish","type":"page","link":"https:\/\/old.lagornis.fr\/?page_id=92","title":{"rendered":"Classes"},"content":{"rendered":"<p>Les classes d\u00e9finissent les comp\u00e9tences d\u00e9blocable avec les mont\u00e9 de niveau. (non exhaustif ), la classe d\u00e9finit le m\u00e9tier ou la formation qu&#8217;a re\u00e7u le personnage avant de d\u00e9buter ses aventures. Il est consid\u00e9rer que toutes les comp\u00e9tences de classes non prisent sont niveau 0.<\/p>\n<p>[su_spoiler title=&#8221;Chevalier &#8221; icon=&#8221;arrow&#8221; anchor=&#8221;Classe_Chevalier &#8220;]\u00c9tiquette,commandement, \u00e9quitation, maitrise arme lourde, d\u00e9sarmement, volont\u00e9 du chevalier(directement \u00e0 1 puissance), arme l\u00e9g\u00e8re, arme d&#8217;hast, bouclier, maitrise d&#8217;armure<br \/>\n\u00c9quipement de d\u00e9part : Arme de guerre en acier, armure lourde en acier, 2d6 po<br \/>\nSalaire : D4<br \/>\n[\/su_spoiler]<\/p>\n<p>[su_spoiler title=&#8221;Voleur&#8221; icon=&#8221;arrow&#8221; anchor=&#8221;Classe_Voleur&#8221;]Crochetage, Discr\u00e9tion, Vol \u00e0 la tir, escalade, arme l\u00e9g\u00e8re, acrobatie, rep\u00e9rage pi\u00e8ge, d\u00e9sarmement pi\u00e8ge, coup sournois, d\u00e9guisement<br \/>\n\u00c9quipement de d\u00e9part : Arme courante en acier, armure l\u00e9g\u00e8re en cuir, kit de crochetage 1d6 po.<br \/>\nSalaire : D6<br \/>\n[\/su_spoiler]<\/p>\n<p>[su_spoiler title=&#8221;Ranger &#8221; icon=&#8221;arrow&#8221; anchor=&#8221;Classe_Ranger&#8221;]Pistage, Connaissances cr\u00e9atures,\u00a0 Arme \u00e0 distance, Armes \u00e0 feu, r\u00e9flexe, survie en nature, ciblage, dissimulation<br \/>\n\u00c9quipement de d\u00e9part : Arme courante en acier,arme courante \u00e0 distance, armure l\u00e9g\u00e8re en cuir, 1d6+3 po.<br \/>\nSalaire : D4<br \/>\n[\/su_spoiler]<\/p>\n<p>[su_spoiler title=&#8221;Mage &#8221; icon=&#8221;arrow&#8221; anchor=&#8221;Classe_Mage&#8221;]Langues anciennes, Bibliographie, Connaissances, <a href=\"http:\/\/lagornis.fr\/magie-2\/\" target=\"_blank\" rel=\"noopener noreferrer\">Magie d&#8217;une \u00e9cole<\/a> , perception magique, Maitrise des sortil\u00e8ges, cr\u00e9ation de parchemin\/baguettes<br \/>\n\u00c9quipement de d\u00e9part : Arme courante en bois, parchemin magique, 1d12+1d6 po<br \/>\nSalaire : connait des comp\u00e9tences de soin\/utilitaire : D8 , connait la cr\u00e9ation d&#8217;objet magique : d10, connait l&#8217;enchantement : d12<br \/>\nsinon d4<br \/>\n[\/su_spoiler]<\/p>\n<p>[su_spoiler title=&#8221;Pr\u00eatre &#8221; icon=&#8221;arrow&#8221; anchor=&#8221;Classe_Pretre &#8220;]Connaissances, m\u00e9decine,\u00a0 Langues anciennes, perception de l&#8217;obscure\/bien, creation de parchemin, m\u00e9ditation, volont\u00e9 divine (p1)<br \/>\n+ Magie du culte (le personnage peut conna\u00eetre n&#8217;importe quelle pri\u00e8res li\u00e9 au dieu\/concept\/philosophie qui le guide )<br \/>\n\u00c9quipement de d\u00e9part : Arme courante en bois, mat\u00e9riel de premier secours. 1d4 po<br \/>\nSalaire: Connait des comp\u00e9tences de soin : D8, sinon d4<br \/>\n[\/su_spoiler]<\/p>\n<p>[su_spoiler title=&#8221;Assassin&#8221; icon=&#8221;arrow&#8221; anchor=&#8221;Classe_Assassin&#8221;]Assassinat, discr\u00e9tion, arme l\u00e9g\u00e8re, r\u00e9flexe, arme de jet,coup sournois, poison<br \/>\n+ Magie du culte (un assassin peut utiliser des pri\u00e8res, g\u00e9n\u00e9ralement li\u00e9 au concept de la mort )<br \/>\n\u00c9quipement de d\u00e9part : Arme courante en acier bonne, armure l\u00e9g\u00e8re en cuir bonne. 1d8 po<br \/>\nSalaire : d4<br \/>\n[\/su_spoiler]<br \/>\n[su_spoiler title=&#8221;Marchand&#8221; icon=&#8221;arrow&#8221; anchor=&#8221;Classe_Marchand&#8221;]N\u00e9gociation, diplomatie,estimation, tromperie,d\u00e9guisement, Cartographie<br \/>\n+2 comp\u00e9tences hors classe<br \/>\n\u00c9quipement de d\u00e9part : 2d20&gt;10 po (Si la somme est inf\u00e9rieur \u00e0 10, relancer les deux d\u00e9s), cheval de voyage, N\u00e9cessaire de voyage classique.<br \/>\nSalaire : d100*2d10 (en pa)<br \/>\n[\/su_spoiler]<br \/>\n[su_spoiler title=&#8221;Spadassin&#8221; icon=&#8221;arrow&#8221; anchor=&#8221;Classe_Spadassin&#8221;]<\/p>\n<p>\u00e9quitation, maitrise arme l\u00e9g\u00e8res, d\u00e9sarmement, arme d&#8217;hast, arme \u00e0 feu, Cartographie, Efficace, attaque signature<br \/>\n\u00c9quipement de d\u00e9part : Arme de guerre en acier bonne (ou arme \u00e0 feu Nul) , armure medium en cuir, 1d12 po<br \/>\nSalaire: 1d4<br \/>\n[\/su_spoiler]<\/p>\n<p>[su_spoiler title=&#8221;erudit&#8221; icon=&#8221;arrow&#8221; anchor=&#8221;Erudit &#8220;]<\/p>\n<p>Bibliographie, histoire,connaissance des cr\u00e9atures, M\u00e9decine, Contrefa\u00e7on, fabrication, Langue ancienne. +1 comp\u00e9tence hors classe.<\/p>\n<p>1d12 po +5, N\u00e9cessaire de voyage classique<\/p>\n<p>Les \u00e9rudits sont des individu vouant leur vie \u00e0 la recherche de connaissances. Ils partent \u00e0 l&#8217;aventure pour rencontrer de nouvelles personnes, ou explor\u00e9 des ruines anciennes.<br \/>\nSalaire: 1d6<br \/>\n[\/su_spoiler]<\/p>\n<p>[su_spoiler title=&#8221;Spadassin de la foi&#8221; icon=&#8221;arrow&#8221; anchor=&#8221;Classe_Spadassin_foi&#8221;]<\/p>\n<p>\u00e9quitation, maitrise arme l\u00e9g\u00e8res ou arme d&#8217;hast, d\u00e9sarmement,Efficace, attaque signature, magie du culte (le personnage peut conna\u00eetre n&#8217;importe quelle pri\u00e8res li\u00e9 au dieu\/concept\/philosophie qui le guide )<br \/>\nvolont\u00e9 divine (p1)<br \/>\n\u00c9quipement de d\u00e9part : Arme de guerre en acier bonne (ou arme \u00e0 feu Nul) , armure medium en cuir, 1d12 po<br \/>\nSalaire: Comme pr\u00eatre<br \/>\n[\/su_spoiler]<\/p>\n<p>[su_spoiler title=&#8221;Aventurier&#8221; icon=&#8221;arrow&#8221; anchor=&#8221;Classe_Aventurier&#8221;]<\/p>\n<p>Survie nature, d\u00e9tection de pi\u00e8ge, Connaissances des cr\u00e9atures, Cartographie, Cuisine, marchandage. Maitrise d&#8217;une arme.<br \/>\n\u00c9quipement de d\u00e9part : N\u00e9cessaire d&#8217;aventurier, Arme courante en acier, armure medium en cuir, Provision 5 jours,<br \/>\nSalaire: 1d4<br \/>\n[\/su_spoiler]<\/p>\n<p>[su_spoiler title=&#8221;Paladin&#8221; icon=&#8221;arrow&#8221; anchor=&#8221;Classe_Voleur&#8221;] maitrise arme corps \u00e0 corps (2 au choix) , d\u00e9sarmement, bouclier, maitrise d&#8217;armure,\u00a0magie de culte (le personnage peut conna\u00eetre des pri\u00e8res li\u00e9 au dieu\/concept\/philosophie qui le guide. Les pri\u00e8res sont plus limit\u00e9 que celle du pr\u00eatre, un Paladin n&#8217;utilisera pas de pri\u00e8re longue ), perception de l&#8217;obscure\/bien, m\u00e9ditation, volont\u00e9 divine (p1)<\/p>\n<p>\u00c9quipement de d\u00e9part : Arme de guerre en acier (&lt;10po) , Armure lourde en acier , N\u00e9cessaire de voyage classique. +1d6 po.<br \/>\nSalaire: Comme pr\u00eatre<br \/>\n[\/su_spoiler]<\/p>\n<p>[su_spoiler title=&#8221;Chasseur de monstre&#8221; icon=&#8221;arrow&#8221; anchor=&#8221;Classe_chasseur&#8221;]Pistage, Connaissances cr\u00e9atures,\u00a0 Arme \u00e0 distance, Armes de corps \u00e0 corps (1 maitrise au choix parmi main nue,l\u00e9g\u00e8re,lourde ou hast), herboriste, survie en nature, m\u00e9decine, dissimulation<br \/>\n\u00c9quipement de d\u00e9part : Arme courante en acier,arme courante \u00e0 distance, armure l\u00e9g\u00e8re en cuir, 1d6+3 po.<br \/>\nSalaire : D4<br \/>\n[\/su_spoiler]<\/p>\n<p>Classes special : Ces classes s&#8217;ajoutent \u00e0 la classe de d\u00e9part, elles ne sont pas obtenable \u00e0 la cr\u00e9ation (sauf circonstance de scenario).<\/p>\n<p>[su_spoiler title=&#8221;Syrene&#8221; icon=&#8221;arrow&#8221; anchor=&#8221;Classe_Syrene&#8221;]<\/p>\n<p>Magie du chant.<\/p>\n<p>Une syrene (peut \u00eatre un homme ou une femme) utilise le pouvoir de sa voix pour affecter les plans. Il s&#8217;agit d&#8217;une race magique qui affecte le monde qui l&#8217;entoure gr\u00e2ce \u00e0 sa voix, peut booster, incapacit\u00e9 ou m\u00eame voyager magiquement.<br \/>\n+ 2 Social. La voix du personnage porte bien plus loin. (\u00e9quivalent d&#8217;un m\u00e9gaphone en volume, mais peut egalement murmur\u00e9 \u00e0 une personne \u00e0 moins d&#8217;1 km )<\/p>\n<p>[\/su_spoiler]<\/p>\n<p>Prendre un \u00e9quipement de moins bonne qualit\u00e9 fournit 30% de la diff\u00e9rence \u00e0 la tr\u00e9sorerie du joueur.<br \/>\nSi il le souhaite, un joueur peut avoir revendu son \u00e9quipement de d\u00e9part \u00e0 70% de son prix.<\/p>\n","protected":false},"excerpt":{"rendered":"<p>Les classes d\u00e9finissent les comp\u00e9tences d\u00e9blocable avec les mont\u00e9 de niveau. (non exhaustif ), la classe d\u00e9finit le m\u00e9tier ou la formation qu&#8217;a re\u00e7u le personnage avant de d\u00e9buter ses aventures. Il est consid\u00e9rer que toutes les comp\u00e9tences de classes non prisent sont niveau 0. [su_spoiler title=&#8221;Chevalier &#8221; icon=&#8221;arrow&#8221; anchor=&#8221;Classe_Chevalier &#8220;]\u00c9tiquette,commandement, \u00e9quitation, maitrise arme lourde, &hellip; <a href=\"https:\/\/old.lagornis.fr\/?page_id=92\" class=\"more-link\">Continue reading <span class=\"screen-reader-text\">Classes<\/span> <span class=\"meta-nav\">&rarr;<\/span><\/a><\/p>\n","protected":false},"author":1,"featured_media":0,"parent":2697,"menu_order":0,"comment_status":"open","ping_status":"closed","template":"","meta":{"footnotes":""},"class_list":["post-92","page","type-page","status-publish","hentry"],"_links":{"self":[{"href":"https:\/\/old.lagornis.fr\/index.php?rest_route=\/wp\/v2\/pages\/92","targetHints":{"allow":["GET"]}}],"collection":[{"href":"https:\/\/old.lagornis.fr\/index.php?rest_route=\/wp\/v2\/pages"}],"about":[{"href":"https:\/\/old.lagornis.fr\/index.php?rest_route=\/wp\/v2\/types\/page"}],"author":[{"embeddable":true,"href":"https:\/\/old.lagornis.fr\/index.php?rest_route=\/wp\/v2\/users\/1"}],"replies":[{"embeddable":true,"href":"https:\/\/old.lagornis.fr\/index.php?rest_route=%2Fwp%2Fv2%2Fcomments&post=92"}],"version-history":[{"count":0,"href":"https:\/\/old.lagornis.fr\/index.php?rest_route=\/wp\/v2\/pages\/92\/revisions"}],"up":[{"embeddable":true,"href":"https:\/\/old.lagornis.fr\/index.php?rest_route=\/wp\/v2\/pages\/2697"}],"wp:attachment":[{"href":"https:\/\/old.lagornis.fr\/index.php?rest_route=%2Fwp%2Fv2%2Fmedia&parent=92"}],"curies":[{"name":"wp","href":"https:\/\/api.w.org\/{rel}","templated":true}]}}