{"id":906,"date":"2018-09-27T15:11:05","date_gmt":"2018-09-27T13:11:05","guid":{"rendered":"http:\/\/lagornis.monbacasable.fr\/?p=906"},"modified":"2018-09-27T15:11:05","modified_gmt":"2018-09-27T13:11:05","slug":"prologue-fire-in-the-woods","status":"publish","type":"page","link":"https:\/\/old.lagornis.fr\/?page_id=906","title":{"rendered":"Prologue  &#8211; Fire in the woods"},"content":{"rendered":"<p>Le scenario se d\u00e9roule pendant l&#8217;age moderne, les personnages sont probablement des aventuriers, mais peuvent \u00eatre des types lambda qui passer par l\u00e0 (enfin, avec quand m\u00eame un set de comp\u00e9tence et des capacit\u00e9 au dessus de la moyenne, genre, vous \u00eates des pj )<\/p>\n<p>Le scenario commence dans le village d&#8217; H\u00e9manism , au sud de Draam.Les personnages s&#8217;y trouvant pour les raisons de votre choix, il s&#8217;agit d&#8217;un petit village de passage, avec un petit march\u00e9 qui dessert les environs.<\/p>\n","protected":false},"excerpt":{"rendered":"<p>Le scenario se d\u00e9roule pendant l&#8217;age moderne, les personnages sont probablement des aventuriers, mais peuvent \u00eatre des types lambda qui passer par l\u00e0 (enfin, avec quand m\u00eame un set de comp\u00e9tence et des capacit\u00e9 au dessus de la moyenne, genre, vous \u00eates des pj ) Le scenario commence dans le village d&#8217; H\u00e9manism , au &hellip; <a href=\"https:\/\/old.lagornis.fr\/?page_id=906\" class=\"more-link\">Continue reading <span class=\"screen-reader-text\">Prologue  &#8211; Fire in the woods<\/span> <span class=\"meta-nav\">&rarr;<\/span><\/a><\/p>\n","protected":false},"author":1,"featured_media":0,"parent":0,"menu_order":0,"comment_status":"open","ping_status":"closed","template":"","meta":{"footnotes":""},"class_list":["post-906","page","type-page","status-publish","hentry"],"_links":{"self":[{"href":"https:\/\/old.lagornis.fr\/index.php?rest_route=\/wp\/v2\/pages\/906","targetHints":{"allow":["GET"]}}],"collection":[{"href":"https:\/\/old.lagornis.fr\/index.php?rest_route=\/wp\/v2\/pages"}],"about":[{"href":"https:\/\/old.lagornis.fr\/index.php?rest_route=\/wp\/v2\/types\/page"}],"author":[{"embeddable":true,"href":"https:\/\/old.lagornis.fr\/index.php?rest_route=\/wp\/v2\/users\/1"}],"replies":[{"embeddable":true,"href":"https:\/\/old.lagornis.fr\/index.php?rest_route=%2Fwp%2Fv2%2Fcomments&post=906"}],"version-history":[{"count":0,"href":"https:\/\/old.lagornis.fr\/index.php?rest_route=\/wp\/v2\/pages\/906\/revisions"}],"wp:attachment":[{"href":"https:\/\/old.lagornis.fr\/index.php?rest_route=%2Fwp%2Fv2%2Fmedia&parent=906"}],"curies":[{"name":"wp","href":"https:\/\/api.w.org\/{rel}","templated":true}]}}