{"id":898,"date":"2018-09-18T20:12:14","date_gmt":"2018-09-18T18:12:14","guid":{"rendered":"http:\/\/lagornis.monbacasable.fr\/?p=898"},"modified":"2018-09-18T20:12:14","modified_gmt":"2018-09-18T18:12:14","slug":"mythe-des-primordiaux","status":"publish","type":"page","link":"https:\/\/old.lagornis.fr\/?page_id=898","title":{"rendered":"Mythe des primordiaux"},"content":{"rendered":"\n<p>Depuis des g\u00e9n\u00e9rations des contes et l\u00e9gendes concernant un groupe d\u2019\u00eatre magique incroyablement puissant datant d&#8217;avant l\u2019existence de le magie. De nombreux aventuriers ont racont\u00e9 avoir rencontr\u00e9 et m\u00eame interagit avec certain de ces \u00eatres au fil des si\u00e8cles.<br>Ressemant, (en l&#8217;an 515 PG), de nombreux historiens et bardes racontent avoir \u00e9t\u00e9 en contact dans leur r\u00eave avec un individu se pressentant comme l\u2019\u00e9missaire de Jenny (parfois, nomm\u00e9 le gnome d&#8217;acier), cet individu s&#8217;identifie comme un aventurier ayant travailler pour lagorn et rencontr\u00e9 plusieurs des &#8220;primordiaux&#8221;.<\/p>\n\n\n\n<p>Voici, \u00e0 l&#8217;heure actuel, les informations poss\u00e9der par l&#8217;humanit\u00e9 :<\/p>\n\n\n\n<h6 class=\"wp-block-heading\">G\u00e9n\u00e9ralit\u00e9<\/h6>\n\n\n\n<p>Les primordiaux sont des individu constitu\u00e9 de magie primordial, et pr\u00e9sent sur terre depuis au moins aussi longtemps que la magie. Leur puissance est sup\u00e9rieur \u00e0 celle de toutes les cr\u00e9atures connu. Il y aurait une hi\u00e9rarchie parmi eux, certain se pr\u00e9sentant comme &#8220;de la m\u00eame famille&#8221;.&nbsp; Un certain nombre de loi leur sont impos\u00e9, notamment sur les interactions avec les \u00eatres sentiant, ceux ci n&#8217;aurait pas le droit de venir en aide \u00e0 des individu (il pourrait par contre \u00e9changer des services, et guider des individu).<\/p>\n\n\n\n<h6 class=\"wp-block-heading\">Lagorn<\/h6>\n\n\n\n<p>Il s&#8217;agit du plus puissant, r\u00e9f\u00e9rer comme &#8220;grand fr\u00e8re&#8221; ou &#8220;le chef&#8221;, il est celui qui a dict\u00e9 les lois sur la non intervention de son esp\u00e8ce. Malgres cela, il est celui ayant eu le plus d&#8217;intervention positive. Il aurait affront\u00e9 et bris\u00e9 le premier \u00e9l\u00e9mentaire, avant de donner une fraction de son pouvoir \u00e0 un groupe de villageois (cr\u00e9ant les premiers h\u00e9ros), cette \u00e9v\u00e9nement marqua le d\u00e9but de la riposte humaine qui permit \u00e0 l\u2019esp\u00e8ce de survivre \u00e0 la premi\u00e8re guerre, puis aux \u00e9poques difficiles ayant suivit. Il cr\u00e9a \u00e9galement les Qu\u00eates, recrutant des individu pour emp\u00eacher l&#8217;ouverture de nouveau portail, qualifiant cela d&#8217;une aide passive (il ne donne que peu d&#8217;information, et laissera aux aventurier les d\u00e9cisions concernant le r\u00e9sultat de la Quete).<\/p>\n\n\n\n<p>Il a \u00e9galement apport\u00e9 son aide \u00e0 certains individu (ses motivations demerant inconnu), son pouvoir et ses actions erratique ont laiss\u00e9 croire pendant des ann\u00e9es aux habitants de l&#8217;est de Lagornis que Lagorn \u00e9taient en r\u00e9alit\u00e9 un d\u00e9mon.<\/p>\n\n\n\n<p>C&#8217;est de son nom que se sont inspir\u00e9 les h\u00e9ros en nommant le continent, et un culte en son nom c&#8217;est form\u00e9 (malgr\u00e9 aucun lien confirm\u00e9 entre celui ci et Lagorn).<\/p>\n\n\n\n<h6 class=\"wp-block-heading\">Jenny<\/h6>\n\n\n\n<p>Elle est la cr\u00e9atrice de vie, cr\u00e9ant au fil des si\u00e8cles des dizaines de races magique. (les bouctours, les licornes, les lutins &#8230; ). Elle cr\u00e9a &#8220;la meute sauvage&#8221;, une horde de centaines de cr\u00e9atures magiques qui voyager \u00e0 travers le monde. C&#8217;est elle qui stabilisa les pouvoirs du roi dragon et lui donna la forme qu&#8217;il poss\u00e8de toujours aujourd&#8217;hui, et quand celui ci en exprima le d\u00e9sire, elle lui donna la possibilit\u00e9 d&#8217;engendr\u00e9 une descendance. Elle est au coeur de nombreuses l\u00e9gendes, comtes, et tradition chez les draconnides jusqu&#8217;a aujourd&#8217;hui.<\/p>\n\n\n\n<p>Lors de la guerre draconnide, (lorsque les Borg et leur alli\u00e9s ont attaqu\u00e9 l&#8217;empire dracronnide et g\u00e9nocidais cette race), elle l\u00e2cha la chasse sauvage dans la bataille, et participa aux combat. Ses actions provoqua la disparition du clan borg, elle fut banni par Lagorn hors du monde pour son intervention.<\/p>\n\n\n\n<p>Elle vit \u00e0 pr\u00e9sent dans une autre dimension, dans sa ferme o\u00f9 elle continu de cr\u00e9e des cr\u00e9ature. Elle observe toujours le monde, et interagit parfois avec les aventuriers via ses fid\u00e8les Lutins.<\/p>\n\n\n\n<h6 class=\"wp-block-heading\">L&#8217;ing\u00e9nieur<\/h6>\n\n\n\n<p>L&#8217;ing\u00e9nieur a longtemps \u00e9t\u00e9 pr\u00e9senter comme une l\u00e9gende naine\/gnome. Un ancien h\u00e9ros qui aurait b\u00e2ti la montagne vivante et le labyrinthe (voir les pages correspondantes) pour accroitre le pouvoir de son clan (selon l&#8217;interlocuteur, les nains ou les gnomes).<\/p>\n\n\n\n<p>L&#8217;ing\u00e9nieur (ou l\u2019architecte) est un cr\u00e9ateur d&#8217;objets magiques, au fils des si\u00e8cles il offra divers objets magiques aux humains. Aux individu ou pays ayant accomplit des actes extraordinaires le plus souvent, parfois cach\u00e9 dans des labyrinthes pi\u00e9g\u00e9, ces objets l\u00e9gendaires (qui utilisent la magie primordial) sont parfait.<\/p>\n\n\n\n<p>Les objets l\u00e9gendaires sont des objets magiques con\u00e7u pour accomplir une tache unique (tranch\u00e9, cr\u00e9e de l&#8217;eau, etc &#8230;), ils sont indestructible et accompliront toujours cette tache \u00e0 la perfection. La puissance de ces objets varie, (la boussole de riphu qui pointe toujours sur le lapin le plus proche, le marteau de Pyaru qui brise n&#8217;importe quelle objet). Le seul moyen de bloquer l&#8217;effet d&#8217;un objet l\u00e9gendaire est un autre objet l\u00e9gendaire.<\/p>\n\n\n\n<h6 class=\"wp-block-heading\">Le mage<\/h6>\n\n\n\n<p>Le mage est peu connu sur Lagornis, la plupart des informations sur cette \u00eatre proviennent du second continent ou des l\u00e9gendes saphiriennes. Ce serait lui qui aurait enseigner l&#8217;art de la magie aux humains.<\/p>\n\n\n\n<h6 class=\"wp-block-heading\">Justine<\/h6>\n\n\n\n<p>Il n&#8217;y a que peu d&#8217;information sur Justine, elle aurait un lien avec les fleurs d\u2019\u00e2me utiliser pour la cr\u00e9ation de potion de r\u00e9surrection. Elle aurait cr\u00e9\u00e9e les Titans, en reponse \u00e0 la creation des heros par Lagorn<\/p>\n\n\n\n<h6 class=\"wp-block-heading\">Thomas<\/h6>\n\n\n\n<p>&#8220;Le gar\u00e7on&#8221; ou &#8220;le maitre de la mort&#8221;, il domine le monde souterrain. Il aurait cr\u00e9\u00e9e le monde souterrain, et est donc \u00e0 l&#8217;origine de l&#8217;apr\u00e8s vie.<\/p>\n\n\n\n<h6 class=\"wp-block-heading\">Le forgeron<\/h6>\n\n\n\n<p><\/p>\n","protected":false},"excerpt":{"rendered":"<p>Depuis des g\u00e9n\u00e9rations des contes et l\u00e9gendes concernant un groupe d\u2019\u00eatre magique incroyablement puissant datant d&#8217;avant l\u2019existence de le magie. De nombreux aventuriers ont racont\u00e9 avoir rencontr\u00e9 et m\u00eame interagit avec certain de ces \u00eatres au fil des si\u00e8cles.Ressemant, (en l&#8217;an 515 PG), de nombreux historiens et bardes racontent avoir \u00e9t\u00e9 en contact dans leur &hellip; <a href=\"https:\/\/old.lagornis.fr\/?page_id=898\" class=\"more-link\">Continue reading <span class=\"screen-reader-text\">Mythe des primordiaux<\/span> <span class=\"meta-nav\">&rarr;<\/span><\/a><\/p>\n","protected":false},"author":1,"featured_media":0,"parent":2280,"menu_order":7,"comment_status":"open","ping_status":"closed","template":"template_categorie.php","meta":{"footnotes":""},"class_list":["post-898","page","type-page","status-publish","hentry"],"_links":{"self":[{"href":"https:\/\/old.lagornis.fr\/index.php?rest_route=\/wp\/v2\/pages\/898","targetHints":{"allow":["GET"]}}],"collection":[{"href":"https:\/\/old.lagornis.fr\/index.php?rest_route=\/wp\/v2\/pages"}],"about":[{"href":"https:\/\/old.lagornis.fr\/index.php?rest_route=\/wp\/v2\/types\/page"}],"author":[{"embeddable":true,"href":"https:\/\/old.lagornis.fr\/index.php?rest_route=\/wp\/v2\/users\/1"}],"replies":[{"embeddable":true,"href":"https:\/\/old.lagornis.fr\/index.php?rest_route=%2Fwp%2Fv2%2Fcomments&post=898"}],"version-history":[{"count":0,"href":"https:\/\/old.lagornis.fr\/index.php?rest_route=\/wp\/v2\/pages\/898\/revisions"}],"up":[{"embeddable":true,"href":"https:\/\/old.lagornis.fr\/index.php?rest_route=\/wp\/v2\/pages\/2280"}],"wp:attachment":[{"href":"https:\/\/old.lagornis.fr\/index.php?rest_route=%2Fwp%2Fv2%2Fmedia&parent=898"}],"curies":[{"name":"wp","href":"https:\/\/api.w.org\/{rel}","templated":true}]}}