{"id":892,"date":"2018-09-05T19:15:43","date_gmt":"2018-09-05T17:15:43","guid":{"rendered":"http:\/\/lagornis.monbacasable.fr\/?p=892"},"modified":"2018-09-05T19:15:43","modified_gmt":"2018-09-05T17:15:43","slug":"gestion-du-poid","status":"publish","type":"page","link":"https:\/\/old.lagornis.fr\/?page_id=892","title":{"rendered":"Gestion du poid"},"content":{"rendered":"<p>[\/su_spoiler]<br \/>\n[su_spoiler title=&#8221;Sac \u00e0 dos&#8221; style=&#8221;fancy&#8221; anchor=&#8221;Sac&#8221;]Un personnage peut porter un sac \u00e0 dos par dessus n&#8217;importe quelle armure, cependant, \u00e0 partir d&#8217;un certain palier (defini par la force, la qualit\u00e9 du sac, et la comp\u00e9tence de sac \u00e0 dos) il commence \u00e0 subir des malus d&#8217;armure tant qu&#8217;il porte son sac. (g\u00e9n\u00e9ralement la plupart des sac d&#8217;aventurier comprennent un moyen facile pour laisser le sac tomber au sol en cas de combat impromptue. Les malus sont les suivant : +1 malus arriv\u00e9 au max (par exemple, avec 2 de force et un sac standard : 20kg) +1 malus au double du max (dans notre exemple, 40kg) +1 malus pour chaque 10 kg suppl\u00e9mentaire (jusqu&#8217;\u00e0 4 fois le max. Ici 80kg). +1 malus\/kg suivant.[\/su_spoiler]<\/p>\n","protected":false},"excerpt":{"rendered":"<p>[\/su_spoiler] [su_spoiler title=&#8221;Sac \u00e0 dos&#8221; style=&#8221;fancy&#8221; anchor=&#8221;Sac&#8221;]Un personnage peut porter un sac \u00e0 dos par dessus n&#8217;importe quelle armure, cependant, \u00e0 partir d&#8217;un certain palier (defini par la force, la qualit\u00e9 du sac, et la comp\u00e9tence de sac \u00e0 dos) il commence \u00e0 subir des malus d&#8217;armure tant qu&#8217;il porte son sac. (g\u00e9n\u00e9ralement la plupart &hellip; <a href=\"https:\/\/old.lagornis.fr\/?page_id=892\" class=\"more-link\">Continue reading <span class=\"screen-reader-text\">Gestion du poid<\/span> <span class=\"meta-nav\">&rarr;<\/span><\/a><\/p>\n","protected":false},"author":1,"featured_media":0,"parent":2697,"menu_order":0,"comment_status":"open","ping_status":"closed","template":"","meta":{"footnotes":""},"class_list":["post-892","page","type-page","status-publish","hentry"],"_links":{"self":[{"href":"https:\/\/old.lagornis.fr\/index.php?rest_route=\/wp\/v2\/pages\/892","targetHints":{"allow":["GET"]}}],"collection":[{"href":"https:\/\/old.lagornis.fr\/index.php?rest_route=\/wp\/v2\/pages"}],"about":[{"href":"https:\/\/old.lagornis.fr\/index.php?rest_route=\/wp\/v2\/types\/page"}],"author":[{"embeddable":true,"href":"https:\/\/old.lagornis.fr\/index.php?rest_route=\/wp\/v2\/users\/1"}],"replies":[{"embeddable":true,"href":"https:\/\/old.lagornis.fr\/index.php?rest_route=%2Fwp%2Fv2%2Fcomments&post=892"}],"version-history":[{"count":0,"href":"https:\/\/old.lagornis.fr\/index.php?rest_route=\/wp\/v2\/pages\/892\/revisions"}],"up":[{"embeddable":true,"href":"https:\/\/old.lagornis.fr\/index.php?rest_route=\/wp\/v2\/pages\/2697"}],"wp:attachment":[{"href":"https:\/\/old.lagornis.fr\/index.php?rest_route=%2Fwp%2Fv2%2Fmedia&parent=892"}],"curies":[{"name":"wp","href":"https:\/\/api.w.org\/{rel}","templated":true}]}}