{"id":866,"date":"2018-09-05T14:16:03","date_gmt":"2018-09-05T12:16:03","guid":{"rendered":"http:\/\/lagornis.monbacasable.fr\/?page_id=866"},"modified":"2018-09-05T14:16:03","modified_gmt":"2018-09-05T12:16:03","slug":"achat-competences","status":"publish","type":"page","link":"https:\/\/old.lagornis.fr\/?page_id=866","title":{"rendered":"Achat comp\u00e9tences"},"content":{"rendered":"\n<p>Pour enseigner\/ Apprendre une comp\u00e9tence, le maitre doit avoir 5 niveaux de plus que la comp\u00e9tence vis\u00e9.<br>L&#8217;augmentation est faite en maitrise + puissance simultan\u00e9ment.<\/p>\n\n\n\n<table class=\"wp-block-table\"><tbody><tr><td>&nbsp;<\/td><td>&nbsp;<\/td><td>Comp\u00e9tences<\/td><td>&nbsp;<\/td><td>&nbsp;<\/td><\/tr><tr><td><strong>Classe du ma\u00eetre<\/strong><\/td><td>Niveau 10<\/td><td>Niveau 8<\/td><td>Niveau 5<\/td><td>Dur\u00e9e ( * niveau de la comp\u00e9tence vis\u00e9)<\/td><\/tr><tr><td>Chevalier<\/td><td>19<\/td><td>9<\/td><td>6<\/td><td>1 semaine<\/td><\/tr><tr><td>Pr\u00eatre<\/td><td>35<\/td><td>19<\/td><td>13<\/td><td>3 semaines<\/td><\/tr><tr><td>Mage<\/td><td>63<\/td><td>35<\/td><td>17<\/td><td>5 semaines<\/td><\/tr><tr><td>Voleur<\/td><td>23<\/td><td>13<\/td><td>8<\/td><td>2 jours<\/td><\/tr><tr><td>Ranger<\/td><td>18<\/td><td>13<\/td><td>8<\/td><td>5 jours<\/td><\/tr><tr><td>Spadassin<\/td><td>22<\/td><td>14<\/td><td>8<\/td><td>2 semaines<\/td><\/tr><tr><td>Ing\u00e9nieur\/forgeron<\/td><td>38<\/td><td>25<\/td><td>12<\/td><td>5 semaines<\/td><\/tr><\/tbody><\/table>\n\n\n\n<p>Pour apprendre la classe, il faut un maitre de niveau 8 minimum. Le cout (et le temps) \u00e9quivaut \u00e0 celui d&#8217;apprentissage d&#8217;une comp\u00e9tence de niveau 0 * 8<\/p>\n","protected":false},"excerpt":{"rendered":"<p>Pour enseigner\/ Apprendre une comp\u00e9tence, le maitre doit avoir 5 niveaux de plus que la comp\u00e9tence vis\u00e9.L&#8217;augmentation est faite en maitrise + puissance simultan\u00e9ment. &nbsp; &nbsp; Comp\u00e9tences &nbsp; &nbsp; Classe du ma\u00eetre Niveau 10 Niveau 8 Niveau 5 Dur\u00e9e ( * niveau de la comp\u00e9tence vis\u00e9) Chevalier 19 9 6 1 semaine Pr\u00eatre 35 19 &hellip; <a href=\"https:\/\/old.lagornis.fr\/?page_id=866\" class=\"more-link\">Continue reading <span class=\"screen-reader-text\">Achat comp\u00e9tences<\/span> <span class=\"meta-nav\">&rarr;<\/span><\/a><\/p>\n","protected":false},"author":1,"featured_media":0,"parent":2415,"menu_order":0,"comment_status":"closed","ping_status":"closed","template":"","meta":{"footnotes":""},"class_list":["post-866","page","type-page","status-publish","hentry"],"_links":{"self":[{"href":"https:\/\/old.lagornis.fr\/index.php?rest_route=\/wp\/v2\/pages\/866","targetHints":{"allow":["GET"]}}],"collection":[{"href":"https:\/\/old.lagornis.fr\/index.php?rest_route=\/wp\/v2\/pages"}],"about":[{"href":"https:\/\/old.lagornis.fr\/index.php?rest_route=\/wp\/v2\/types\/page"}],"author":[{"embeddable":true,"href":"https:\/\/old.lagornis.fr\/index.php?rest_route=\/wp\/v2\/users\/1"}],"replies":[{"embeddable":true,"href":"https:\/\/old.lagornis.fr\/index.php?rest_route=%2Fwp%2Fv2%2Fcomments&post=866"}],"version-history":[{"count":0,"href":"https:\/\/old.lagornis.fr\/index.php?rest_route=\/wp\/v2\/pages\/866\/revisions"}],"up":[{"embeddable":true,"href":"https:\/\/old.lagornis.fr\/index.php?rest_route=\/wp\/v2\/pages\/2415"}],"wp:attachment":[{"href":"https:\/\/old.lagornis.fr\/index.php?rest_route=%2Fwp%2Fv2%2Fmedia&parent=866"}],"curies":[{"name":"wp","href":"https:\/\/api.w.org\/{rel}","templated":true}]}}