{"id":85,"date":"2017-10-16T12:35:47","date_gmt":"2017-10-16T10:35:47","guid":{"rendered":"http:\/\/lagornis.monbacasable.fr\/?p=85"},"modified":"2017-10-16T12:35:47","modified_gmt":"2017-10-16T10:35:47","slug":"demi-elementaire","status":"publish","type":"page","link":"https:\/\/old.lagornis.fr\/?page_id=85","title":{"rendered":"Demi \u00e9l\u00e9mentaire"},"content":{"rendered":"<p>Les Demi-\u00e9l\u00e9mentaires sont des individu ( ind\u00e9pendamment de leur race ) ayant un anc\u00eatre \u00e9l\u00e9mentaire. Ils g\u00e9n\u00e8rent et manipulent la magie \u00e9l\u00e9mentaire li\u00e9 \u00e0 leur \u00e9l\u00e9ment.<\/p>\n","protected":false},"excerpt":{"rendered":"<p>Les Demi-\u00e9l\u00e9mentaires sont des individu ( ind\u00e9pendamment de leur race ) ayant un anc\u00eatre \u00e9l\u00e9mentaire. Ils g\u00e9n\u00e8rent et manipulent la magie \u00e9l\u00e9mentaire li\u00e9 \u00e0 leur \u00e9l\u00e9ment.<\/p>\n","protected":false},"author":1,"featured_media":0,"parent":0,"menu_order":0,"comment_status":"open","ping_status":"open","template":"template_in_progress.php","meta":{"footnotes":""},"class_list":["post-85","page","type-page","status-publish","hentry"],"_links":{"self":[{"href":"https:\/\/old.lagornis.fr\/index.php?rest_route=\/wp\/v2\/pages\/85","targetHints":{"allow":["GET"]}}],"collection":[{"href":"https:\/\/old.lagornis.fr\/index.php?rest_route=\/wp\/v2\/pages"}],"about":[{"href":"https:\/\/old.lagornis.fr\/index.php?rest_route=\/wp\/v2\/types\/page"}],"author":[{"embeddable":true,"href":"https:\/\/old.lagornis.fr\/index.php?rest_route=\/wp\/v2\/users\/1"}],"replies":[{"embeddable":true,"href":"https:\/\/old.lagornis.fr\/index.php?rest_route=%2Fwp%2Fv2%2Fcomments&post=85"}],"version-history":[{"count":0,"href":"https:\/\/old.lagornis.fr\/index.php?rest_route=\/wp\/v2\/pages\/85\/revisions"}],"wp:attachment":[{"href":"https:\/\/old.lagornis.fr\/index.php?rest_route=%2Fwp%2Fv2%2Fmedia&parent=85"}],"curies":[{"name":"wp","href":"https:\/\/api.w.org\/{rel}","templated":true}]}}