{"id":840,"date":"2018-09-05T12:12:42","date_gmt":"2018-09-05T10:12:42","guid":{"rendered":"http:\/\/lagornis.monbacasable.fr\/?p=840"},"modified":"2018-09-05T12:12:42","modified_gmt":"2018-09-05T10:12:42","slug":"casma","status":"publish","type":"page","link":"https:\/\/old.lagornis.fr\/?page_id=840","title":{"rendered":"casma"},"content":{"rendered":"<p>Le royaume de casma est un vaste royaume agricole de l&#8217;ouest de lagornis. Il \u00e9tait dirig\u00e9 par une dynastie de roi depuis sa cr\u00e9ation, jusqu&#8217;en 510 PG o\u00f9 Marho, une d\u00e9esse de la mine, pris le pouvoir. Elle cr\u00e9a une vaste arm\u00e9e dans le but d&#8217;attaqu\u00e9 la montagne vivante et en prendre le controle au profit de casma. L&#8217;une des motivations du peuple de casma dans cette guerre (et la raison pour laquelle ils ont renvers\u00e9 leur roi en faveur de Marho) \u00e9tait un racisme latent \u00e0 l&#8217;encontre des fourtar,des nains et des gnomes qu&#8217;il consid\u00e9r\u00e9 comme des esclaves.<\/p>\n<p>La guerre se termina en 511PG avec la d\u00e9faite de casma lors de l&#8217;ouverture de la montagne vivante (voir montagne vivante), qui apporta un soutient important aux troupes assi\u00e9g\u00e9.<\/p>\n<p>Depuis lors, casma est sous tutelle de la montagne vivante, l&#8217;esclavage \u00e0 \u00e9t\u00e9 aboli.<\/p>\n<p>La population de casma est majoritairement constitu\u00e9 de patho, avec une faible proportion de f\u00e9e et d&#8217;elfe grandement s\u00e9gr\u00e9g\u00e9.<\/p>\n","protected":false},"excerpt":{"rendered":"<p>Le royaume de casma est un vaste royaume agricole de l&#8217;ouest de lagornis. Il \u00e9tait dirig\u00e9 par une dynastie de roi depuis sa cr\u00e9ation, jusqu&#8217;en 510 PG o\u00f9 Marho, une d\u00e9esse de la mine, pris le pouvoir. Elle cr\u00e9a une vaste arm\u00e9e dans le but d&#8217;attaqu\u00e9 la montagne vivante et en prendre le controle au &hellip; <a href=\"https:\/\/old.lagornis.fr\/?page_id=840\" class=\"more-link\">Continue reading <span class=\"screen-reader-text\">casma<\/span> <span class=\"meta-nav\">&rarr;<\/span><\/a><\/p>\n","protected":false},"author":1,"featured_media":0,"parent":2607,"menu_order":0,"comment_status":"open","ping_status":"closed","template":"","meta":{"footnotes":""},"class_list":["post-840","page","type-page","status-publish","hentry"],"_links":{"self":[{"href":"https:\/\/old.lagornis.fr\/index.php?rest_route=\/wp\/v2\/pages\/840","targetHints":{"allow":["GET"]}}],"collection":[{"href":"https:\/\/old.lagornis.fr\/index.php?rest_route=\/wp\/v2\/pages"}],"about":[{"href":"https:\/\/old.lagornis.fr\/index.php?rest_route=\/wp\/v2\/types\/page"}],"author":[{"embeddable":true,"href":"https:\/\/old.lagornis.fr\/index.php?rest_route=\/wp\/v2\/users\/1"}],"replies":[{"embeddable":true,"href":"https:\/\/old.lagornis.fr\/index.php?rest_route=%2Fwp%2Fv2%2Fcomments&post=840"}],"version-history":[{"count":0,"href":"https:\/\/old.lagornis.fr\/index.php?rest_route=\/wp\/v2\/pages\/840\/revisions"}],"up":[{"embeddable":true,"href":"https:\/\/old.lagornis.fr\/index.php?rest_route=\/wp\/v2\/pages\/2607"}],"wp:attachment":[{"href":"https:\/\/old.lagornis.fr\/index.php?rest_route=%2Fwp%2Fv2%2Fmedia&parent=840"}],"curies":[{"name":"wp","href":"https:\/\/api.w.org\/{rel}","templated":true}]}}