{"id":708,"date":"2018-08-10T14:03:41","date_gmt":"2018-08-10T12:03:41","guid":{"rendered":"http:\/\/lagornis.monbacasable.fr\/?page_id=708"},"modified":"2018-08-10T14:03:41","modified_gmt":"2018-08-10T12:03:41","slug":"change-log","status":"publish","type":"page","link":"https:\/\/old.lagornis.fr\/?page_id=708","title":{"rendered":"Change log"},"content":{"rendered":"\n<p>2.8.0 (29\/06\/19)<\/p>\n\n\n\n<p>Lore<\/p>\n\n\n\n<ul class=\"wp-block-list\"><li>Ajout lore <a href=\"http:\/\/lagornis.fr\/bestiaire\/humanoides\/loups-garous\/\">loup garou<\/a><\/li><li>Ajout lore <a href=\"http:\/\/lagornis.fr\/bestiaire\/humanoides\/vampires\/\">Vampire<\/a><\/li><li>Ajout cat\u00e9gorie du <a href=\"http:\/\/lagornis.fr\/bestiaire\/\">bestiaire<\/a><\/li><li>Ajout d&#8217;une<a href=\"http:\/\/lagornis.fr\/histoire\/\"> frise historique<\/a><\/li><li>Ajout lore sur <a href=\"http:\/\/lagornis.fr\/panselenos\/\">panselenos<\/a><\/li><\/ul>\n\n\n\n<p>Gameplay \/ site<\/p>\n\n\n\n<ul class=\"wp-block-list\"><li>Ajout des pouvoirs (sorts speciaux) <\/li><li>Modification de la page <a href=\"http:\/\/lagornis.fr\/competences\/magie\/\">Magie<\/a> pour mieux expliquer le fonctionnement des sorts et ajouter les pouvoirs<\/li><li>Listage des <a href=\"http:\/\/lagornis.fr\/competences\/magie\/ecole-profane\/\">\u00e9coles de magie profane<\/a><\/li><li>Ajout de <a href=\"http:\/\/lagornis.fr\/competences\/\">comp\u00e9tences <\/a>armes futuristes<\/li><li>Ajout de la page <a href=\"http:\/\/lagornis.fr\/voyage\/\">Voyage <\/a>(\u00e9bauche ) <\/li><li>Modification des cat\u00e9gorie\/ arborescence du site, en cours. <\/li><li>Changement de pages <a href=\"http:\/\/lagornis.fr\/caracteristiques\/talents-caracteristiques\/\">talents caract\u00e9ristiques<\/a> (modif dext\u00e9rit\u00e9 et adresse 6 ) <\/li><\/ul>\n\n\n\n<p>2.7.0 (23\/05\/19)<\/p>\n\n\n\n<ul class=\"wp-block-list\"><li>Modification des <a href=\"http:\/\/lagornis.fr\/competences\/\">comp\u00e9tences <\/a>: &#8220;forge&#8221; ambidextrie, \u00e9quitation, <\/li><li>Modification des prix Armes\/Armures (la fa\u00e7on de calculer le prix, et les calculs de difficult\u00e9 de forge)<\/li><li>Ajouts de contenu dans les objets magiques \/ enchantements (still in progress)<\/li><li>Ajout de mutation\/mal\u00e9diction (en cours)<\/li><li>Ajout du fonctionnement du &#8220;<a href=\"http:\/\/lagornis.fr\/passer-le-temps\/\">temps hors jeu<\/a>&#8220;<\/li><li>Ajout des <a href=\"http:\/\/lagornis.fr\/actions-services-secrets-nains\/\">services secrets nains<\/a> (dans le cadre des actions faisable pour les personnages membre de l&#8217;organisation)<\/li><li>Modification du calcul <a href=\"http:\/\/lagornis.fr\/aura-magique\/\">d&#8217;aura magique<\/a> (elle devrais etre plus importante pour tous le monde ) <\/li><li>Corrections erreur page des classes<\/li><li>Modifier certains effets de fatigues<\/li><li>Ajouter des sorts <\/li><li>Quelques petits trucs par ci par la<\/li><\/ul>\n\n\n\n<p>2.6.2 (08\/05\/19)<\/p>\n\n\n\n<ul class=\"wp-block-list\"><li>Modification comp\u00e9tences &#8220;brutal&#8221; et &#8220;coup intrepide&#8221;. L\u00e9ger nerf<\/li><li>Ajout de la cat\u00e9gorie mal\u00e9diction \u00e0 la page <a href=\"http:\/\/lagornis.fr\/mutations\/\">Mutation\/Mal\u00e9diction<\/a><\/li><li>L\u00e9g\u00e8re clarification dans le texte de classe.<\/li><li>Ajout des balles explosive dans la page <a href=\"http:\/\/lagornis.fr\/armes\/\">arme<\/a><\/li><li>Mise a jour comp\u00e9tence arme \u00e0 feu<\/li><\/ul>\n\n\n\n<p>2.6.1 (15\/04\/19)<\/p>\n\n\n\n<ul class=\"wp-block-list\"><li>Ajout de la comp\u00e9tence combat bestial.<\/li><li>Refonte des <a href=\"http:\/\/lagornis.fr\/loup-garou\/\">loups garous <\/a><\/li><li>Ajout de mutations.<\/li><li>Mise en place pour la mise \u00e0 jour &#8220;lore des cr\u00e9atures&#8221; \u00e0 venir<\/li><li>Modification de plusieurs effets de destins (pour prendre en compte les changements de mutation)<\/li><li>Ajout des couts moyens pour l&#8217;am\u00e9lioration d&#8217;une arme.<\/li><li>Ajout des r\u00e8gles sur la durabilit\u00e9 des armes.<\/li><li>Modification du syst\u00e8me de prix des armes, tous est plus ch\u00e8re. <\/li><\/ul>\n\n\n\n<p>2.6 (29\/03\/19)<\/p>\n\n\n\n<ul class=\"wp-block-list\"><li>Ajout des regles concernant<a href=\"http:\/\/lagornis.fr\/degats-de-chute\/\"> les d\u00e9g\u00e2ts de chute<\/a> <\/li><li> Ajout de la comp\u00e9tence &#8220;coup sournois&#8221;<\/li><li>Modification de la classe assassin (retrait de coup final, et ajout de coup sournois ) <\/li><li>Modification de la classe voleur (retrait de ambidextrie, et ajout de coup sournois)<\/li><li>Inversion des malus d&#8217;armures 1 et 2 (avant 1: -1 esquive 2: -1 natation )  <\/li><\/ul>\n\n\n\n<p>2.5.8 (26\/03\/19)<\/p>\n\n\n\n<p>Regles<\/p>\n\n\n\n<ul class=\"wp-block-list\"><li>Ajout du talent &#8220;adepte des cercles&#8221; (un talent pour une classe de mage particuli\u00e8re )<\/li><li>Ajout de mutations &#8220;dragon&#8221;<\/li><li>Ajout des capacit\u00e9s de cr\u00e9atures (des comp\u00e9tences specifiques au cr\u00e9atures, normalement pas accessibles aux humains)<\/li><li>Ajout des races  <a href=\"http:\/\/lagornis.fr\/races-panceleniennes\/\">panceleniennes <\/a>(reserv\u00e9 aux scenarios prennant place \u00e0  Pans\u00e9l\u00eanos )<\/li><\/ul>\n\n\n\n<p>Lore<\/p>\n\n\n\n<ul class=\"wp-block-list\"><li> Ajout de l&#8217;article sur les Mo\u00efra (mot de passe &#8220;bouctours&#8221; ) <\/li><li>Ajout de  <a href=\"http:\/\/lagornis.fr\/panselenos\/\">Pans\u00e9l\u00eanos  <\/a>(pas encore accessible ) <\/li><\/ul>\n\n\n\n<p>2.5.7 (09\/03\/19)<\/p>\n\n\n\n<ul class=\"wp-block-list\"><li>Modification comp\u00e9tence r\u00e9flexe<\/li><li>Modification comp\u00e9tence acrobatie<\/li><li>Ajout comp\u00e9tence &#8220;\u00c9tiquette&#8221;<\/li><li>Modification comp\u00e9tence Coup fatal.<\/li><li>Correction erreur sur les bonus de neo draconide<\/li><li>Modification pouvoir raciaux lezlo<\/li><li>Ajout des pages &#8220;enchantement&#8221; et &#8220;mutation&#8221;, pour la prochaine mise \u00e0 jour<\/li><li>Ajout du<a href=\"http:\/\/lagornis.fr\/calendrier\/\"> calendrier de la lagornis<\/a> <\/li><\/ul>\n\n\n\n<p>2.5.6(05\/02\/19)<\/p>\n\n\n\n<ul class=\"wp-block-list\"><li>Ajout de sorts \u00e0 la liste de sorts.<\/li><li>Ajout des <a href=\"http:\/\/lagornis.fr\/gobelin\/\">gobelins du d\u00e9sert<\/a><\/li><li>Ajout du talent &#8220;<a href=\"http:\/\/lagornis.fr\/talents\/#arme_lie\">arme li\u00e9<\/a>&#8220;<\/li><li><\/li><\/ul>\n\n\n\n<p>2.5.5(30\/01\/19)<\/p>\n\n\n\n<ul class=\"wp-block-list\"><li>Ajout de la page &#8220;<a href=\"http:\/\/lagornis.fr\/fuego\/\">Fuego<\/a>&#8220;<\/li><li>Changement de la page &#8220;<a href=\"http:\/\/lagornis.fr\/tombebatia\/\">Tomebatia<\/a>&#8220;<\/li><li>Ajout du calendrier du monde (c&#8217;est bien trop compliquer pour ce que c&#8217;est ) <\/li><li>Ajout de la regle sur les <a href=\"http:\/\/lagornis.fr\/aura-magique\/\">aura magique<\/a><\/li><li>Ajout des comp\u00e9tences de <a href=\"http:\/\/lagornis.fr\/competences\/\">perception magique<\/a><\/li><li>Ajout de l&#8217;article sur l&#8217;histoire de la <a href=\"http:\/\/lagornis.fr\/formation-de-draam\/\">formation de Draam<\/a><\/li><li>Modification des talents <a href=\"http:\/\/lagornis.fr\/talents\/#chanceux\">chanceux<\/a> et <a href=\"http:\/\/lagornis.fr\/talents\/#poissard\">poissard<\/a> (inversion de p1 et p2)<\/li><li>Ajout des r\u00e8gles sur le combat.<\/li><li>Autre changements mais mon plugin fait un peu de la merde alors je sais plus trop &#8230; <\/li><\/ul>\n\n\n\n<p>2.5.4(20\/01\/19)<\/p>\n\n\n\n<ul class=\"wp-block-list\"><li>Ajout du talent <a href=\"http:\/\/lagornis.fr\/talents\/#poissard\">poissard <\/a><\/li><li>Ajout race lezlo du desert <\/li><li>Ajout des background changement arme et changement comp\u00e9tence<\/li><li>Modification du background poissard<\/li><li>Ajout de la classe <a href=\"http:\/\/lagornis.fr\/classes#Classe_chasseur\">chasseur de monstre<\/a><\/li><li>Ajout talent &#8220;<a href=\"http:\/\/lagornis.fr\/talents#lien_compagnon\">lien compagnon<\/a>&#8220;<\/li><li>Ajout de <a href=\"http:\/\/lagornis.fr\/armes\/\">l&#8217;acier tomebatien <\/a><\/li><li>Ajout d&#8217;information sur <a rel=\"noreferrer noopener\" aria-label=\"tomebatia (s\u2019ouvre dans un nouvel onglet)\" href=\"http:\/\/lagornis.fr\/tombebatia\/\" target=\"_blank\">tomebatia<\/a><\/li><li><\/li><\/ul>\n\n\n\n<p>2.5.3(18\/01\/19)\n-Ajout talent <a href=\"http:\/\/lagornis.fr\/talents\/#demi_elementaireantaire\">demi-\u00e9l\u00e9mentaire<\/a><\/p>\n\n\n\n<p>2.5.2 (15\/01\/19)<\/p>\n\n\n\n<p>-Ajout du talent &#8220;<a href=\"http:\/\/lagornis.fr\/talents\/#maitre_impro\">maitre de improvisation<\/a>&#8220;<\/p>\n\n\n\n<p>-Ajout des comp\u00e9tences &#8220;improvisation&#8221; et &#8220;Arme improvis\u00e9&#8221;<\/p>\n\n\n\n<p>-Ajout de la comp\u00e9tence &#8220;mendicit\u00e9&#8221;<\/p>\n\n\n\n<p>-Ajout d&#8217;une page explicative sur le <a href=\"http:\/\/lagornis.fr\/combat\/\">fonctionnement des combats<\/a><\/p>\n\n\n\n<p>-D\u00e9but de l&#8217;ajout des sorts \u00e0 la liste des sorts.<\/p>\n\n\n\n<p>-Petite modification pouvoir racial m\u00e9tamorphe (ajout de soin mineur p1, boost de la p3)<\/p>\n\n\n\n<p>2.5.1(14\/01\/19)<\/p>\n\n\n\n<p>-Ajout des <a href=\"http:\/\/lagornis.fr\/talents\/\">talents<\/a> correspondant aux types de magie profanes apprises.<\/p>\n\n\n\n<p>-Ajout des types de magie profanes variables <a rel=\"noopener noreferrer\" href=\"http:\/\/lagornis.fr\/utilisation-de-la-magie\/\" target=\"_blank\">utilisation de la magie<\/a><\/p>\n\n\n\n<p>-La page d&#8217;affichage des sorts affiche les sorts correspondant (manque quelques options de filtrages ainsi qu&#8217;un design propre.)<\/p>\n\n\n\n<p>-Ajout de la page<a href=\"http:\/\/lagornis.fr\/magasin-de-satan\/\"> magasin de satan<\/a> (r\u00e9server aux joueurs ayant une pi\u00e8ce de satan (ou les tipeurs \ud83d\ude09 )<\/p>\n\n\n\n<p>-Ajout d&#8217;un <a href=\"http:\/\/lagornis.fr\/background\/\">background&nbsp;<\/a> permettant de d\u00e9buter avec la magie runic.<\/p>\n\n\n\n<p>-Mise \u00e0 jour de wordpress (je pense pas que sa change grand chose niveau utilisateur, mais au cas o\u00f9 y a des bugs \u00e0 faire remonter )<\/p>\n\n\n\n<p>-Changement maitrises d&#8217;armes, ajout de la comp\u00e9tence &#8220;coup de manche&#8221;<\/p>\n\n\n\n<p>2.5 (13\/01\/19)<br>&#8211; Leger changement de phrase sur <a href=\"http:\/\/lagornis.fr\/fatigue_volonte\/\" target=\"_blank\" rel=\"noopener noreferrer\">volont\u00e9\/fatigue<\/a><br>&#8211; Modification de <a href=\"http:\/\/lagornis.fr\/competences\/\" target=\"_blank\" rel=\"noopener noreferrer\">Comp\u00e9tences<\/a> : Suppression des comp\u00e9tences \u00e9piques et maitrise \u00e9l\u00e9mentaire , r\u00e9\u00e9criture de la parade. Ajout de la description de la cartographie et m\u00e9ditation. Modification des prix cr\u00e9ation parchemins\/baguettes<br>&#8211; Ajout du talent <a href=\"http:\/\/lagornis.fr\/talents#chanceux\" target=\"_blank\" rel=\"noopener noreferrer\">Chanceux<\/a><br>&#8211; Ajout du talent <a href=\"http:\/\/lagornis.fr\/talents#demi_demon\" target=\"_blank\" rel=\"noopener noreferrer\">Demi-demon<\/a><br>&#8211; Ajout du talent <a href=\"http:\/\/lagornis.fr\/talents#puit_pouvoir\" target=\"_blank\" rel=\"noopener noreferrer\">puits de pouvoir<\/a><br>&#8211; R\u00e9\u00e9criture de certains talents (demi d\u00e9mon, chanceux, )<br>&#8211; Ajout du <a href=\"http:\/\/lagornis.fr\/background\/\" target=\"_blank\" rel=\"noopener noreferrer\">background <\/a>traumatiser<br>&#8211; Ajout de la comp\u00e9tence &#8220;connaissance lieu&#8221;<br>&#8211; L\u00e9ger changement dans la description de la race rare &#8220;m\u00e9tamorphe&#8221;<br>&#8211; Ajout de la notion de &#8220;salaire&#8221; dans les classes (pas encore fonctionnelle, article en cour d\u2019\u00e9criture)<br>&#8211; Mise en marche d&#8217;une page d&#8217;affichage des sorts interactives. (Mise en place de la BDD + d\u00e9but du code d&#8217;affichage. JS non commenc\u00e9)<br>&#8211; Changement du background &#8220;race hybride&#8221; : n&#8217;est plus compatible avec les races rares.<br>&#8211; Ajout de l&#8217;objet &#8220;pierre de vie&#8221; -&gt; un objet de soin alternatif aux potions, fabricable par les pr\u00eatres (le sort correspond n&#8217;a pas encore \u00e9t\u00e9 \u00e9crit )<\/p>\n\n\n\n<p>2.4(03\/01\/19)<br>&#8211; Changement du layout des listes de <a href=\"http:\/\/lagornis.fr\/magie-profane\/\">magie <\/a>et de <a href=\"http:\/\/lagornis.fr\/priere\/\">priere<\/a><br>&#8211; Centralisation des infos sur <a href=\"http:\/\/lagornis.fr\/utilisation-de-la-magie\/\">l&#8217;utilisation de la magie<\/a><br>&#8211; Changement dans le menu<br>2.3.1(30\/12\/18)<br>&#8211; Ajout des <a href=\"http:\/\/lagornis.fr\/aspects-de-prieres\/\" target=\"_blank\" rel=\"noopener noreferrer\">aspects de pri\u00e8res <\/a><br>&#8211; Ajout de la pri\u00e8re <a href=\"http:\/\/lagornis.fr\/priere\/#calmer\" target=\"_blank\" rel=\"noopener noreferrer\">calmer<\/a><br>&#8211; Ajout du talent <a href=\"http:\/\/lagornis.fr\/talents#esprit_du_pacifisme\" target=\"_blank\" rel=\"noopener noreferrer\">esprit du pacifisme<\/a><br>&#8211; Ajout du titre <a href=\"http:\/\/lagornis.fr\/talents#Titre_flamme_dor\" target=\"_blank\" rel=\"noopener noreferrer\">flamme d&#8217;or<\/a><br>&#8211; Ajout du tatouage titanesque <a href=\"http:\/\/lagornis.fr\/talents#Tatouage_Ocean\" target=\"_blank\" rel=\"noopener noreferrer\">tatouage ocean<\/a><br>2.3 (28\/12\/18)<br>&#8211; R\u00e9\u00e9criture de l&#8217;article sur la cr\u00e9ation des personnages : <a href=\"http:\/\/lagornis.fr\/creation-de-personnage\/\">creation de personnage<\/a><br>&#8211; Ajout articles explicatif sur la difference <a href=\"http:\/\/lagornis.fr\/points-de-magie-et-points-de-magie-du-culte\/\">pm\/pmc <\/a><br>&#8211; ajout article sur les <a href=\"http:\/\/lagornis.fr\/trolls\/\">trolls <\/a><br>&#8211; Ajout \u00e9bauche article sur <a href=\"http:\/\/lagornis.fr\/vaune\/\">Vaune<\/a><br>&#8211; Changements sur l&#8217;article <a href=\"http:\/\/lagornis.fr\/tombebatia\/\">tomebatia <\/a><br>&#8211; Mise \u00e0 jour affichage des <a href=\"http:\/\/lagornis.fr\/background\/\">points de backgrounds <\/a><br>2.2.1(06\/12\/18)<br>&#8211; Ajout pouvoirs raciaux f\u00e9e<br>&#8211; Ajout pouvoirs raciaux elfes<br>&#8211; Ajout pouvoirs raciaux nains.<br>&#8211; Ajoute article sur les trolls<br>2.2 (08\/11\/18 )<br>&#8211; Ajout priere <a href=\"http:\/\/lagornis.fr\/priere\/#abattement\">abattement<\/a>.<br>&#8211; Mise \u00e0 jour pouvoirs raciaux draconnides<br>&#8211; Ajout des regles pour <a href=\"http:\/\/lagornis.fr\/creation-de-personnage-de-plus-haut-niveau\/\">la cr\u00e9ation de personnage de haut niveau<\/a><br>&#8211; Simplification termes &#8220;magie du culte&#8221; dans <a href=\"http:\/\/lagornis.fr\/classes\/\">classes<\/a><br>&#8211; Ajout de <a href=\"http:\/\/lagornis.fr\/lordre-du-sang-de-dragon\/\" target=\"_blank\" rel=\"noopener noreferrer\">L&#8217;ordre du sang de dragon<\/a><br>&#8211; Ajout d&#8217;un d\u00e9but de liste de <a href=\"http:\/\/lagornis.fr\/priere\/\" target=\"_blank\" rel=\"noopener noreferrer\">pri\u00e8re<\/a><br>&#8211; Ajout de <a href=\"http:\/\/lagornis.fr\/lordre-du-protecteur\/\" target=\"_blank\" rel=\"noopener noreferrer\">l&#8217;ordre du protecteur<\/a><br>&#8211; Ajout de <a href=\"http:\/\/lagornis.fr\/magie-2\/\" target=\"_blank\" rel=\"noopener noreferrer\">sorts <\/a><br>&#8211; Ajout<a href=\"http:\/\/lagornis.fr\/histoire-du-peuple-draconnique\/\" target=\"_blank\" rel=\"noopener noreferrer\"> histoire du peuple draconnique<\/a><br>2.1.7(02\/10\/18)<br>-Ajout de niveaux de pouvoir racial orc.<br>-Ajout comp\u00e9tence &#8220;coup intr\u00e9pide&#8221;<br>-R\u00e9\u00e9criture de la comp\u00e9tence &#8220;desarmement&#8221;<br>-D\u00e9but r\u00e9\u00e9dition comp\u00e9tences combats. (ajout de comp\u00e9tences special, comme coup intr\u00e9pide ou d\u00e9sarmement, pour rendre ingame les styles de combat + faire de la fatigue un truc utile (peut \u00eatre )<br>-Ajout \u00e9cole de magie &#8220;corps&#8221;, pas encore disponible sauf exception.<br>-Ajout talent &#8220;vol d&#8217;arme&#8221;.<\/p>\n\n\n\n<p>2.1.6(27\/09\/18)<\/p>\n\n\n\n<p>-Ajout condition d\u2019obtention de &#8220;pens\u00e9e magique&#8221;<br>-ajout des niveaux de pouvoir racial pathos<br>-Ajout de niveaux de pouvoirs racial n\u00e9o-draconnide<br>-Ajout talent &#8220;<a href=\"http:\/\/lagornis.fr\/talents\/#Leger\">l\u00e9g\u00e8ret\u00e9<\/a>&#8220;<\/p>\n\n\n\n<p>2.1.5(18\/09\/18)<br>&#8211; Ajout talents &#8220;volont\u00e9 immuable&#8221;<br>&#8211; Ajout condition obtention (mentaliste)<br>&#8211; D\u00e9but page <a href=\"http:\/\/lagornis.fr\/mythe-des-primordiaux\/\">http:\/\/lagornis.fr\/mythe-des-primordiaux\/ <\/a>, actuellement verrouill\u00e9.<\/p>\n\n\n\n<p>2.1.4 (05\/09\/18)<br>&#8211; Ajout d&#8217;un article succinct sur <a href=\"http:\/\/lagornis.fr\/casma\/\">casma <\/a><br>&#8211; D\u00e9but d&#8217;\u00e9criture sur le fonctionnement des boucliers<br>&#8211; Mise \u00e0 jour date, d\u00e9roulement <a href=\"http:\/\/lagornis.fr\/histoire\/\">historique <\/a><br>&#8211; Recommencement suivi des scenarios<br>&#8211; Ajout talent &#8220;<a href=\"http:\/\/lagornis.fr\/talents-extraordinaires\/#pistoleur\">pistoleur<\/a>&#8221; (nom in progress)<br>&#8211; Modification de N\u00e9gociation<br>&#8211; Ajout de l&#8217;onglet &#8220;Commerce&#8221; dans le menu qui rassemble les moyens de d\u00e9penser son or, et la liste des \u00e9quipements.<br>*Ajout page &#8220;<a href=\"http:\/\/lagornis.fr\/achat-competences\/\">achat comp\u00e9tence<\/a> qui r\u00e9sume les prix pour acheter les comp\u00e9tences<br>&#8211; Changement menu principal<br>2.1.3 (28\/08\/18)<br>&#8211; Ajout de bonus de <a href=\"http:\/\/lagornis.fr\/caracteristiques\/\">caract\u00e9ristique<\/a><br>&#8211; Compl\u00e9tion d&#8217;information sur les malus de <a href=\"http:\/\/lagornis.fr\/caracteristiques\/#vieu\">vieillesse <\/a><br>&#8211; Changement du nom de race <a href=\"http:\/\/lagornis.fr\/races\/\">patho<\/a><br>&#8211; Changement background <a href=\"http:\/\/lagornis.fr\/caracteristiques\/#vieu\">vieillesse <\/a><br>&#8211; Ajout vieillesse au menu<br>&#8211; Ajout esp\u00e9rance de vie des races<br>&#8211; Ajout premier jet de modification des pouvoirs raciaux.<\/p>\n\n\n\n<p>2.1.2 (27\/08\/18)<\/p>\n\n\n\n<p>-Ajout des sorts profanes sur la page <a href=\"http:\/\/lagornis.fr\/magie-2\/\">magie&nbsp;<\/a>(merci jordan)<\/p>\n\n\n\n<p>-Ajout article sur les gobelins (incomplet)<\/p>\n\n\n\n<p>-Ajout race verrouill\u00e9 (non jouable)<\/p>\n\n\n\n<p>-Ajout classe \u00e9rudit<\/p>\n\n\n\n<p>-Ajout d&#8217;un logo pour le site (merci <a href=\"https:\/\/www.deviantart.com\/slimritter\/gallery\/\">H\u00e9lo\u00efse<\/a>)<\/p>\n\n\n\n<p>2.1.1 (18\/08\/18)<\/p>\n\n\n\n<p>-Modification menu<\/p>\n\n\n\n<p>2.1 (16\/08\/18)<\/p>\n\n\n\n<p>-Ajout des <a href=\"http:\/\/lagornis.fr\/talents-extraordinaires\/\">talents<\/a><br>-Ajout des <a href=\"http:\/\/lagornis.fr\/armes\/\">armes<\/a> en pierres<\/p>\n\n\n\n<p>-Modification des <a href=\"http:\/\/lagornis.fr\/caracteristiques\/\">caract\u00e9ristique<\/a><\/p>\n\n\n\n<p>-Ajout statistique de <a href=\"http:\/\/lagornis.fr\/caracteristiques\/#vieu\/#vieux\">vieillesse<\/a>.<\/p>\n\n\n\n<p>-Modification de la gestion du <a href=\"http:\/\/lagornis.fr\/armures\/#Sac\">poids<\/a><\/p>\n\n\n\n<p>-Modification des <a href=\"http:\/\/lagornis.fr\/equipement\/#Sacs\">sacs \u00e0 dos<\/a><\/p>\n\n\n\n<p>2.0.3(15\/08\/18)<\/p>\n\n\n\n<p>-Changement description <a href=\"http:\/\/lagornis.fr\/caracteristiques\/\">Caract\u00e9ristique<\/a> &#8211; Magie<\/p>\n\n\n\n<p>-Changement leger description <a href=\"http:\/\/lagornis.fr\/pouvoirs-raciaux-ameliorees\/#projection\">projection astral<\/a> gobelin karmique<\/p>\n\n\n\n<p>2.0.2( 13\/08\/18)<br>-Modification descriptions des types d&#8217;armes (il y avait un doute possible sur les armes de lanc\u00e9 )<br>-L\u00e9ger ajout information fatigue.<br>-Ajout d&#8217;information sur la volont\u00e9 (<a href=\"http:\/\/lagornis.fr\/fatigue_volonte\">http:\/\/lagornis.fr\/fatigue_volonte<\/a> )<br>-Modification mineur classes (ajout de comp\u00e9tences de volont\u00e9 de niveau 1)<br>-Correction lezlo (Il avait Fo+1, alors que le Max est Con )<br>-Modification effet de destin, Level up -&gt; Xp !<\/p>\n\n\n\n<p>2.0.1 (10\/08\/2018 )<br>-Modification de la comp\u00e9tence cuisine<br>-Modification de la comp\u00e9tence assassinat<br>-Modification de la comp\u00e9tence m\u00e9decine<br>-Ajout des trousses de soin et kit de chirurgien<br>-D\u00e9but am\u00e9lioration affichage liste des \u00e9quipements<\/p>\n","protected":false},"excerpt":{"rendered":"<p>2.8.0 (29\/06\/19) Lore Ajout lore loup garou Ajout lore Vampire Ajout cat\u00e9gorie du bestiaire Ajout d&#8217;une frise historique Ajout lore sur panselenos Gameplay \/ site Ajout des pouvoirs (sorts speciaux) Modification de la page Magie pour mieux expliquer le fonctionnement des sorts et ajouter les pouvoirs Listage des \u00e9coles de magie profane Ajout de comp\u00e9tences &hellip; <a href=\"https:\/\/old.lagornis.fr\/?page_id=708\" class=\"more-link\">Continue reading <span class=\"screen-reader-text\">Change log<\/span> <span class=\"meta-nav\">&rarr;<\/span><\/a><\/p>\n","protected":false},"author":1,"featured_media":820,"parent":0,"menu_order":0,"comment_status":"closed","ping_status":"closed","template":"","meta":{"footnotes":""},"class_list":["post-708","page","type-page","status-publish","has-post-thumbnail","hentry"],"_links":{"self":[{"href":"https:\/\/old.lagornis.fr\/index.php?rest_route=\/wp\/v2\/pages\/708","targetHints":{"allow":["GET"]}}],"collection":[{"href":"https:\/\/old.lagornis.fr\/index.php?rest_route=\/wp\/v2\/pages"}],"about":[{"href":"https:\/\/old.lagornis.fr\/index.php?rest_route=\/wp\/v2\/types\/page"}],"author":[{"embeddable":true,"href":"https:\/\/old.lagornis.fr\/index.php?rest_route=\/wp\/v2\/users\/1"}],"replies":[{"embeddable":true,"href":"https:\/\/old.lagornis.fr\/index.php?rest_route=%2Fwp%2Fv2%2Fcomments&post=708"}],"version-history":[{"count":0,"href":"https:\/\/old.lagornis.fr\/index.php?rest_route=\/wp\/v2\/pages\/708\/revisions"}],"wp:featuredmedia":[{"embeddable":true,"href":"https:\/\/old.lagornis.fr\/index.php?rest_route=\/wp\/v2\/media\/820"}],"wp:attachment":[{"href":"https:\/\/old.lagornis.fr\/index.php?rest_route=%2Fwp%2Fv2%2Fmedia&parent=708"}],"curies":[{"name":"wp","href":"https:\/\/api.w.org\/{rel}","templated":true}]}}