{"id":648,"date":"2018-08-15T17:43:17","date_gmt":"2018-08-15T15:43:17","guid":{"rendered":"http:\/\/lagornis.monbacasable.fr\/?p=648"},"modified":"2018-08-15T17:43:17","modified_gmt":"2018-08-15T15:43:17","slug":"gobelin","status":"publish","type":"page","link":"https:\/\/old.lagornis.fr\/?page_id=648","title":{"rendered":"Gobelin"},"content":{"rendered":"\n<p>Les gobelins sont la race intelligence la plus pr\u00e9sente sur lagornis apr\u00e8s les humains. Ils se dispersent en dizaines de sous races variant en fonction des r\u00e9gions. La plupart des esp\u00e8ces sont nocturne et vivent en tribu (d&#8217;une dizaine d&#8217;individu \u00e0 plusieurs milliers, selon les esp\u00e8ces).&nbsp; Contre toute attente, quasi toute les esp\u00e8ces de gobelins \u00e0 travers le monde parle la m\u00eame langue et sont capable de lire (voir \u00e9crire) certain mots en titanique.<\/p>\n\n\n\n<p>Leur intelligence reste limit\u00e9, leur technologie correspondant environ \u00e0 celle des premiers s\u00e9dentaires. Ils construisent des huttes, font du feu. Ils ont \u00e9galement des croyances et des traditions, bien qu&#8217;aucun dieu gobelin n&#8217;est \u00e9tait identifi\u00e9 \u00e0 ce jour. Les informations sur cette esp\u00e8ces restent fragment\u00e9, seulement quelques chercheur ayant poursuivit des recherches sur cette race.&nbsp; Ils sont g\u00e9n\u00e9ralement peu agressif, effray\u00e9 des humains ils restent \u00e0 l\u2019\u00e9cart des villages. Quelques sous esp\u00e8ces plus audacieuses profitent de la nuit pour voler les celliers, voir m\u00eame attaques les hommes (principalement les gobelins du d\u00e9sert et des montagnes. ).&nbsp; De par ce fait, ils ont g\u00e9n\u00e9ralement mal per\u00e7u par les aventuriers qui les chasses.<\/p>\n\n\n\n<h4 class=\"wp-block-heading\"> Gobelins karmiques <\/h4>\n\n\n\n<p>La peau nu au teint dor\u00e9e. Leurs doigts sont plus allong\u00e9 que ceux des humains. 80-100 cm. Les gobelins karmiques poss\u00e8dent la comp\u00e9tence &#8220;voyage astral&#8221;, ce sont les gobelins les plus grands, intelligents. Pour certains leurs caract\u00e9ristiques \u00e9quivaux \u00e0 celle d&#8217;un humain.<\/p>\n\n\n\n<h4 class=\"wp-block-heading\"> Gobelins des jungles <\/h4>\n\n\n\n<p>Ce sont des gobelins asser petit (50 cm) vivant dans les forets tropicales, ils s\u2019\u00e9tablissent g\u00e9n\u00e9ralement en tribu d&#8217;une vingtaine d&#8217;individu. Ils se nourrissent majoritairement de fruits qu&#8217;ils collectent, et parfois de sangliers qu&#8217;il arrivent \u00e0 chasser.<\/p>\n\n\n\n<h4 class=\"wp-block-heading\"> Gobelin des toundra <\/h4>\n\n\n\n<p>Des gobelins plut\u00f4t grand (75 cm), couvert d&#8217;une fourrure blanche. Ils survivent en chassant les gros mammif\u00e8res (cerf, \u00e9lan, ours). Ils vivent en petit groupes de moins d&#8217;une dizaine d&#8217;individu. Ils sont g\u00e9n\u00e9ralement nomade, suivant les troupeau.<\/p>\n\n\n\n<h4 class=\"wp-block-heading\">Gobelin du d\u00e9sert<\/h4>\n\n\n\n<p>Originaire de tomebatia, ils vivent en vaste colonie (plusieurs milliers d&#8217;individus) enterrer sous le d\u00e9sert. En moyen 60cm de hauts, la peau beige. Ils survivent dans le d\u00e9sert en chassant les vastes cr\u00e9atures des sables et en \u00e9tablissant leurs colonie pr\u00e8s de rivi\u00e8res souterraines. Ils attaquent r\u00e9guli\u00e8rement les caravanes qui traversent le d\u00e9sert, afin de piller les ressources humaines et se nourrir des cadavres. G\u00e9n\u00e9ralement, ils sont arm\u00e9es d\u2019armes en os, ou d&#8217;objets vol\u00e9. <br><\/p>\n","protected":false},"excerpt":{"rendered":"<p>Les gobelins sont la race intelligence la plus pr\u00e9sente sur lagornis apr\u00e8s les humains. Ils se dispersent en dizaines de sous races variant en fonction des r\u00e9gions. La plupart des esp\u00e8ces sont nocturne et vivent en tribu (d&#8217;une dizaine d&#8217;individu \u00e0 plusieurs milliers, selon les esp\u00e8ces).&nbsp; Contre toute attente, quasi toute les esp\u00e8ces de gobelins &hellip; <a href=\"https:\/\/old.lagornis.fr\/?page_id=648\" class=\"more-link\">Continue reading <span class=\"screen-reader-text\">Gobelin<\/span> <span class=\"meta-nav\">&rarr;<\/span><\/a><\/p>\n","protected":false},"author":1,"featured_media":0,"parent":2280,"menu_order":2,"comment_status":"open","ping_status":"closed","template":"","meta":{"footnotes":""},"class_list":["post-648","page","type-page","status-publish","hentry"],"_links":{"self":[{"href":"https:\/\/old.lagornis.fr\/index.php?rest_route=\/wp\/v2\/pages\/648","targetHints":{"allow":["GET"]}}],"collection":[{"href":"https:\/\/old.lagornis.fr\/index.php?rest_route=\/wp\/v2\/pages"}],"about":[{"href":"https:\/\/old.lagornis.fr\/index.php?rest_route=\/wp\/v2\/types\/page"}],"author":[{"embeddable":true,"href":"https:\/\/old.lagornis.fr\/index.php?rest_route=\/wp\/v2\/users\/1"}],"replies":[{"embeddable":true,"href":"https:\/\/old.lagornis.fr\/index.php?rest_route=%2Fwp%2Fv2%2Fcomments&post=648"}],"version-history":[{"count":0,"href":"https:\/\/old.lagornis.fr\/index.php?rest_route=\/wp\/v2\/pages\/648\/revisions"}],"up":[{"embeddable":true,"href":"https:\/\/old.lagornis.fr\/index.php?rest_route=\/wp\/v2\/pages\/2280"}],"wp:attachment":[{"href":"https:\/\/old.lagornis.fr\/index.php?rest_route=%2Fwp%2Fv2%2Fmedia&parent=648"}],"curies":[{"name":"wp","href":"https:\/\/api.w.org\/{rel}","templated":true}]}}