{"id":620,"date":"2018-07-22T20:02:28","date_gmt":"2018-07-22T18:02:28","guid":{"rendered":"http:\/\/lagornis.monbacasable.fr\/?p=620"},"modified":"2018-07-22T20:02:28","modified_gmt":"2018-07-22T18:02:28","slug":"langues","status":"publish","type":"page","link":"https:\/\/old.lagornis.fr\/?page_id=620","title":{"rendered":"Langues"},"content":{"rendered":"\n<p>Langues anciennes :<\/p>\n\n\n\n<table class=\"wp-block-table\"><tbody><tr><td><strong>Nom<\/strong><\/td><td><strong>Epoque<\/strong><\/td><td><strong>R\u00e9gion<\/strong><\/td><\/tr><tr><td>Artar<\/td><td>Age des dieux<\/td><td>Est de Lagornis<\/td><\/tr><tr><td>Asdal<\/td><td>Age de la magie (d\u00e9but)<\/td><td>Terres Obscures<\/td><\/tr><tr><td>Amarin<\/td><td>Age de la magie (d\u00e9but)<\/td><td>Draam<\/td><\/tr><tr><td>Mortigal<\/td><td>Age de la magie (milieu)<\/td><td>Terres Obscures<\/td><\/tr><tr><td>Saphirien<\/td><td>Age des dieux -&gt; milieu de l&#8217;age de la magie<\/td><td>Iles dans la mer lamert<\/td><\/tr><tr><td>Hairaus<\/td><td>Age des h\u00e9ros<\/td><td>Lagornis<\/td><\/tr><\/tbody><\/table>\n\n\n\n<table class=\"wp-block-table\"><tbody><tr><td><strong>Nom<\/strong><\/td><td><strong>R\u00e9gion<\/strong><\/td><\/tr><tr><td>Commun<\/td><td>Partout<\/td><\/tr><tr><td>Drow<\/td><td>Montagnes drows<\/td><\/tr><tr><td>Orc des plaines<\/td><td>Terres des orcs<\/td><\/tr><tr><td>Druidique<\/td><td>Dans les cercles druidiques<\/td><\/tr><tr><td>Tabatien<\/td><td>Tabobatia<\/td><\/tr><tr><td>Terile<\/td><td>Sud des terres obscures<\/td><\/tr><\/tbody><\/table>\n","protected":false},"excerpt":{"rendered":"<p>Langues anciennes : Nom Epoque R\u00e9gion Artar Age des dieux Est de Lagornis Asdal Age de la magie (d\u00e9but) Terres Obscures Amarin Age de la magie (d\u00e9but) Draam Mortigal Age de la magie (milieu) Terres Obscures Saphirien Age des dieux -&gt; milieu de l&#8217;age de la magie Iles dans la mer lamert Hairaus Age des &hellip; <a href=\"https:\/\/old.lagornis.fr\/?page_id=620\" class=\"more-link\">Continue reading <span class=\"screen-reader-text\">Langues<\/span> <span class=\"meta-nav\">&rarr;<\/span><\/a><\/p>\n","protected":false},"author":1,"featured_media":0,"parent":0,"menu_order":0,"comment_status":"open","ping_status":"closed","template":"","meta":{"footnotes":""},"class_list":["post-620","page","type-page","status-publish","hentry"],"_links":{"self":[{"href":"https:\/\/old.lagornis.fr\/index.php?rest_route=\/wp\/v2\/pages\/620","targetHints":{"allow":["GET"]}}],"collection":[{"href":"https:\/\/old.lagornis.fr\/index.php?rest_route=\/wp\/v2\/pages"}],"about":[{"href":"https:\/\/old.lagornis.fr\/index.php?rest_route=\/wp\/v2\/types\/page"}],"author":[{"embeddable":true,"href":"https:\/\/old.lagornis.fr\/index.php?rest_route=\/wp\/v2\/users\/1"}],"replies":[{"embeddable":true,"href":"https:\/\/old.lagornis.fr\/index.php?rest_route=%2Fwp%2Fv2%2Fcomments&post=620"}],"version-history":[{"count":0,"href":"https:\/\/old.lagornis.fr\/index.php?rest_route=\/wp\/v2\/pages\/620\/revisions"}],"wp:attachment":[{"href":"https:\/\/old.lagornis.fr\/index.php?rest_route=%2Fwp%2Fv2%2Fmedia&parent=620"}],"curies":[{"name":"wp","href":"https:\/\/api.w.org\/{rel}","templated":true}]}}