{"id":60,"date":"2017-10-06T10:47:31","date_gmt":"2017-10-06T08:47:31","guid":{"rendered":"http:\/\/lagornis.monbacasable.fr\/?p=60"},"modified":"2017-10-06T10:47:31","modified_gmt":"2017-10-06T08:47:31","slug":"age-moderne","status":"publish","type":"page","link":"https:\/\/old.lagornis.fr\/?page_id=60","title":{"rendered":"Age Moderne"},"content":{"rendered":"<p>Apres la seconde guerre la civilisation bless\u00e9 a commenc\u00e9 a gu\u00e9rir, malgr\u00e9 la perte de nombreuses connaissances il restait encore de nombreux objets magiques de l&#8217;age de la magie.<\/p>\n<p>Dans l&#8217;est de lagornis :<\/p>\n<p>les gens se sont regroup\u00e9 dans d&#8217;anciennes cit\u00e9es pour se prot\u00e9ger des nouvelles cr\u00e9atures magiques, il fallut quelques si\u00e8cles pour recouvrer un contr\u00f4le mod\u00e9r\u00e9 sur les territoires, la baisse de puissance des magiciens rendant difficile la survie p\u00e9dant des annean<\/p>\n<p>Une nouvelle classe social inter royaume se forma : Les aventurier, ce sont des individu qui, apr\u00e8s avoir pass\u00e9 un test d\u2019attitude, accomplissent des missions pour les villes, villages, roi, ou parcourt des donjons. Du fait de l&#8217;accroissement de la population de monstres dans les campagnes, leur aide est souvent demand\u00e9. Cette ordre a \u00e9t\u00e9 cr\u00e9e pour l\u00e9galiser la chasse magique et les visites de donjon : La population \u00e9tant d\u00e9j\u00e0 faible suite \u00e0 la guerre, avoir les paysans chassant le dragon devait \u00eatre \u00e9viter, il faut donc avoir le titre d&#8217;aventurier, et une guilde affili\u00e9 (qui g\u00e8re les requ\u00eates, et les distribue en fonction des \u00e9quipes ).<br \/>\nLes royaumes de Draam et Vaune sont actuellement en paix apr\u00e8s plusieurs ann\u00e9es de guerres, les tensions restent fortes.<br \/>\nL&#8217;\u00e9tat terne est politiquement neutre, mais ses hordes de marchands voyagent \u00e0 travers les royaumes pour vendre et achet\u00e9 tous ce qui pourrait avoir de la valeur, ils poss\u00e8dent \u00e9galement le plus grand port de la r\u00e9gion et les navires capables de traverser l&#8217;ocean Tarn.<\/p>\n<p>\u00c0 l&#8217;ouest les populations ont repris rapidement le contr\u00f4le du territoire, le nombre de dieux y \u00e9tant bien plus importante les humano\u00efdes eurent bien moins de perte durant la guerre.<\/p>\n<p>&nbsp;<\/p>\n<p>R\u00e9cemment, des contacts entre les deux c\u00f4t\u00e9s du continent ont \u00e9t\u00e9 fait, la mer lamert s&#8217;est calm\u00e9 (bien que toujours agit\u00e9, elle est devenue praticable), une porte c&#8217;est ouverte dans la montagne des nains, et les terres d\u00e9vast\u00e9 ont vue leur temp\u00e9rature diminuer et la vie y reprendre ses droits.<\/p>\n","protected":false},"excerpt":{"rendered":"<p>Apres la seconde guerre la civilisation bless\u00e9 a commenc\u00e9 a gu\u00e9rir, malgr\u00e9 la perte de nombreuses connaissances il restait encore de nombreux objets magiques de l&#8217;age de la magie. Dans l&#8217;est de lagornis : les gens se sont regroup\u00e9 dans d&#8217;anciennes cit\u00e9es pour se prot\u00e9ger des nouvelles cr\u00e9atures magiques, il fallut quelques si\u00e8cles pour recouvrer &hellip; <a href=\"https:\/\/old.lagornis.fr\/?page_id=60\" class=\"more-link\">Continue reading <span class=\"screen-reader-text\">Age Moderne<\/span> <span class=\"meta-nav\">&rarr;<\/span><\/a><\/p>\n","protected":false},"author":1,"featured_media":0,"parent":12,"menu_order":0,"comment_status":"open","ping_status":"open","template":"","meta":{"footnotes":""},"class_list":["post-60","page","type-page","status-publish","hentry"],"_links":{"self":[{"href":"https:\/\/old.lagornis.fr\/index.php?rest_route=\/wp\/v2\/pages\/60","targetHints":{"allow":["GET"]}}],"collection":[{"href":"https:\/\/old.lagornis.fr\/index.php?rest_route=\/wp\/v2\/pages"}],"about":[{"href":"https:\/\/old.lagornis.fr\/index.php?rest_route=\/wp\/v2\/types\/page"}],"author":[{"embeddable":true,"href":"https:\/\/old.lagornis.fr\/index.php?rest_route=\/wp\/v2\/users\/1"}],"replies":[{"embeddable":true,"href":"https:\/\/old.lagornis.fr\/index.php?rest_route=%2Fwp%2Fv2%2Fcomments&post=60"}],"version-history":[{"count":0,"href":"https:\/\/old.lagornis.fr\/index.php?rest_route=\/wp\/v2\/pages\/60\/revisions"}],"up":[{"embeddable":true,"href":"https:\/\/old.lagornis.fr\/index.php?rest_route=\/wp\/v2\/pages\/12"}],"wp:attachment":[{"href":"https:\/\/old.lagornis.fr\/index.php?rest_route=%2Fwp%2Fv2%2Fmedia&parent=60"}],"curies":[{"name":"wp","href":"https:\/\/api.w.org\/{rel}","templated":true}]}}