{"id":58,"date":"2017-10-06T10:47:18","date_gmt":"2017-10-06T08:47:18","guid":{"rendered":"http:\/\/lagornis.monbacasable.fr\/?p=58"},"modified":"2017-10-06T10:47:18","modified_gmt":"2017-10-06T08:47:18","slug":"age-de-la-magie","status":"publish","type":"page","link":"https:\/\/old.lagornis.fr\/?page_id=58","title":{"rendered":"Age de la magie"},"content":{"rendered":"<p>L&#8217;age de la magie est la p\u00e9riode qui succ\u00e8de l&#8217;age des dieux. Apr\u00e8s la r\u00e9volte beaucoup de connaissances furent perdu, notamment sur l&#8217;utilisation de la magie primordial.<\/p>\n<p>Il s&#8217;agit d&#8217;une p\u00e9riode d&#8217;oppulance o\u00f9 la magie \u00e9tait presente \u00e0 chaque endroit et utilis\u00e9 par tous. Cette p\u00e9riode laissa comme heritage une gigantesque quantit\u00e9s d&#8217;objets magiques de toute sorte ainsi que nombres de donjons (un hobby de l&#8217;\u00e9poque ).<\/p>\n<p>Cette \u00e9poque se termina brutalement avec l&#8217;arriv\u00e9 des anges et la seconde guerre.<\/p>\n","protected":false},"excerpt":{"rendered":"<p>L&#8217;age de la magie est la p\u00e9riode qui succ\u00e8de l&#8217;age des dieux. Apr\u00e8s la r\u00e9volte beaucoup de connaissances furent perdu, notamment sur l&#8217;utilisation de la magie primordial. Il s&#8217;agit d&#8217;une p\u00e9riode d&#8217;oppulance o\u00f9 la magie \u00e9tait presente \u00e0 chaque endroit et utilis\u00e9 par tous. Cette p\u00e9riode laissa comme heritage une gigantesque quantit\u00e9s d&#8217;objets magiques de &hellip; <a href=\"https:\/\/old.lagornis.fr\/?page_id=58\" class=\"more-link\">Continue reading <span class=\"screen-reader-text\">Age de la magie<\/span> <span class=\"meta-nav\">&rarr;<\/span><\/a><\/p>\n","protected":false},"author":1,"featured_media":0,"parent":12,"menu_order":0,"comment_status":"open","ping_status":"open","template":"","meta":{"footnotes":""},"class_list":["post-58","page","type-page","status-publish","hentry"],"_links":{"self":[{"href":"https:\/\/old.lagornis.fr\/index.php?rest_route=\/wp\/v2\/pages\/58","targetHints":{"allow":["GET"]}}],"collection":[{"href":"https:\/\/old.lagornis.fr\/index.php?rest_route=\/wp\/v2\/pages"}],"about":[{"href":"https:\/\/old.lagornis.fr\/index.php?rest_route=\/wp\/v2\/types\/page"}],"author":[{"embeddable":true,"href":"https:\/\/old.lagornis.fr\/index.php?rest_route=\/wp\/v2\/users\/1"}],"replies":[{"embeddable":true,"href":"https:\/\/old.lagornis.fr\/index.php?rest_route=%2Fwp%2Fv2%2Fcomments&post=58"}],"version-history":[{"count":0,"href":"https:\/\/old.lagornis.fr\/index.php?rest_route=\/wp\/v2\/pages\/58\/revisions"}],"up":[{"embeddable":true,"href":"https:\/\/old.lagornis.fr\/index.php?rest_route=\/wp\/v2\/pages\/12"}],"wp:attachment":[{"href":"https:\/\/old.lagornis.fr\/index.php?rest_route=%2Fwp%2Fv2%2Fmedia&parent=58"}],"curies":[{"name":"wp","href":"https:\/\/api.w.org\/{rel}","templated":true}]}}