{"id":56,"date":"2017-10-06T10:47:08","date_gmt":"2017-10-06T08:47:08","guid":{"rendered":"http:\/\/lagornis.monbacasable.fr\/?p=56"},"modified":"2017-10-06T10:47:08","modified_gmt":"2017-10-06T08:47:08","slug":"age-des-anciens","status":"publish","type":"page","link":"https:\/\/old.lagornis.fr\/?page_id=56","title":{"rendered":"Age des Anciens"},"content":{"rendered":"<p>D\u00e9but de l&#8217;age : An 0 Calendrier magique (Post Magique) \/ An -4000 Calendrier moderne (Avant la Guerre)<br \/>\nFin de l&#8217;age : An ~600 PM , -3400 PG<\/p>\n<p>L&#8217;age des anciens est consid\u00e9rer comme le premier age magique, les survivants de la premi\u00e8re grande guerre s\u2019\u00e9tant rassembler sous la banni\u00e8res des diff\u00e9rents &#8220;h\u00e9ros&#8221; de la premi\u00e8re guerre.<\/p>\n<p>Cette age est cat\u00e9goriser par ces h\u00e9ros, des individu avec \u00e9normement de pouvoirs qui aurait proteger l&#8217;humanit\u00e9 des nouvelles menaces amener par la magie, il se fini quand ceux ci disparue avec l&#8217;arriv\u00e9 des dieux, qui prirent petit \u00e0 petit leur place de guide de l&#8217;humanit\u00e9.<\/p>\n","protected":false},"excerpt":{"rendered":"<p>D\u00e9but de l&#8217;age : An 0 Calendrier magique (Post Magique) \/ An -4000 Calendrier moderne (Avant la Guerre) Fin de l&#8217;age : An ~600 PM , -3400 PG L&#8217;age des anciens est consid\u00e9rer comme le premier age magique, les survivants de la premi\u00e8re grande guerre s\u2019\u00e9tant rassembler sous la banni\u00e8res des diff\u00e9rents &#8220;h\u00e9ros&#8221; de la &hellip; <a href=\"https:\/\/old.lagornis.fr\/?page_id=56\" class=\"more-link\">Continue reading <span class=\"screen-reader-text\">Age des Anciens<\/span> <span class=\"meta-nav\">&rarr;<\/span><\/a><\/p>\n","protected":false},"author":1,"featured_media":0,"parent":12,"menu_order":0,"comment_status":"open","ping_status":"open","template":"","meta":{"footnotes":""},"class_list":["post-56","page","type-page","status-publish","hentry"],"_links":{"self":[{"href":"https:\/\/old.lagornis.fr\/index.php?rest_route=\/wp\/v2\/pages\/56","targetHints":{"allow":["GET"]}}],"collection":[{"href":"https:\/\/old.lagornis.fr\/index.php?rest_route=\/wp\/v2\/pages"}],"about":[{"href":"https:\/\/old.lagornis.fr\/index.php?rest_route=\/wp\/v2\/types\/page"}],"author":[{"embeddable":true,"href":"https:\/\/old.lagornis.fr\/index.php?rest_route=\/wp\/v2\/users\/1"}],"replies":[{"embeddable":true,"href":"https:\/\/old.lagornis.fr\/index.php?rest_route=%2Fwp%2Fv2%2Fcomments&post=56"}],"version-history":[{"count":0,"href":"https:\/\/old.lagornis.fr\/index.php?rest_route=\/wp\/v2\/pages\/56\/revisions"}],"up":[{"embeddable":true,"href":"https:\/\/old.lagornis.fr\/index.php?rest_route=\/wp\/v2\/pages\/12"}],"wp:attachment":[{"href":"https:\/\/old.lagornis.fr\/index.php?rest_route=%2Fwp%2Fv2%2Fmedia&parent=56"}],"curies":[{"name":"wp","href":"https:\/\/api.w.org\/{rel}","templated":true}]}}