{"id":559,"date":"2018-07-22T15:35:38","date_gmt":"2018-07-22T13:35:38","guid":{"rendered":"http:\/\/lagornis.monbacasable.fr\/?p=559"},"modified":"2018-07-22T15:35:38","modified_gmt":"2018-07-22T13:35:38","slug":"letiquette-de-chevalerie-au-royaume-de-draam","status":"publish","type":"page","link":"https:\/\/old.lagornis.fr\/?page_id=559","title":{"rendered":"L&#8217;\u00e9tiquette de Chevalerie au Royaume de Draam"},"content":{"rendered":"<p>Au sein de la Chevalerie du Royaume de Draam, l&#8217;\u00e9tiquette est quelque chose de fondamentale.<\/p>\n<p>Lors d&#8217;un adoubement d&#8217;un nouveau chevalier, le Maitre de c\u00e9r\u00e9monie (souvent le Seigneur de ce dernier) fait agenouiller le futur chevalier, lui prends son \u00e9p\u00e9e,\u00a0 prononce la formule :<\/p>\n<p>&#8220;Moi, [nom et titre du Maitre de c\u00e9r\u00e9monie], et par la gr\u00e2ce du Roy, je te fait chevalier du Royaume. De par ton honneur, ta vaillance et ta bravoure, puis-ce tu prot\u00e9ger le Roy, le Peuple et le Royaume. De par cette c\u00e9r\u00e9monie, nous te reconnaissons comme un pair et jurons de combattre \u00e0 tes cot\u00e9s sans jamais fl\u00e9chir. Que la Gloire guide tes pas.&#8221;<\/p>\n<p>Tout en posant la pointe de son \u00e9p\u00e9e (dans cet ordre exact) l&#8217;\u00e9paule gauche, l&#8217;\u00e9paule droite et sur la t\u00eate. Puis le chevalier se rel\u00e8ve, et le parent chevalier le plus proche doit frapper du points l&#8217;\u00e9paule du jeune Chevalier afin de signifier qu&#8217;il est reconnus par ses pair et qu&#8217;\u00e0 pr\u00e9sents il est un v\u00e9ritable chevalier.<\/p>\n<p>&nbsp;<\/p>\n<p>&nbsp;<\/p>\n<p>Lorsqu&#8217;un Chevalier veut pr\u00eater all\u00e9geance, il sort son \u00e9p\u00e9e, l\u00e0 pr\u00e9sente droite (poign\u00e9e vers le ciel, pointe vers le sol) puis s\u2019agenouille. Il pose sont \u00e9p\u00e9e sur son c\u0153ur, et pr\u00e9sente la poign\u00e9e vers la personne puis doit d\u00e9clamer la formule suivante :<\/p>\n<p>&#8220;De part mon Honneur, je vous jure fid\u00e9lit\u00e9. De part ma Lame, je jure de toujours vous prot\u00e9ger. De part ma Vertu, je prot\u00e9gerais \u00e0 tout jamais le Royaume.&#8221;<\/p>\n<p>Apr\u00e8s ceci, la personne doit prendre l&#8217;\u00e9p\u00e9e et r\u00e9pondre :<\/p>\n<p>&#8220;Moi, [nom et titre de la personne], accepte ton v\u0153ux d\u2019all\u00e9geance et jure sur mon Honneur que je te reconnais comme vassal et amis. Rel\u00e8ve toi, mon Chevalier.&#8221;<\/p>\n<p>Il doit tendre l&#8217;\u00e9p\u00e9e, poign\u00e9e \u00e0 sa gauche et la pointe \u00e0 sa droite. Le chevalier la r\u00e9cup\u00e8re, se relev\u00e9 et la range dans son fourreau.<\/p>\n<p>&nbsp;<\/p>\n<p>&nbsp;<\/p>\n<p>Lorsqu&#8217;un Chevalier doit parler avec un Seigneur, (et que celui-ci ne lui a pas donner l&#8217;autorisation explicite de parler librement) l&#8217;\u00e9tiquette veux que le chevalier s&#8217;agenouille devant lui et attende que le seigneur lui donne la permission de parler. Si le chevalier veux t\u00e9moigner beaucoup de respects envers le seigneur avec qui il converse, il suffit juste de retirer son casque et de baisser la t\u00eate, ainsi que de poser son \u00e9p\u00e9e devant lui.<\/p>\n<p>&nbsp;<\/p>\n","protected":false},"excerpt":{"rendered":"<p>Au sein de la Chevalerie du Royaume de Draam, l&#8217;\u00e9tiquette est quelque chose de fondamentale. Lors d&#8217;un adoubement d&#8217;un nouveau chevalier, le Maitre de c\u00e9r\u00e9monie (souvent le Seigneur de ce dernier) fait agenouiller le futur chevalier, lui prends son \u00e9p\u00e9e,\u00a0 prononce la formule : &#8220;Moi, [nom et titre du Maitre de c\u00e9r\u00e9monie], et par la &hellip; <a href=\"https:\/\/old.lagornis.fr\/?page_id=559\" class=\"more-link\">Continue reading <span class=\"screen-reader-text\">L&#8217;\u00e9tiquette de Chevalerie au Royaume de Draam<\/span> <span class=\"meta-nav\">&rarr;<\/span><\/a><\/p>\n","protected":false},"author":1,"featured_media":0,"parent":0,"menu_order":0,"comment_status":"open","ping_status":"closed","template":"","meta":{"footnotes":""},"class_list":["post-559","page","type-page","status-publish","hentry"],"_links":{"self":[{"href":"https:\/\/old.lagornis.fr\/index.php?rest_route=\/wp\/v2\/pages\/559","targetHints":{"allow":["GET"]}}],"collection":[{"href":"https:\/\/old.lagornis.fr\/index.php?rest_route=\/wp\/v2\/pages"}],"about":[{"href":"https:\/\/old.lagornis.fr\/index.php?rest_route=\/wp\/v2\/types\/page"}],"author":[{"embeddable":true,"href":"https:\/\/old.lagornis.fr\/index.php?rest_route=\/wp\/v2\/users\/1"}],"replies":[{"embeddable":true,"href":"https:\/\/old.lagornis.fr\/index.php?rest_route=%2Fwp%2Fv2%2Fcomments&post=559"}],"version-history":[{"count":0,"href":"https:\/\/old.lagornis.fr\/index.php?rest_route=\/wp\/v2\/pages\/559\/revisions"}],"wp:attachment":[{"href":"https:\/\/old.lagornis.fr\/index.php?rest_route=%2Fwp%2Fv2%2Fmedia&parent=559"}],"curies":[{"name":"wp","href":"https:\/\/api.w.org\/{rel}","templated":true}]}}