{"id":54,"date":"2017-10-06T10:46:51","date_gmt":"2017-10-06T08:46:51","guid":{"rendered":"http:\/\/lagornis.monbacasable.fr\/?p=54"},"modified":"2017-10-06T10:46:51","modified_gmt":"2017-10-06T08:46:51","slug":"seconde-grande-guerre","status":"publish","type":"page","link":"https:\/\/old.lagornis.fr\/?page_id=54","title":{"rendered":"Seconde Grande Guerre"},"content":{"rendered":"<p>Debut : 0 PG \/ 3000 PA<\/p>\n<p>La seconde grande guerre fut causer par l&#8217;arriv\u00e9 des anges dans cette dimension, cr\u00e9atures d&#8217;ordre ils furent choquer par le chaos inh\u00e9rent \u00e0 l&#8217;activit\u00e9 humaine.<\/p>\n<p>En premier lieu ils tent\u00e8rent de pousser les formes de vie local \u00e0 l&#8217;ordre, et d\u00e9cid\u00e8rent d&#8217;\u00e9liminer les autres cr\u00e9atures du culte sourcent selon eux du chaos ambiant.&nbsp; Leurs attaques et interventions r\u00e9guli\u00e8res finirent par provoquer des r\u00e9actions des locaux, qui evoluerent en conflit entre l&#8217;humanit\u00e9 et la lumi\u00e8re. Rapidement, les autres cr\u00e9atures s&#8217;unirent pour affronter la menace.<\/p>\n<p>Un grand nombre d&#8217;anges obterent vers une extermination total de l&#8217;humanit\u00e9, l\u00e0 o\u00f9 certaines factions envisag\u00e9 de dirig\u00e9 les humains.<\/p>\n<p>Ils cibl\u00e8rent les mages, \u00e9coles de magie et biblioth\u00e8ques afin de d\u00e9truire les connaissances humaines, se pla\u00e7ant dans une position de pouvoir laissant \u00e0 penser leur victoire in\u00e9vitable. C&#8217;est l\u2019\u00e9veil des dormeurs qui permit de vaincre les anges et ramener le monde \u00e0 la paix.<\/p>\n","protected":false},"excerpt":{"rendered":"<p>Debut : 0 PG \/ 3000 PA La seconde grande guerre fut causer par l&#8217;arriv\u00e9 des anges dans cette dimension, cr\u00e9atures d&#8217;ordre ils furent choquer par le chaos inh\u00e9rent \u00e0 l&#8217;activit\u00e9 humaine. En premier lieu ils tent\u00e8rent de pousser les formes de vie local \u00e0 l&#8217;ordre, et d\u00e9cid\u00e8rent d&#8217;\u00e9liminer les autres cr\u00e9atures du culte sourcent &hellip; <a href=\"https:\/\/old.lagornis.fr\/?page_id=54\" class=\"more-link\">Continue reading <span class=\"screen-reader-text\">Seconde Grande Guerre<\/span> <span class=\"meta-nav\">&rarr;<\/span><\/a><\/p>\n","protected":false},"author":1,"featured_media":0,"parent":12,"menu_order":0,"comment_status":"open","ping_status":"open","template":"","meta":{"footnotes":""},"class_list":["post-54","page","type-page","status-publish","hentry"],"_links":{"self":[{"href":"https:\/\/old.lagornis.fr\/index.php?rest_route=\/wp\/v2\/pages\/54","targetHints":{"allow":["GET"]}}],"collection":[{"href":"https:\/\/old.lagornis.fr\/index.php?rest_route=\/wp\/v2\/pages"}],"about":[{"href":"https:\/\/old.lagornis.fr\/index.php?rest_route=\/wp\/v2\/types\/page"}],"author":[{"embeddable":true,"href":"https:\/\/old.lagornis.fr\/index.php?rest_route=\/wp\/v2\/users\/1"}],"replies":[{"embeddable":true,"href":"https:\/\/old.lagornis.fr\/index.php?rest_route=%2Fwp%2Fv2%2Fcomments&post=54"}],"version-history":[{"count":0,"href":"https:\/\/old.lagornis.fr\/index.php?rest_route=\/wp\/v2\/pages\/54\/revisions"}],"up":[{"embeddable":true,"href":"https:\/\/old.lagornis.fr\/index.php?rest_route=\/wp\/v2\/pages\/12"}],"wp:attachment":[{"href":"https:\/\/old.lagornis.fr\/index.php?rest_route=%2Fwp%2Fv2%2Fmedia&parent=54"}],"curies":[{"name":"wp","href":"https:\/\/api.w.org\/{rel}","templated":true}]}}