{"id":451,"date":"2018-07-19T14:06:26","date_gmt":"2018-07-19T12:06:26","guid":{"rendered":"http:\/\/lagornis.monbacasable.fr\/?p=451"},"modified":"2018-07-19T14:06:26","modified_gmt":"2018-07-19T12:06:26","slug":"background","status":"publish","type":"page","link":"https:\/\/old.lagornis.fr\/?page_id=451","title":{"rendered":"Background"},"content":{"rendered":"\n<p>Le pass\u00e9 d&#8217;un personnage est laisser \u00e0 la discr\u00e9tion du joueur, mais dans les cas o\u00f9 sont pass\u00e9 \u00e0 eu une influence majeur sur ses capacit\u00e9s pour les aventures il peut choisir des background en utilisant ses points. Maximum 4 background n\u00e9gatives.<\/p>\n\n\n\n<h3 class=\"wp-block-heading\">Background disponible :<\/h3>\n\n\n\n<h4 class=\"wp-block-heading\">Positifs :<\/h4>\n\n\n\n<p><em>Demi-d\u00e9mon<\/em> : Le personnage commence avec le talent&nbsp;<a href=\"http:\/\/lagornis.fr\/talents#demi_demon\">demi d\u00e9mon<\/a> <strong>-5bk<\/strong><br>Mort-vivant : -4<\/p>\n\n\n\n<p><em>Chanceux :<\/em> Le personnage commence avec le talent <a href=\"http:\/\/lagornis.fr\/talents\/#chanceux\">Chanceux<\/a> <strong>-5bk<\/strong><\/p>\n\n\n\n<p><em>Changement d&#8217;arme : <\/em>Le personnage peut remplacer une maitrise d&#8217;arme de sa classe par une autre \u00e9quivalente (distance ou corps \u00e0 corps ) <strong>-1bk<\/strong><\/p>\n\n\n\n<p><em>Changement de comp\u00e9tence : <\/em>Le personnage peut remplacer une comp\u00e9tence de sa classe par une autre \u00e9quivalente (m\u00eame caract\u00e9ristique principal) <em><strong>&#8211;<\/strong><\/em><strong>2bk<\/strong><\/p>\n\n\n\n<p><em>Cultiv\u00e9<\/em> : +4 pts comp\u00e9tences, <strong>-2bk<\/strong>.<\/p>\n\n\n\n<p><em>Classe hybride<\/em> : Le personnage maitrise deux classes, il a acc\u00e8s \u00e0 toute les comp\u00e9tences des deux classes, mais il ne poss\u00e8de pas les \u00e9quipements de d\u00e9part. <strong>-3 bk<\/strong><\/p>\n\n\n\n<p><em>Talent &lt; &gt;<\/em> : Est particuli\u00e8rement dou\u00e9 avec une comp\u00e9tence, gagne +2 bonus de malus (les malus aux jets de cette comp\u00e9tences sont r\u00e9duit de 2). <strong>-2bk<\/strong> (r\u00e9p\u00e9table, pas sur la m\u00eame comp\u00e9tence)<\/p>\n\n\n\n<p><em>Race hybride<\/em> : Un personnage hybride a deux parents de races diff\u00e9rentes, il poss\u00e8de donc les pouvoirs d&#8217;un parents, et les caract\u00e9ristiques physiques de l&#8217;autre. Toutes les races communes peuvent \u00eatre m\u00e9lang\u00e9 \u00e0 l&#8217;exception des f\u00e9es. <strong>-1 bk<\/strong><\/p>\n\n\n\n<p><em>Race rare<\/em> : Appartient \u00e0 une race rare (vivant dans un lieu recul\u00e9, avec peu de contact avec le monde). <strong>-2 bk<\/strong><br><em>Parents aventurier<\/em> : Le personnage a des parents aventuriers, il gagne la classe aventurier (en plus d&#8217;autres classes \u00e9ventuelle ), il commence avec un \u00e9quipement d&#8217;aventurier. <strong>-3bk<\/strong><\/p>\n\n\n\n<p><em>Noble<\/em> :&nbsp; (donne un bonus de social dans la r\u00e9gion, +1 niveau \u00e9tiquette )<strong>-2 bk<\/strong><\/p>\n\n\n\n<p><em>Familier<\/em> : A un animal domestique qui l\u2019appr\u00e9cie.&nbsp; <strong>-1bk<\/strong> (magique -2, intelligent -2)<br><em>Compagnon animal<\/em> : A un alli\u00e9 animal qui lui ob\u00e9it.&nbsp; <strong>-2bk<\/strong> (magique ajoute -3, intelligent ajoute&nbsp; -3)<br><em>Point de destins<\/em> +1 <strong>-4 bk<\/strong><br><em>H\u00e9ritage Satanique<\/em> : +X pi\u00e8ces de Satan.(les pi\u00e8ces de Satan permettent d&#8217;acheter certains objets au magasin de Satan, et \u00e9ventuellement entr\u00e9 en contact avec lui pour passer un pacte) &nbsp; <strong>-2X bk<br><\/strong><\/p>\n\n\n\n<p><em>Riche<\/em> : (Commence avec 100po\/niv. Poss\u00e8de un domicile modeste) <strong>-2 bk<\/strong><\/p>\n\n\n<p>[su_spoiler title=&#8221;H\u00e9ritage familiale&#8221; style=&#8221;fancy&#8221; icon=&#8221;caret&#8221;]Petit objet : Une objet magique mineur (\u00e9p\u00e9e +1, collier de resistance mineur, bague de main verte etc &#8230;) ou un \u00e9quipement de bonne qualit\u00e9 <strong>-2bk<\/strong><br \/>\nObjet important : Un objet magique medium (Arme +2, bague de feuille morte, sac sans fond) ou un \u00e9quipement de bonne qualit\u00e9 et mat\u00e9riaux rare. <strong>-4bk<\/strong>.<br \/>\nH\u00e9ritage maudit : Un objet majeur (Arme\/Armure &gt;250po), Un objet magique particuli\u00e8rement puissant. Porte g\u00e9n\u00e9ralement une mal\u00e9diction. <strong>-6bk<\/strong> [\/su_spoiler]<\/p>\n\n\n\n<p><em>Touche \u00e0 tout<\/em> : +2 comp\u00e9tences initial (niveau 0 ) : <strong>-1bk<\/strong><\/p>\n\n\n\n<p><em>Magie ancienne\/perdu<\/em> : Le personnage a un sort de raret\u00e9 &#8220;ancienne&#8221; disponible.&nbsp; <strong>-4bk<\/strong><\/p>\n\n\n\n<p><em>Mutations<\/em> : <strong>-2bk<\/strong><\/p>\n\n\n\n<p><em>Fan de potion<\/em> : donne des bonus \u00e0 l&#8217;utilisation de potions magiques, <strong>-3bk<\/strong><\/p>\n\n\n\n<p><em>R\u00e9sistance au poison<\/em> : Le personnage \u00e0 d\u00e9velopp\u00e9 une r\u00e9sistance aux empoisonnement +2 jet de cons poison. <strong>-1bk<\/strong><\/p>\n\n\n\n<p><em>Volont\u00e9 surnaturelle<\/em> : + 1 , <strong>-2bk<\/strong> (cumulable)<\/p>\n\n\n\n<p><em>Talent inn\u00e9 :<\/em> Obtient un talent extraordinaire parmis : Ambidextrie <strong>-2bk <\/strong>(cumulable)<\/p>\n\n\n\n<hr class=\"wp-block-separator\"\/>\n\n\n\n<h4 class=\"wp-block-heading\">Variables<\/h4>\n\n\n\n<p><em>Carac<\/em> : +-1Carac &nbsp; <strong>+-4bk<\/strong><\/p>\n\n\n\n<p><em>Vieux<\/em> (Le personnage est ag\u00e9, &gt;80% esp\u00e9rance de vie, +15 comp\u00e9tences &#8211; 3Carac. Voir <a href=\"http:\/\/lagornis.fr\/caracteristiques\/#vieu\">Vieillesse<\/a> ) <strong>+0 bk<\/strong><\/p>\n\n\n\n<p><em>L\u00e9gende<\/em> : Le personnage est connu de partout (positivement ou n\u00e9gativement). <strong>+- 2bk<\/strong><\/p>\n\n\n\n<p><em>Magie runic : <\/em>Le personnage a appris \u00e0 utiliser la magie runique :<\/p>\n\n\n\n<p>Il connait uniquement la magie runic : <strong>+1bk<\/strong><\/p>\n\n\n\n<p>Il connait la magie runic et la magie voix\/main : <strong>-1bk<\/strong><\/p>\n\n\n\n<hr class=\"wp-block-separator\"\/>\n\n\n\n<h4 class=\"wp-block-heading\">N\u00e9gatifs<\/h4>\n\n\n\n<p><em>Idiot<\/em> : -4 comp\u00e9tences, <strong>+2 bk<\/strong><br>Analphab\u00e8te : le personnage ne sait pas lire. <strong>+2bk<\/strong><\/p>\n\n\n\n<p><em>Douillet<\/em> : Le personnage a du mal \u00e0 dormir hors d&#8217;un lit (r\u00e9duit de moiti\u00e9 la r\u00e9g\u00e9n\u00e9ration de fatigue)<strong> +2bk<\/strong><\/p>\n\n\n\n<p><em>Cauchemars <\/em>: Le personnage a des cauchemars terrible. Divise par 2 la r\u00e9g\u00e9n\u00e9ration du au sommeil. (fatigue, pv, pm )&nbsp;<strong> +3bk<\/strong><\/p>\n\n\n\n<p><em>Jeune<\/em> (le personnage est particuli\u00e8rement inexp\u00e9riment\u00e9e, &lt;18 ans : &#8211; 5 pts comp\u00e9tences, -2 Carac. (R\u00e9cup\u00e8re ). <strong>+4 bk<\/strong><\/p>\n\n\n\n<p><em>Gros<\/em> : Augmente la g\u00e9n\u00e9ration de fatigue en voyage. + 1bk<\/p>\n\n\n<p>[su_spoiler title=&#8221;Recherch\u00e9&#8221; style=&#8221;fancy&#8221; icon=&#8221;caret&#8221;]Criminel : Est recherch\u00e9 par les gardes de la zone. <strong>+1bk<\/strong><br \/>\nRecherch\u00e9 : Est recherch\u00e9 activement par les gardes, dans la r\u00e9gion et les voisines, T\u00eate mise \u00e0 prix. <strong>+2bk<\/strong><br \/>\nEnnemi public : Tout le monde connait sa description, sa t\u00eate vaut une fortune. : <strong>+3bk<\/strong>[\/su_spoiler]<\/p>\n\n\n\n<p> Sp\u00e9cifi\u00e9 la r\u00e9gion.<\/p>\n\n\n\n<p><em>Poissard<\/em> :&nbsp;Le personnage commence avec le talent <a href=\"http:\/\/lagornis.fr\/talents\/#poissard\">Poissard<\/a> <strong>+6 bk<\/strong><\/p>\n\n\n\n<p><em>traumatisme <\/em>: Peut provoquer un etat de choc quand confronter \u00e0 une situation rappellant un traumatiste de l&#8217;enfance <strong>+2 bk<\/strong><\/p>\n\n\n\n<p><em>Phobie<\/em> :&nbsp; A des r\u00e9actions incontr\u00f4l\u00e9 face \u00e0 l&#8217;objet de sa phobie, malus de 10 sur les jets de volont\u00e9\/stress <strong>+2 bk<\/strong>.<\/p>\n\n\n\n<p><em>Pauvre<\/em> : Commence sans argent, et avec un \u00e9quipement mauvais, +1 niveau survie urbains <strong>+2bk<\/strong><\/p>\n\n\n\n<p><em>Ronflement<\/em> : Affecte le sommeil des individus environnant . <strong>+1bk<\/strong><br><em>App\u00e2t<\/em> : Le personnage attire les cr\u00e9atures environnantes. <strong>+3 bk<\/strong><\/p>\n","protected":false},"excerpt":{"rendered":"<p>Le pass\u00e9 d&#8217;un personnage est laisser \u00e0 la discr\u00e9tion du joueur, mais dans les cas o\u00f9 sont pass\u00e9 \u00e0 eu une influence majeur sur ses capacit\u00e9s pour les aventures il peut choisir des background en utilisant ses points. Maximum 4 background n\u00e9gatives. Background disponible : Positifs : Demi-d\u00e9mon : Le personnage commence avec le talent&nbsp;demi &hellip; <a href=\"https:\/\/old.lagornis.fr\/?page_id=451\" class=\"more-link\">Continue reading <span class=\"screen-reader-text\">Background<\/span> <span class=\"meta-nav\">&rarr;<\/span><\/a><\/p>\n","protected":false},"author":1,"featured_media":0,"parent":2697,"menu_order":0,"comment_status":"open","ping_status":"closed","template":"","meta":{"footnotes":""},"class_list":["post-451","page","type-page","status-publish","hentry"],"_links":{"self":[{"href":"https:\/\/old.lagornis.fr\/index.php?rest_route=\/wp\/v2\/pages\/451","targetHints":{"allow":["GET"]}}],"collection":[{"href":"https:\/\/old.lagornis.fr\/index.php?rest_route=\/wp\/v2\/pages"}],"about":[{"href":"https:\/\/old.lagornis.fr\/index.php?rest_route=\/wp\/v2\/types\/page"}],"author":[{"embeddable":true,"href":"https:\/\/old.lagornis.fr\/index.php?rest_route=\/wp\/v2\/users\/1"}],"replies":[{"embeddable":true,"href":"https:\/\/old.lagornis.fr\/index.php?rest_route=%2Fwp%2Fv2%2Fcomments&post=451"}],"version-history":[{"count":0,"href":"https:\/\/old.lagornis.fr\/index.php?rest_route=\/wp\/v2\/pages\/451\/revisions"}],"up":[{"embeddable":true,"href":"https:\/\/old.lagornis.fr\/index.php?rest_route=\/wp\/v2\/pages\/2697"}],"wp:attachment":[{"href":"https:\/\/old.lagornis.fr\/index.php?rest_route=%2Fwp%2Fv2%2Fmedia&parent=451"}],"curies":[{"name":"wp","href":"https:\/\/api.w.org\/{rel}","templated":true}]}}