{"id":428,"date":"2018-07-14T14:13:40","date_gmt":"2018-07-14T12:13:40","guid":{"rendered":"http:\/\/lagornis.monbacasable.fr\/?p=428"},"modified":"2018-07-14T14:13:40","modified_gmt":"2018-07-14T12:13:40","slug":"monde-souterrain","status":"publish","type":"page","link":"https:\/\/old.lagornis.fr\/?page_id=428","title":{"rendered":"Monde souterrain"},"content":{"rendered":"<p>Les l\u00e9gendes racontent qu&#8217;il existe un monde o\u00f9 se rendent les \u00e2mes des d\u00e9funts. On racontent qu&#8217;il s&#8217;agit d&#8217;un vaste royaume o\u00f9 se cotoit les morts et d\u2019\u00e9tranges cr\u00e9atures magiques. <\/p>\n","protected":false},"excerpt":{"rendered":"<p>Les l\u00e9gendes racontent qu&#8217;il existe un monde o\u00f9 se rendent les \u00e2mes des d\u00e9funts. On racontent qu&#8217;il s&#8217;agit d&#8217;un vaste royaume o\u00f9 se cotoit les morts et d\u2019\u00e9tranges cr\u00e9atures magiques.<\/p>\n","protected":false},"author":1,"featured_media":0,"parent":2607,"menu_order":0,"comment_status":"open","ping_status":"closed","template":"","meta":{"footnotes":""},"class_list":["post-428","page","type-page","status-publish","hentry"],"_links":{"self":[{"href":"https:\/\/old.lagornis.fr\/index.php?rest_route=\/wp\/v2\/pages\/428","targetHints":{"allow":["GET"]}}],"collection":[{"href":"https:\/\/old.lagornis.fr\/index.php?rest_route=\/wp\/v2\/pages"}],"about":[{"href":"https:\/\/old.lagornis.fr\/index.php?rest_route=\/wp\/v2\/types\/page"}],"author":[{"embeddable":true,"href":"https:\/\/old.lagornis.fr\/index.php?rest_route=\/wp\/v2\/users\/1"}],"replies":[{"embeddable":true,"href":"https:\/\/old.lagornis.fr\/index.php?rest_route=%2Fwp%2Fv2%2Fcomments&post=428"}],"version-history":[{"count":0,"href":"https:\/\/old.lagornis.fr\/index.php?rest_route=\/wp\/v2\/pages\/428\/revisions"}],"up":[{"embeddable":true,"href":"https:\/\/old.lagornis.fr\/index.php?rest_route=\/wp\/v2\/pages\/2607"}],"wp:attachment":[{"href":"https:\/\/old.lagornis.fr\/index.php?rest_route=%2Fwp%2Fv2%2Fmedia&parent=428"}],"curies":[{"name":"wp","href":"https:\/\/api.w.org\/{rel}","templated":true}]}}