{"id":40,"date":"2017-10-05T17:36:41","date_gmt":"2017-10-05T15:36:41","guid":{"rendered":"http:\/\/lagornis.monbacasable.fr\/?page_id=40"},"modified":"2017-10-05T17:36:41","modified_gmt":"2017-10-05T15:36:41","slug":"bienvenue","status":"publish","type":"page","link":"https:\/\/old.lagornis.fr\/","title":{"rendered":"Bienvenue"},"content":{"rendered":"\n<p>Lagornis est un jeu de r\u00f4le amateur se situant dans un monde m\u00e9di\u00e9val fantastique (avec une touche d&#8217;\u00e8re industriel par ci par la), les joueurs \u00e9volue dans un monde o\u00f9 la magie est pr\u00e9sente \u00e0 chaque instant, et o\u00f9 nombre de cr\u00e9atures en veulent aux races humano\u00efdes.<\/p>\n\n\n\n<p>Ies sc\u00e9narios se d\u00e9roulent sur le continent de lagornis, une vaste masse de terre o\u00f9 nombre de climats se succ\u00e8dent. Les humains poss\u00e8dent une magie des leur naissance depuis des g\u00e9n\u00e9rations, li\u00e9 \u00e0 leur race. Ils sont \u00e9galement capable d&#8217;acc\u00e9der \u00e0 d&#8217;autres types de pouvoir, pas leur naissance, leur croyance ou leur entra\u00eenement qui leurs ont permis de survivre dans un monde hostile.<\/p>\n\n\n\n<p>Le monde est rempli de cr\u00e9atures magiques, plus ou moins puissante, qui attaque les lagorniens \u00e0 la moindre occasions.<\/p>\n\n\n\n<p>Il y a \u00e9galement des entit\u00e9s plus puissantes, aux objectifs plus r\u00e9fl\u00e9chis : les \u00e9l\u00e9mentaires, les cr\u00e9atures du culte ( incluent aussi bien les anges et d\u00e9mons que les nombreux dieux ).<\/p>\n\n\n\n<p>L&#8217;ann\u00e9e en cours dans les campagnes est 517 PG<\/p>\n","protected":false},"excerpt":{"rendered":"<p>Lagornis est un jeu de r\u00f4le amateur se situant dans un monde m\u00e9di\u00e9val fantastique (avec une touche d&#8217;\u00e8re industriel par ci par la), les joueurs \u00e9volue dans un monde o\u00f9 la magie est pr\u00e9sente \u00e0 chaque instant, et o\u00f9 nombre de cr\u00e9atures en veulent aux races humano\u00efdes. Ies sc\u00e9narios se d\u00e9roulent sur le continent de &hellip; <a href=\"https:\/\/old.lagornis.fr\/\" class=\"more-link\">Continue reading <span class=\"screen-reader-text\">Bienvenue<\/span> <span class=\"meta-nav\">&rarr;<\/span><\/a><\/p>\n","protected":false},"author":1,"featured_media":0,"parent":0,"menu_order":0,"comment_status":"closed","ping_status":"closed","template":"template_accueil.php","meta":{"footnotes":""},"class_list":["post-40","page","type-page","status-publish","hentry"],"_links":{"self":[{"href":"https:\/\/old.lagornis.fr\/index.php?rest_route=\/wp\/v2\/pages\/40","targetHints":{"allow":["GET"]}}],"collection":[{"href":"https:\/\/old.lagornis.fr\/index.php?rest_route=\/wp\/v2\/pages"}],"about":[{"href":"https:\/\/old.lagornis.fr\/index.php?rest_route=\/wp\/v2\/types\/page"}],"author":[{"embeddable":true,"href":"https:\/\/old.lagornis.fr\/index.php?rest_route=\/wp\/v2\/users\/1"}],"replies":[{"embeddable":true,"href":"https:\/\/old.lagornis.fr\/index.php?rest_route=%2Fwp%2Fv2%2Fcomments&post=40"}],"version-history":[{"count":0,"href":"https:\/\/old.lagornis.fr\/index.php?rest_route=\/wp\/v2\/pages\/40\/revisions"}],"wp:attachment":[{"href":"https:\/\/old.lagornis.fr\/index.php?rest_route=%2Fwp%2Fv2%2Fmedia&parent=40"}],"curies":[{"name":"wp","href":"https:\/\/api.w.org\/{rel}","templated":true}]}}