{"id":369,"date":"2018-06-24T13:14:48","date_gmt":"2018-06-24T11:14:48","guid":{"rendered":"http:\/\/lagornis.monbacasable.fr\/?p=369"},"modified":"2018-06-24T13:14:48","modified_gmt":"2018-06-24T11:14:48","slug":"anges","status":"publish","type":"page","link":"https:\/\/old.lagornis.fr\/?page_id=369","title":{"rendered":"Anges"},"content":{"rendered":"<p>Les anges sont des cr\u00e9atures du culte de l&#8217;ordre. Lors de leurs arriv\u00e9 dans le monde physique ils constat\u00e8rent la nature chaotique des humains et tent\u00e8rent de les convertir, puis de les tuer. (Voir seconde guerre ).<\/p>\n<p>Dans le monde moderne les anges ont pour la plupart revu leur lois \u00e0 la baisse. La majorit\u00e9 d&#8217;entre eux se cachent ou cr\u00e9e des &#8216;bastions de lumi\u00e8re&#8217; : des zones sous la loi ang\u00e9lique, les gens y sont convertie ou illuminer (lobotomiser par la magie d&#8217;ange). Les bastions servent \u00e0 constituer des arm\u00e9es et renforcer le pouvoir de l&#8217;ordre en attendant la prochaine guerre.<\/p>\n","protected":false},"excerpt":{"rendered":"<p>Les anges sont des cr\u00e9atures du culte de l&#8217;ordre. Lors de leurs arriv\u00e9 dans le monde physique ils constat\u00e8rent la nature chaotique des humains et tent\u00e8rent de les convertir, puis de les tuer. (Voir seconde guerre ). Dans le monde moderne les anges ont pour la plupart revu leur lois \u00e0 la baisse. La majorit\u00e9 &hellip; <a href=\"https:\/\/old.lagornis.fr\/?page_id=369\" class=\"more-link\">Continue reading <span class=\"screen-reader-text\">Anges<\/span> <span class=\"meta-nav\">&rarr;<\/span><\/a><\/p>\n","protected":false},"author":1,"featured_media":0,"parent":189,"menu_order":0,"comment_status":"open","ping_status":"closed","template":"","meta":{"footnotes":""},"class_list":["post-369","page","type-page","status-publish","hentry"],"_links":{"self":[{"href":"https:\/\/old.lagornis.fr\/index.php?rest_route=\/wp\/v2\/pages\/369","targetHints":{"allow":["GET"]}}],"collection":[{"href":"https:\/\/old.lagornis.fr\/index.php?rest_route=\/wp\/v2\/pages"}],"about":[{"href":"https:\/\/old.lagornis.fr\/index.php?rest_route=\/wp\/v2\/types\/page"}],"author":[{"embeddable":true,"href":"https:\/\/old.lagornis.fr\/index.php?rest_route=\/wp\/v2\/users\/1"}],"replies":[{"embeddable":true,"href":"https:\/\/old.lagornis.fr\/index.php?rest_route=%2Fwp%2Fv2%2Fcomments&post=369"}],"version-history":[{"count":0,"href":"https:\/\/old.lagornis.fr\/index.php?rest_route=\/wp\/v2\/pages\/369\/revisions"}],"up":[{"embeddable":true,"href":"https:\/\/old.lagornis.fr\/index.php?rest_route=\/wp\/v2\/pages\/189"}],"wp:attachment":[{"href":"https:\/\/old.lagornis.fr\/index.php?rest_route=%2Fwp%2Fv2%2Fmedia&parent=369"}],"curies":[{"name":"wp","href":"https:\/\/api.w.org\/{rel}","templated":true}]}}