{"id":347,"date":"2018-06-21T11:55:56","date_gmt":"2018-06-21T09:55:56","guid":{"rendered":"http:\/\/lagornis.monbacasable.fr\/?p=347"},"modified":"2018-06-21T11:55:56","modified_gmt":"2018-06-21T09:55:56","slug":"tombebatia","status":"publish","type":"page","link":"https:\/\/old.lagornis.fr\/?page_id=347","title":{"rendered":"Tomebatia"},"content":{"rendered":"\n<div class=\"wp-block-image\"><figure class=\"aligncenter\"><a href=\"http:\/\/old.lagornis.fr\/wp-content\/uploads\/2018\/06\/tomebatia.bmp\"><img loading=\"lazy\" decoding=\"async\" width=\"1152\" height=\"864\" src=\"http:\/\/old.lagornis.fr\/wp-content\/uploads\/2018\/06\/tomebatia.bmp\" alt=\"\" class=\"wp-image-348\"\/><\/a><\/figure><\/div>\n\n\n\n<p>Tomebadia est un territoire d\u00e9sertique situ\u00e9 au sud de Lagornis.Il est divis\u00e9 en trois \u00e9tats men\u00e9 par les divinit\u00e9s du feu&nbsp;: Mha\u2019thaba, Mhu\u2019Mara, Mhi\u2019tolba. La soci\u00e9t\u00e9 tomebadienne est centr\u00e9 autour du culte du feu, un culte bas\u00e9 sur la v\u00e9n\u00e9ration du feu. Chaque r\u00e9gions poss\u00e8dent sa propre gestion du culte ind\u00e9pendante (avec \u00e0 sa t\u00eate la divinit\u00e9, puis la premi\u00e8re flamme, et les hauts pr\u00eatres).<br>A l\u2019ouest la r\u00e9gion de Mha\u2019thaba est en conflit constant contre les arm\u00e9es n\u00e9crotique de thorak&nbsp;;<br>A l\u2019est la r\u00e9gion de Mhu\u2019Mara exploite les montagnes.<br>Au nord, la r\u00e9gion de Mhi\u2019tolba restreint le feu des terres d\u00e9vast\u00e9s de s\u2019\u00e9tendre.<br>Le culte du feu consid\u00e8re le feu comme un \u00e9l\u00e9ment sacr\u00e9, destructeur, vorace, tout puissant, porteur de vie et de renouveau. Il est consid\u00e9rer comme un pech\u00e9 pour un membre du culte d\u2019\u00e9teindre un feu sans lui laisser le temps de finir son action.<br>Tomebadia doit \u00e9galement faire face \u00e0 des raids r\u00e9guliers venant des Mharshive dans les archipels du sud.<\/p>\n\n\n\n<p>La population dans le pays est majoritairement compos\u00e9 de pathos, de f\u00e9es, de gnomes, de lezlo du d\u00e9sert, et d&#8217;orcs<\/p>\n\n\n\n<h4 class=\"wp-block-heading\">Le culte<\/h4>\n\n\n\n<p>A travers tomebatia de nombreux temples sont distribu\u00e9, la v\u00e9n\u00e9ration \u00e9tant celle du feu, et plus pr\u00e9cis\u00e9ment le feu dor\u00e9e\/sacr\u00e9. Le culte est similaire dans toutes les r\u00e9gions, mais les \u00e9glises ou temples suivent certains courants du culte. Les trois courants majoritaires sont : <\/p>\n\n\n\n<ul class=\"wp-block-list\"><li> Mha&#8217;thaba repr\u00e9sente le feu purificateur <\/li><li> Mhi&#8217;tolba repr\u00e9sente le feu brute, aveugle et destructeur <\/li><li> Mhi&#8217;mara repr\u00e9sente le feu de la forge, qui cr\u00e9e et poli.<\/li><\/ul>\n\n\n\n<p>(Il existe aussi notamment, le feu gu\u00e9risseur, le feu guidant (principalement dans les villes c\u00f4ti\u00e8res, suivit par les marins) ) <\/p>\n\n\n\n<p>Il y a un syst\u00e8me hi\u00e9rarchique important, ind\u00e9pendant des courants, bas\u00e9 principalement sur la puissance du pretre\u00b7sse <\/p>\n\n\n\n<ol class=\"wp-block-list\"><li>Manifestation de la volont\u00e9. (Il s&#8217;agit des d\u00e9esses )<\/li><li>Haute pretresse<\/li><li>Grand pretresse<\/li><li>Pretre\u00b7sse du temple<\/li><li>Pretre\u00b7sse<\/li><li>Gardes du culte<\/li><li>Pretre\u00b7sse basse<\/li><li>Predicateur<\/li><li>Le peuple<\/li><\/ol>\n\n\n\n<p>Les quatre premiers rangs sont toujours escort\u00e9 par des Gardes du culte. Les gardes du cultes ne sont habilit\u00e9 \u00e0 prendre des d\u00e9cisions pour le culte, mais ont toute autorit\u00e9 en cas de danger pour ceux qu&#8217;ils prot\u00e8gent. <\/p>\n\n\n\n<h4 class=\"wp-block-heading\"> Mhi&#8217;tolba <\/h4>\n\n\n\n<p>Il s&#8217;agit de la r\u00e9gion centrale du pays, il s&#8217;agit de la r\u00e9gion la plus radicale et la plus militaris\u00e9. Depuis des g\u00e9n\u00e9rations les habitants s&#8217;entraine au combat pour stopper les menaces qui pourrait atteindre le pays. Un des corps militaire principal de la r\u00e9gion est la garde du nord. Un force arm\u00e9e d&#8217;un millier de combattant patrouilant \u00e0 la frontiere des terres d\u00e9vast\u00e9es pour chasser les cr\u00e9atures qui tenterais de traverser le d\u00e9sert. Le reste des forces arm\u00e9es passe son temps en garnison \u00e0 s&#8217;entrainer.Ils sont parfois requisitionner en cas d&#8217;urgence national par les autres r\u00e9gions (mais rarement, ils ont tendances \u00e0 \u00eatre sans piti\u00e9 ) . La majorit\u00e9 de leur \u00e9conomie est bas\u00e9 sur le commerce d&#8217;armes et objets magiques avec les r\u00e9gions attenante.<\/p>\n","protected":false},"excerpt":{"rendered":"<p>Tomebadia est un territoire d\u00e9sertique situ\u00e9 au sud de Lagornis.Il est divis\u00e9 en trois \u00e9tats men\u00e9 par les divinit\u00e9s du feu&nbsp;: Mha\u2019thaba, Mhu\u2019Mara, Mhi\u2019tolba. La soci\u00e9t\u00e9 tomebadienne est centr\u00e9 autour du culte du feu, un culte bas\u00e9 sur la v\u00e9n\u00e9ration du feu. Chaque r\u00e9gions poss\u00e8dent sa propre gestion du culte ind\u00e9pendante (avec \u00e0 sa t\u00eate &hellip; <a href=\"https:\/\/old.lagornis.fr\/?page_id=347\" class=\"more-link\">Continue reading <span class=\"screen-reader-text\">Tomebatia<\/span> <span class=\"meta-nav\">&rarr;<\/span><\/a><\/p>\n","protected":false},"author":1,"featured_media":0,"parent":2607,"menu_order":0,"comment_status":"open","ping_status":"closed","template":"","meta":{"footnotes":""},"class_list":["post-347","page","type-page","status-publish","hentry"],"_links":{"self":[{"href":"https:\/\/old.lagornis.fr\/index.php?rest_route=\/wp\/v2\/pages\/347","targetHints":{"allow":["GET"]}}],"collection":[{"href":"https:\/\/old.lagornis.fr\/index.php?rest_route=\/wp\/v2\/pages"}],"about":[{"href":"https:\/\/old.lagornis.fr\/index.php?rest_route=\/wp\/v2\/types\/page"}],"author":[{"embeddable":true,"href":"https:\/\/old.lagornis.fr\/index.php?rest_route=\/wp\/v2\/users\/1"}],"replies":[{"embeddable":true,"href":"https:\/\/old.lagornis.fr\/index.php?rest_route=%2Fwp%2Fv2%2Fcomments&post=347"}],"version-history":[{"count":0,"href":"https:\/\/old.lagornis.fr\/index.php?rest_route=\/wp\/v2\/pages\/347\/revisions"}],"up":[{"embeddable":true,"href":"https:\/\/old.lagornis.fr\/index.php?rest_route=\/wp\/v2\/pages\/2607"}],"wp:attachment":[{"href":"https:\/\/old.lagornis.fr\/index.php?rest_route=%2Fwp%2Fv2%2Fmedia&parent=347"}],"curies":[{"name":"wp","href":"https:\/\/api.w.org\/{rel}","templated":true}]}}