{"id":339,"date":"2018-06-20T20:17:48","date_gmt":"2018-06-20T18:17:48","guid":{"rendered":"http:\/\/lagornis.monbacasable.fr\/?p=339"},"modified":"2018-06-20T20:17:48","modified_gmt":"2018-06-20T18:17:48","slug":"etat-terne","status":"publish","type":"page","link":"https:\/\/old.lagornis.fr\/?page_id=339","title":{"rendered":"\u00c9tat Terne"},"content":{"rendered":"\n\n\n<p>L\u2019\u00e9tat terne est une ploutocratie de l&#8217;ouest de Lagornis.<br>Petite r\u00e9publique commercial, elle poss\u00e8de un r\u00e9seau de marchand qui s\u2019\u00e9tend dans tous l&#8217;Ouest. Depuis l&#8217;ouverture vers l&#8217;Est quelques caravanes y sont affr\u00e9t\u00e9.<br>L&#8217;une des principales sources de richesse de l\u2019\u00e9tat est son monopole de la navigation oc\u00e9anique qui lui permet d&#8217;import\u00e9 diverses denr\u00e9es rares depuis &#8220;sententia sylva&#8221;.<br>Fut en guerre avec le royaume de Draam qui convoiter ses richesses, le conseil utilisa &#8220;la clef de pierre&#8221; un artefact l\u00e9gendaire qui rendit le mur de la fronti\u00e8re infranchissable. Les deux pays firent la paix, qui tient depuis.<\/p>\n\n\n\n<p>Capital : Callones<\/p>\n","protected":false},"excerpt":{"rendered":"<p>L\u2019\u00e9tat terne est une ploutocratie de l&#8217;ouest de Lagornis.Petite r\u00e9publique commercial, elle poss\u00e8de un r\u00e9seau de marchand qui s\u2019\u00e9tend dans tous l&#8217;Ouest. Depuis l&#8217;ouverture vers l&#8217;Est quelques caravanes y sont affr\u00e9t\u00e9.L&#8217;une des principales sources de richesse de l\u2019\u00e9tat est son monopole de la navigation oc\u00e9anique qui lui permet d&#8217;import\u00e9 diverses denr\u00e9es rares depuis &#8220;sententia sylva&#8221;.Fut &hellip; <a href=\"https:\/\/old.lagornis.fr\/?page_id=339\" class=\"more-link\">Continue reading <span class=\"screen-reader-text\">\u00c9tat Terne<\/span> <span class=\"meta-nav\">&rarr;<\/span><\/a><\/p>\n","protected":false},"author":1,"featured_media":0,"parent":2607,"menu_order":0,"comment_status":"open","ping_status":"closed","template":"","meta":{"footnotes":""},"class_list":["post-339","page","type-page","status-publish","hentry"],"_links":{"self":[{"href":"https:\/\/old.lagornis.fr\/index.php?rest_route=\/wp\/v2\/pages\/339","targetHints":{"allow":["GET"]}}],"collection":[{"href":"https:\/\/old.lagornis.fr\/index.php?rest_route=\/wp\/v2\/pages"}],"about":[{"href":"https:\/\/old.lagornis.fr\/index.php?rest_route=\/wp\/v2\/types\/page"}],"author":[{"embeddable":true,"href":"https:\/\/old.lagornis.fr\/index.php?rest_route=\/wp\/v2\/users\/1"}],"replies":[{"embeddable":true,"href":"https:\/\/old.lagornis.fr\/index.php?rest_route=%2Fwp%2Fv2%2Fcomments&post=339"}],"version-history":[{"count":0,"href":"https:\/\/old.lagornis.fr\/index.php?rest_route=\/wp\/v2\/pages\/339\/revisions"}],"up":[{"embeddable":true,"href":"https:\/\/old.lagornis.fr\/index.php?rest_route=\/wp\/v2\/pages\/2607"}],"wp:attachment":[{"href":"https:\/\/old.lagornis.fr\/index.php?rest_route=%2Fwp%2Fv2%2Fmedia&parent=339"}],"curies":[{"name":"wp","href":"https:\/\/api.w.org\/{rel}","templated":true}]}}