{"id":330,"date":"2018-05-17T16:49:04","date_gmt":"2018-05-17T14:49:04","guid":{"rendered":"http:\/\/lagornis.monbacasable.fr\/?p=330"},"modified":"2018-05-17T16:49:04","modified_gmt":"2018-05-17T14:49:04","slug":"royaume-tyli","status":"publish","type":"page","link":"https:\/\/old.lagornis.fr\/?page_id=330","title":{"rendered":"Royaume Tyli"},"content":{"rendered":"<p>Le royaume tyli est un pays se situant au sud est de Lagornis. Compl\u00e9tement isol\u00e9 du reste du continent pas ses deux fronti\u00e8res, la noblesse locale y exerce un r\u00e8gne tyrannique depuis des g\u00e9n\u00e9rations.<br \/>\nLa majorit\u00e9 de la population souffre de la famine et de la pauvret\u00e9, l\u2019acc\u00e8s \u00e0 l\u2019\u00e9ducation leur est refus\u00e9.<br \/>\nLa majorit\u00e9 des forets y ont \u00e9t\u00e9 ras\u00e9, rendant la chasse ardu. L&#8217;absence de rivi\u00e8re de magie dans la r\u00e9gion la rend peu propice aux cultures. <\/p>\n<p>Ses deux fronti\u00e8res terrestres sont fermer :<br \/>\nAu nord les terres sauvages sont bloqu\u00e9 par un immense mur (20 m\u00e8tres de haut pour 3 de large) sans aucune porte. (date de cr\u00e9ation inconnu)<br \/>\nA l&#8217;ouest les elfes interdisent \u00e0 quiconque de p\u00e9n\u00e9trer dans leurs terres.<\/p>\n","protected":false},"excerpt":{"rendered":"<p>Le royaume tyli est un pays se situant au sud est de Lagornis. Compl\u00e9tement isol\u00e9 du reste du continent pas ses deux fronti\u00e8res, la noblesse locale y exerce un r\u00e8gne tyrannique depuis des g\u00e9n\u00e9rations. La majorit\u00e9 de la population souffre de la famine et de la pauvret\u00e9, l\u2019acc\u00e8s \u00e0 l\u2019\u00e9ducation leur est refus\u00e9. La majorit\u00e9 &hellip; <a href=\"https:\/\/old.lagornis.fr\/?page_id=330\" class=\"more-link\">Continue reading <span class=\"screen-reader-text\">Royaume Tyli<\/span> <span class=\"meta-nav\">&rarr;<\/span><\/a><\/p>\n","protected":false},"author":1,"featured_media":0,"parent":2607,"menu_order":0,"comment_status":"open","ping_status":"closed","template":"","meta":{"footnotes":""},"class_list":["post-330","page","type-page","status-publish","hentry"],"_links":{"self":[{"href":"https:\/\/old.lagornis.fr\/index.php?rest_route=\/wp\/v2\/pages\/330","targetHints":{"allow":["GET"]}}],"collection":[{"href":"https:\/\/old.lagornis.fr\/index.php?rest_route=\/wp\/v2\/pages"}],"about":[{"href":"https:\/\/old.lagornis.fr\/index.php?rest_route=\/wp\/v2\/types\/page"}],"author":[{"embeddable":true,"href":"https:\/\/old.lagornis.fr\/index.php?rest_route=\/wp\/v2\/users\/1"}],"replies":[{"embeddable":true,"href":"https:\/\/old.lagornis.fr\/index.php?rest_route=%2Fwp%2Fv2%2Fcomments&post=330"}],"version-history":[{"count":0,"href":"https:\/\/old.lagornis.fr\/index.php?rest_route=\/wp\/v2\/pages\/330\/revisions"}],"up":[{"embeddable":true,"href":"https:\/\/old.lagornis.fr\/index.php?rest_route=\/wp\/v2\/pages\/2607"}],"wp:attachment":[{"href":"https:\/\/old.lagornis.fr\/index.php?rest_route=%2Fwp%2Fv2%2Fmedia&parent=330"}],"curies":[{"name":"wp","href":"https:\/\/api.w.org\/{rel}","templated":true}]}}