{"id":313,"date":"2018-04-29T22:17:05","date_gmt":"2018-04-29T20:17:05","guid":{"rendered":"http:\/\/lagornis.monbacasable.fr\/?p=313"},"modified":"2018-04-29T22:17:05","modified_gmt":"2018-04-29T20:17:05","slug":"fatigue_volonte","status":"publish","type":"page","link":"https:\/\/old.lagornis.fr\/?page_id=313","title":{"rendered":"Fatigue \/ Volont\u00e9"},"content":{"rendered":"\n<h2 class=\"wp-block-heading\">Fatigue<\/h2>\n\n\n\n<p>Points de fatigues : A la place des points de stamina, la fatigue est ressenti comme des points de malus.<br>Les points de fatigues applique un malus de &lt;CONS-fatigue&gt; \u00e0 toutes les actions physiques et de &lt;MAG-fatigue&gt; aux actions mental.<br>Si le malus de fatigue physique atteint 5, A chaque fois que le personnage gagne des points de fatigue il effectue un jet de constitution, si il \u00e9choue, il tombe inconscient.<\/p>\n\n\n\n<ul class=\"wp-block-list\"><li>Une esquive g\u00e9n\u00e9rera 0.5 pts de fatigues.<\/li><li>2 heures de marches rapide g\u00e9n\u00e8re 1 pt de fatigue<\/li><li>2h \u00e9veiller g\u00e9n\u00e8re 0.5 fatigues.<\/li><li>4h de voyage \u00e0 cheval donne 1pt de fatigue.<\/li><li>Subir une blessure (l\u00e9g\u00e8res ou > ) g\u00e9n\u00e8re 1 pt de fatigue<\/li><li>Certains poison ou maladie g\u00e9n\u00e8re des points de fatigues<\/li><\/ul>\n\n\n\n<p>On perd 1 point de fatigue par heure de sommeil dans un lit (sinon 0.5).<br>Dans des conditions climatiques mauvaise (temp\u00e9ratures extr\u00eames, froid\/chaud ) La g\u00e9n\u00e9ration de fatigue augmente de 1\/2h, la r\u00e9duction en sommeil diminue de 0.5<br>Manger un repas cuisiner fait perdre 1 point de fatigue.<\/p>\n\n\n\n<h2 class=\"wp-block-heading\">Volont\u00e9<\/h2>\n\n\n\n<p>La volont\u00e9 est la capacit\u00e9 d&#8217;un personnage \u00e0 r\u00e9sist\u00e9 \u00e0 des situations \u00e9prouvante, ainsi qu&#8217;aux influences mental externes.<br>Elle est bas\u00e9 sur la caract\u00e9ristique de MAG<br>Les comp\u00e9tences de volont\u00e9 varie d&#8217;une classe \u00e0 une autre, toutes les classes maniant la magie du culte commencent avec &#8220;volont\u00e9 divine&#8221; \u00e0 1 niveau de puissance.<br>De la nourriture de qualit\u00e9 peut donner un bonus temporaire de volont\u00e9.<\/p>\n","protected":false},"excerpt":{"rendered":"<p>Fatigue Points de fatigues : A la place des points de stamina, la fatigue est ressenti comme des points de malus.Les points de fatigues applique un malus de &lt;CONS-fatigue&gt; \u00e0 toutes les actions physiques et de &lt;MAG-fatigue&gt; aux actions mental.Si le malus de fatigue physique atteint 5, A chaque fois que le personnage gagne des &hellip; <a href=\"https:\/\/old.lagornis.fr\/?page_id=313\" class=\"more-link\">Continue reading <span class=\"screen-reader-text\">Fatigue \/ Volont\u00e9<\/span> <span class=\"meta-nav\">&rarr;<\/span><\/a><\/p>\n","protected":false},"author":1,"featured_media":0,"parent":2697,"menu_order":0,"comment_status":"open","ping_status":"closed","template":"","meta":{"footnotes":""},"class_list":["post-313","page","type-page","status-publish","hentry"],"_links":{"self":[{"href":"https:\/\/old.lagornis.fr\/index.php?rest_route=\/wp\/v2\/pages\/313","targetHints":{"allow":["GET"]}}],"collection":[{"href":"https:\/\/old.lagornis.fr\/index.php?rest_route=\/wp\/v2\/pages"}],"about":[{"href":"https:\/\/old.lagornis.fr\/index.php?rest_route=\/wp\/v2\/types\/page"}],"author":[{"embeddable":true,"href":"https:\/\/old.lagornis.fr\/index.php?rest_route=\/wp\/v2\/users\/1"}],"replies":[{"embeddable":true,"href":"https:\/\/old.lagornis.fr\/index.php?rest_route=%2Fwp%2Fv2%2Fcomments&post=313"}],"version-history":[{"count":0,"href":"https:\/\/old.lagornis.fr\/index.php?rest_route=\/wp\/v2\/pages\/313\/revisions"}],"up":[{"embeddable":true,"href":"https:\/\/old.lagornis.fr\/index.php?rest_route=\/wp\/v2\/pages\/2697"}],"wp:attachment":[{"href":"https:\/\/old.lagornis.fr\/index.php?rest_route=%2Fwp%2Fv2%2Fmedia&parent=313"}],"curies":[{"name":"wp","href":"https:\/\/api.w.org\/{rel}","templated":true}]}}