{"id":309,"date":"2018-04-25T12:16:14","date_gmt":"2018-04-25T10:16:14","guid":{"rendered":"http:\/\/lagornis.monbacasable.fr\/?p=309"},"modified":"2018-04-25T12:16:14","modified_gmt":"2018-04-25T10:16:14","slug":"armures","status":"publish","type":"page","link":"https:\/\/old.lagornis.fr\/?page_id=309","title":{"rendered":"Armures"},"content":{"rendered":"\n<p>Les personnages peuvent port\u00e9es diverses armures, reparti en quatre cat\u00e9gories.<\/p>\n\n\n\n<figure class=\"wp-block-table\"><table class=\"\"><tbody><tr><td><strong>Armure<\/strong><\/td><td><strong>Description<\/strong><\/td><td><strong>Bonus d&#8217;armure<\/strong><\/td><td><strong>Quantit\u00e9 de mat\u00e9riaux (en Unit\u00e9)<\/strong> <\/td><td><strong>Prix<\/strong><\/td><td><strong>Malus<\/strong><\/td><td><strong>Classe de Mat\u00e9riaux<\/strong><\/td><\/tr><tr><td>tissu<\/td><td>Des vetements classiques de voyage. Forcement en tissu.<\/td><td>0<\/td><td>0<\/td><td>7 po<\/td><td>-1<\/td><td>Forcement en tissu.<\/td><\/tr><tr><td>L\u00e9ger<\/td><td>Une armure l\u00e9g\u00e8re, faire pour entraver au minimum les mouvements<\/td><td>1<\/td><td>2 U<\/td><td>15 po<\/td><td>2<\/td><td>l\u00e9ger<\/td><\/tr><tr><td>Medium<\/td><td>Une armure plus r\u00e9sistante que la l\u00e9g\u00e8re mais souple tout de m\u00eame<\/td><td>2<\/td><td>4U<\/td><td>15 po<\/td><td>5<\/td><td>libre<\/td><\/tr><tr><td>Lourde<\/td><td>Une armure solide, prot\u00e8ge efficacement.<\/td><td>3<\/td><td>6U<\/td><td>44 po<\/td><td>10<\/td><td>libre<\/td><\/tr><tr><td>Plaqu\u00e9<\/td><td>Une armure massive, prot\u00e8ge efficacement. +2 d\u00e9gats perforants.<\/td><td>4<\/td><td>8U<\/td><td>65 po<\/td><td>12<\/td><td>lourd<\/td><\/tr><tr><td>Harnois<\/td><td>Une armure massive, prot\u00e8ge efficacement.<\/td><td>5<\/td><td>12U<\/td><td>80 po<\/td><td>14<\/td><td>lourd<\/td><\/tr><tr><td>Maille<\/td><td>Une protection suppl\u00e9mentaire, peut s&#8217;ajouter \u00e0 une armure (classe libre ou inf\u00e9rieur)<\/td><td>1<\/td><td>2U<\/td><td>20po<\/td><td>2<\/td><td>lourd<\/td><\/tr><tr><td>Lamelaire<\/td><td>Une protection solide.<\/td><td>3<\/td><td>6U<\/td><td>40 po<\/td><td>10<\/td><td>lourd<\/td><\/tr><\/tbody><\/table><\/figure>\n\n\n\n<p>classes de mat\u00e9riaux : tissu, l\u00e9ger, libre, lourd, massif.<br>Un mat\u00e9riaux libre peut servir pour n&#8217;importe quelle armure.<br>Une armure libre peut avoir un mat\u00e9riaux l\u00e9ger ou lourd. Une armure libre est consid\u00e9r\u00e9 comme en cuir, les mat\u00e9riaux lourd ajoutent 1 d&#8217;amure et 1 de malus suppl\u00e9mentaire.<br>Une armure lourd est consid\u00e9rer comme en acier, elle peut \u00eatre compos\u00e9 de mat\u00e9riaux libre,lourd ou massif.<\/p>\n\n\n\n<h4 class=\"wp-block-heading\">Prix<\/h4>\n\n\n\n<p>Le prix d&#8217;une armure est calcul\u00e9 comme tel : &lt;palier de forgeron du materiau&gt;*&lt;prix initial&gt;*&lt;Qualit\u00e9&gt; + &lt;Quantit\u00e9 de mat\u00e9riaux&gt;*&lt;Prix \u00e0 l&#8217;unit\u00e9 du mat\u00e9riau&gt; + Enchantements.<\/p>\n\n\n\n<p>\nAugmenter la qualit\u00e9 d&#8217;une arme enchant\u00e9 n\u00e9cessite un forgeron ayant \nacc\u00e8s a la fabrication de l&#8217;arme +1 palier. Le prix est celui de l&#8217;arme \u00e0\n la qualit\u00e9 vis\u00e9e (sans compt\u00e9 le prix de l\u2019enchantement. \n\n<\/p>\n\n\n\n<h3 class=\"wp-block-heading\">Malus<\/h3>\n\n\n\n<p>Le type d&#8217;amure, son mat\u00e9riaux, et sa qualit\u00e9 influe sur son malus total. Les malus sont ceux cumul\u00e9 du score et des inf\u00e9rieures. (1 \u00e0 5 pour une armure m\u00e9dium par exemple)<\/p>\n\n\n<p>[su_spoiler title=&#8221;Malus&#8221; style=&#8221;fancy&#8221; icon=&#8221;plus-circle&#8221; anchor=&#8221;armes&#8221;]<\/p>\n\n\n\n<ol class=\"wp-block-list\"><li>-1 natation<\/li><li>-1 esquives<\/li><li>+0.5 fatigue\/esquive &#8211; 1 course<\/li><li>-1 jets de magie profane<\/li><li>mauvais sommeil<\/li><li>-1 jets de magie profane<\/li><li>+1 fatigue\/heure de marche<\/li><li>-2 esquives<\/li><li>-1 ADR<\/li><li>+0.5 fatigue\/esquive<\/li><li>mauvais sommeil<\/li><li>-1 jets de magie profane<\/li><li>+0.5 fatigue\/esquive<\/li><li>+1 fatigue\/heure de marche<\/li><li>lourd, -1FO<\/li><li>-2 escalade, acrobatie,course<\/li><li>bruyant<\/li><li>impossible de dormir en armure<\/li><li>-1DEX\/ADR<\/li><li>-2 perception<\/li><li>-1DEX\/ADR<\/li><li>impossible d&#8217;esquiver<\/li><\/ol>\n\n\n<p>[\/su_spoiler]<\/p>\n\n\n\n<h6 class=\"wp-block-heading\">Qualit\u00e9 :<\/h6>\n\n\n\n<figure class=\"wp-block-table\"><table class=\"\"><tbody><tr><td><strong>Qualit\u00e9<\/strong><\/td><td><strong>Bonus<\/strong><\/td><td><strong>Cout<\/strong><\/td><td>Palier forge<\/td><\/tr><tr><td>Pourris<\/td><td>+ 4 malus, -1 armure<\/td><td>*0.5<\/td><td>-2<\/td><\/tr><tr><td>Nul<\/td><td>+3 malus<\/td><td>*0.75<\/td><td>-1<\/td><\/tr><tr><td>Normal<\/td><td>Aucun<\/td><td>1<\/td><td>0<\/td><\/tr><tr><td>Bon<\/td><td>-1 malus<\/td><td>*2<\/td><td>+1<\/td><\/tr><tr><td>Tr\u00e8s Bon<\/td><td>&#8211; 2 malus<\/td><td>3<\/td><td>+2<\/td><\/tr><tr><td>Excellent<\/td><td>&#8211; 3 malus<\/td><td>5<\/td><td>+3<\/td><\/tr><tr><td>Maitre<\/td><td>&#8211; 4 malus, +1 armure<\/td><td>7<\/td><td>+4<\/td><\/tr><\/tbody><\/table><\/figure>\n\n\n\n<h6 class=\"wp-block-heading\">Mat\u00e9riaux :<\/h6>\n\n\n\n<figure class=\"wp-block-table\"><table class=\"\"><tbody><tr><td><strong>Mat\u00e9riau<\/strong><\/td><td><strong>Bonus<\/strong><\/td><td><strong>Multiplicateur de cout<\/strong><\/td><td><strong>R\u00e9sistance<\/strong><\/td><td><strong>Classe de materiaux<\/strong><\/td><td><strong>Malus<\/strong><\/td><td><strong>Palier de forgeron<\/strong><\/td><\/tr><tr><td>Tissu<\/td><td>0<\/td><td>1po\/U<\/td><td>2<\/td><td>tissu<\/td><td>-1<\/td><td>1<\/td><\/tr><tr><td>Soie d&#8217;arakne<\/td><td>+1 armure<\/td><td>15 po\/U<\/td><td>8<\/td><td>tissu<\/td><td>0<\/td><td>3<\/td><\/tr><tr><td>\u00c9caille de l\u00e9viathan<\/td><td>+ 1 armure, reduit de 2 les malus sous l&#8217;eau. +2 natation<\/td><td>25 po\/U<\/td><td>10<\/td><td>leger<\/td><td>1<\/td><td>3<\/td><\/tr><tr><td>bois<\/td><td>&#8211; 2 armure<\/td><td>50pa\/U<\/td><td>12<\/td><td>l\u00e9ger<\/td><td>-2<\/td><td>1<\/td><\/tr><tr><td>Cuir<\/td><td>0<\/td><td>1po\/U<\/td><td>15<\/td><td>leger<\/td><td>0<\/td><td>1<\/td><\/tr><tr><td>Acier<\/td><td>0<\/td><td>5po\/U<\/td><td>18<\/td><td>lourd<\/td><td>0<\/td><td>1<\/td><\/tr><tr><td>Alliage-Or<\/td><td>prot\u00e8ge contre les cr\u00e9atures du monde souterrain<\/td><td>20po\/U<\/td><td>15<\/td><td>lourd<\/td><td>3<\/td><td>3<\/td><\/tr><tr><td>Argent<\/td><td>1, Protection +1 contre la magie<\/td><td>10po\/U<\/td><td>24<\/td><td>lourd<\/td><td>1<\/td><td>3<\/td><\/tr><tr><td>Starmetal<\/td><td>2, Protection +2 sur la magie noir.<\/td><td>30po\/U<\/td><td>45<\/td><td>Massif<\/td><td>4<\/td><td>6<\/td><\/tr><tr><td>Titane<\/td><td>1, Plus solide que l&#8217;acier, plus l\u00e9ger.<\/td><td>20po\/U<\/td><td>30<\/td><td>libre<\/td><td>-1<\/td><td>2<br><\/td><\/tr><tr><td>Pierres \u00e9l\u00e9mentaire<\/td><td>2, Immunit\u00e9 \u00e0 l&#8217;\u00e9l\u00e9ment, +2 maitrise \u00e9l\u00e9mentaire.<\/td><td>55 po\/U<\/td><td>40<\/td><td>Massif<\/td><td>4<\/td><td>6<\/td><\/tr><tr><td>Bronze Raconovum<\/td><td>R\u00e9duit grandement la magie divine dont il entre en contact. R\u00e9duit de deux niveaux les sorts de magie divine qui entre en contact avec l&#8217;armure.<\/td><td>55<\/td><td>33<br><\/td><td>Lourd<\/td><td><\/td><td>2<\/td><\/tr><tr><td><strong>Os magiques<\/strong><\/td><\/tr><tr><td>Loup magique<\/td><td>Senteur pr\u00e9dateur (fait fuir les petit pr\u00e9dateur)<\/td><td>15po\/U<\/td><td>15<\/td><td>libre<\/td><td>0<\/td><td>4<\/td><\/tr><tr><td>Dragon<\/td><td>2, ignifug\u00e9, anti-magique<\/td><td>50po\/U<\/td><td>50<\/td><td>libre<\/td><td>3<\/td><td>6<\/td><\/tr><tr><td>Humainoide<\/td><td>1 charge\/jour pouvoir de la race, aura mal\u00e9fique<\/td><td>8po\/U<\/td><td>10<\/td><td>libre<\/td><td>1<\/td><td>4<\/td><\/tr><\/tbody><\/table><\/figure>\n\n\n\n<h3 class=\"wp-block-heading\">Bouclier[sta_anchor id=&#8221;bouclier&#8221; unsan=&#8221;Bouclier&#8221; \/]<\/h3>\n\n\n\n<p>Un personnage peut utiliser un bouclier pour parer els attaques. Dans ce cas, il utilise sa maitrise du bouclier au lieu de sa maitrise d&#8217;arme pour les parades. Le type de bouclier apporte diverses avantages, le mat\u00e9riel du bouclier affecte sa r\u00e9sistance.<\/p>\n\n\n\n<p>Valeurs donn\u00e9 pour des boucliers en acier.<\/p>\n\n\n\n<figure class=\"wp-block-table\"><table class=\"\"><tbody><tr><td>Bouclier<\/td><td>Description<\/td><td>Bonus d&#8217;armure<\/td><td>Quantit\u00e9 de materiaux.<\/td><td>Prix<\/td><td>Malus<\/td><td>Bonus<\/td><\/tr><tr><td>Ecu<\/td><td>Le personnage fixe l\u2019\u00e9cu \u00e0 son avant-bras et le maintient en place avec la main. Ce bouclier est trop lourd pour qu\u2019il puisse tenir autre chose dans la main qu\u2019il occupe.<\/td><td>0<\/td><td>4U<\/td><td>25 po<\/td><td>2<\/td><td>Permet de parer les projectiles. +1 parade <\/td><\/tr><tr><td>Rondache<\/td><td>Le personnage fixe le bouclier \u00e0 son avant-bras et le maintient en place avec la main. La l\u00e9g\u00e8ret\u00e9 de ce bouclier rond permet \u00e0 son propri\u00e9taire de se servir de la main occup\u00e9e pour tenir autre chose (mais pas pour utiliser une arme).<\/td><td>0<\/td><td>2U<\/td><td>10 po<\/td><td>1<\/td><td>Permet de parer les projectiles. <\/td><\/tr><tr><td>Pavois<\/td><td>Cet \u00e9norme bouclier en bois est presque aussi grand que son propri\u00e9taire.<\/td><td>0<\/td><td>6U<br><\/td><td>40 po<\/td><td>5<\/td><td>Permet de parer les projectiles, sorts, explosions. +1 armure. <\/td><\/tr><\/tbody><\/table><\/figure>\n","protected":false},"excerpt":{"rendered":"<p>Les personnages peuvent port\u00e9es diverses armures, reparti en quatre cat\u00e9gories. Armure Description Bonus d&#8217;armure Quantit\u00e9 de mat\u00e9riaux (en Unit\u00e9) Prix Malus Classe de Mat\u00e9riaux tissu Des vetements classiques de voyage. Forcement en tissu. 0 0 7 po -1 Forcement en tissu. L\u00e9ger Une armure l\u00e9g\u00e8re, faire pour entraver au minimum les mouvements 1 2 U &hellip; <a href=\"https:\/\/old.lagornis.fr\/?page_id=309\" class=\"more-link\">Continue reading <span class=\"screen-reader-text\">Armures<\/span> <span class=\"meta-nav\">&rarr;<\/span><\/a><\/p>\n","protected":false},"author":1,"featured_media":0,"parent":2785,"menu_order":0,"comment_status":"open","ping_status":"closed","template":"","meta":{"footnotes":""},"class_list":["post-309","page","type-page","status-publish","hentry"],"_links":{"self":[{"href":"https:\/\/old.lagornis.fr\/index.php?rest_route=\/wp\/v2\/pages\/309","targetHints":{"allow":["GET"]}}],"collection":[{"href":"https:\/\/old.lagornis.fr\/index.php?rest_route=\/wp\/v2\/pages"}],"about":[{"href":"https:\/\/old.lagornis.fr\/index.php?rest_route=\/wp\/v2\/types\/page"}],"author":[{"embeddable":true,"href":"https:\/\/old.lagornis.fr\/index.php?rest_route=\/wp\/v2\/users\/1"}],"replies":[{"embeddable":true,"href":"https:\/\/old.lagornis.fr\/index.php?rest_route=%2Fwp%2Fv2%2Fcomments&post=309"}],"version-history":[{"count":0,"href":"https:\/\/old.lagornis.fr\/index.php?rest_route=\/wp\/v2\/pages\/309\/revisions"}],"up":[{"embeddable":true,"href":"https:\/\/old.lagornis.fr\/index.php?rest_route=\/wp\/v2\/pages\/2785"}],"wp:attachment":[{"href":"https:\/\/old.lagornis.fr\/index.php?rest_route=%2Fwp%2Fv2%2Fmedia&parent=309"}],"curies":[{"name":"wp","href":"https:\/\/api.w.org\/{rel}","templated":true}]}}