{"id":295,"date":"2018-04-12T14:59:46","date_gmt":"2018-04-12T12:59:46","guid":{"rendered":"http:\/\/lagornis.monbacasable.fr\/?p=295"},"modified":"2018-04-12T14:59:46","modified_gmt":"2018-04-12T12:59:46","slug":"terres-obscures","status":"publish","type":"page","link":"https:\/\/old.lagornis.fr\/?page_id=295","title":{"rendered":"Terres obscures"},"content":{"rendered":"<p>Les terres obscures sont un vaste territoires situ\u00e9 au sud ouest de Lagornis.<br \/>\nElles sont s\u00e9par\u00e9s en de nombreuses provinces ayant en commun une morale et des syst\u00e8mes de lois uniques sur le continent :<br \/>\nLes positions g\u00e9ographiques des provinces changent r\u00e9guli\u00e8rement au rythmes des affrontement et des changement de meneurs, la loi du plus fort est de mise et l&#8217;utilisation de magie noir y est la norme. g\u00e9n\u00e9ralement les provinces sont domin\u00e9 par des individus particuli\u00e8rement puissant (dieux, seigneurs vampires, mages noirs &#8230; ) qui impose ses r\u00e8gles sur sont territoire. Un grand nombre de r\u00e9gions se trouvent sous l\u2019influence de puissants sortil\u00e8ges imposant les lois des leaders. En effet, les terres obscures sont parsem\u00e9 d&#8217;anciennes forteresse Asdal (une ancienne civilisation disparut, maitre dans le maniement de la magie), ces forteresses abritent pour la plupart des puits de magie et une orbe de sort permettant \u00e0 celui qui le domine d&#8217;imposer ses lois (par exemples, sur certaines provinces il est impossible de dire le nom du seigneur). <\/p>\n","protected":false},"excerpt":{"rendered":"<p>Les terres obscures sont un vaste territoires situ\u00e9 au sud ouest de Lagornis. Elles sont s\u00e9par\u00e9s en de nombreuses provinces ayant en commun une morale et des syst\u00e8mes de lois uniques sur le continent : Les positions g\u00e9ographiques des provinces changent r\u00e9guli\u00e8rement au rythmes des affrontement et des changement de meneurs, la loi du plus &hellip; <a href=\"https:\/\/old.lagornis.fr\/?page_id=295\" class=\"more-link\">Continue reading <span class=\"screen-reader-text\">Terres obscures<\/span> <span class=\"meta-nav\">&rarr;<\/span><\/a><\/p>\n","protected":false},"author":1,"featured_media":0,"parent":2607,"menu_order":0,"comment_status":"open","ping_status":"closed","template":"","meta":{"footnotes":""},"class_list":["post-295","page","type-page","status-publish","hentry"],"_links":{"self":[{"href":"https:\/\/old.lagornis.fr\/index.php?rest_route=\/wp\/v2\/pages\/295","targetHints":{"allow":["GET"]}}],"collection":[{"href":"https:\/\/old.lagornis.fr\/index.php?rest_route=\/wp\/v2\/pages"}],"about":[{"href":"https:\/\/old.lagornis.fr\/index.php?rest_route=\/wp\/v2\/types\/page"}],"author":[{"embeddable":true,"href":"https:\/\/old.lagornis.fr\/index.php?rest_route=\/wp\/v2\/users\/1"}],"replies":[{"embeddable":true,"href":"https:\/\/old.lagornis.fr\/index.php?rest_route=%2Fwp%2Fv2%2Fcomments&post=295"}],"version-history":[{"count":0,"href":"https:\/\/old.lagornis.fr\/index.php?rest_route=\/wp\/v2\/pages\/295\/revisions"}],"up":[{"embeddable":true,"href":"https:\/\/old.lagornis.fr\/index.php?rest_route=\/wp\/v2\/pages\/2607"}],"wp:attachment":[{"href":"https:\/\/old.lagornis.fr\/index.php?rest_route=%2Fwp%2Fv2%2Fmedia&parent=295"}],"curies":[{"name":"wp","href":"https:\/\/api.w.org\/{rel}","templated":true}]}}