{"id":293,"date":"2018-04-11T22:11:52","date_gmt":"2018-04-11T20:11:52","guid":{"rendered":"http:\/\/lagornis.monbacasable.fr\/?p=293"},"modified":"2018-04-11T22:11:52","modified_gmt":"2018-04-11T20:11:52","slug":"animaux-magiques","status":"publish","type":"page","link":"https:\/\/old.lagornis.fr\/?page_id=293","title":{"rendered":"Animaux magiques"},"content":{"rendered":"<p>Les animaux magiques sont une cat\u00e9gorie de cr\u00e9atures magiques n&#8217;ayant aucune capacit\u00e9 magique. Leur magie a des effets passifs sur leur organisme : capacit\u00e9 physique accrus, sens surdevellop\u00e9, constitution booster, etc &#8230;<br \/>\nLa plupart d&#8217;entre eux sont des animaux standards, (loup, chevreuil, chien &#8230; ). Leur nature magique modifie leur mode de vie : leur besoin de nourriture est fortement r\u00e9duite, remplacer par un besoin de magie.<br \/>\nCe r\u00e9gime les divises en deux cat\u00e9gorie :<br \/>\n-Les passif : ils sont capable de capter la magie ambiante, ils cherchent g\u00e9n\u00e9ralement \u00e0 se rapprocher des rivi\u00e8res de magie et des geysers.<br \/>\n-Les agressifs : ils ne peuvent pas r\u00e9g\u00e9n\u00e9rer leur \u00e9nergie par eux m\u00eame, ils chassent donc d&#8217;autre cr\u00e9atures magiques pour se ressourcer. (sa inclut donc les races humano\u00efdes )<\/p>\n","protected":false},"excerpt":{"rendered":"<p>Les animaux magiques sont une cat\u00e9gorie de cr\u00e9atures magiques n&#8217;ayant aucune capacit\u00e9 magique. Leur magie a des effets passifs sur leur organisme : capacit\u00e9 physique accrus, sens surdevellop\u00e9, constitution booster, etc &#8230; La plupart d&#8217;entre eux sont des animaux standards, (loup, chevreuil, chien &#8230; ). Leur nature magique modifie leur mode de vie : leur &hellip; <a href=\"https:\/\/old.lagornis.fr\/?page_id=293\" class=\"more-link\">Continue reading <span class=\"screen-reader-text\">Animaux magiques<\/span> <span class=\"meta-nav\">&rarr;<\/span><\/a><\/p>\n","protected":false},"author":1,"featured_media":0,"parent":2280,"menu_order":6,"comment_status":"open","ping_status":"closed","template":"template_categorie.php","meta":{"footnotes":""},"class_list":["post-293","page","type-page","status-publish","hentry"],"_links":{"self":[{"href":"https:\/\/old.lagornis.fr\/index.php?rest_route=\/wp\/v2\/pages\/293","targetHints":{"allow":["GET"]}}],"collection":[{"href":"https:\/\/old.lagornis.fr\/index.php?rest_route=\/wp\/v2\/pages"}],"about":[{"href":"https:\/\/old.lagornis.fr\/index.php?rest_route=\/wp\/v2\/types\/page"}],"author":[{"embeddable":true,"href":"https:\/\/old.lagornis.fr\/index.php?rest_route=\/wp\/v2\/users\/1"}],"replies":[{"embeddable":true,"href":"https:\/\/old.lagornis.fr\/index.php?rest_route=%2Fwp%2Fv2%2Fcomments&post=293"}],"version-history":[{"count":0,"href":"https:\/\/old.lagornis.fr\/index.php?rest_route=\/wp\/v2\/pages\/293\/revisions"}],"up":[{"embeddable":true,"href":"https:\/\/old.lagornis.fr\/index.php?rest_route=\/wp\/v2\/pages\/2280"}],"wp:attachment":[{"href":"https:\/\/old.lagornis.fr\/index.php?rest_route=%2Fwp%2Fv2%2Fmedia&parent=293"}],"curies":[{"name":"wp","href":"https:\/\/api.w.org\/{rel}","templated":true}]}}