{"id":280,"date":"2018-04-08T20:52:11","date_gmt":"2018-04-08T18:52:11","guid":{"rendered":"http:\/\/lagornis.monbacasable.fr\/?p=280"},"modified":"2018-04-08T20:52:11","modified_gmt":"2018-04-08T18:52:11","slug":"draam","status":"publish","type":"page","link":"https:\/\/old.lagornis.fr\/?page_id=280","title":{"rendered":"Draam"},"content":{"rendered":"<p>Draam est un royaume central de l&#8217;ouest de lagornis, il y a la bas une r\u00e9partition de la population en 3 groupes :<br \/>\n-la noblesse : les familles nobles passe leur temps \u00e0 s&#8217;entra\u00eener au combat, faire de la politique avec leurs homonyme et particip\u00e9 \u00e0 des \u00e9v\u00e8nements mondain.<br \/>\n-les &#8220;magiques&#8221; : que ce soit les mages ou les pr\u00eatres, ils b\u00e9n\u00e9ficient d&#8217;une position particuli\u00e8re dans la soci\u00e9t\u00e9. Ils ne dirigent pas mais servent la couronne et prot\u00e8ge le royaume et ses habitants des menaces.<br \/>\n-la populace : majorit\u00e9 de la population, ils n&#8217;ont pas de voix politique mais sont la base de la soci\u00e9t\u00e9. La population rural est principalement compos\u00e9 de fermier et d&#8217;\u00e9leveurs, ils passent leur vie \u00e0 travailler et n&#8217;ont pour loisirs que les quelques bardes qui passent pas leur villages. La population urbaine, moins nombreuses, est constitu\u00e9 des artisans, mais aussi de script soldats de m\u00e9tiers et d&#8217;autre corps de m\u00e9tier sp\u00e9cialis\u00e9e. Leur loisirs sont souvent calqu\u00e9 sur la noblesse.<\/p>\n<p>Le royaume est dirig\u00e9 par un roi, qui a tous les pouvoirs. Ils est responsable des politiques ext\u00e9rieur et des \u00e9v\u00e8nements d&#8217;ampleur nationale. Il laisse la gestion local du royaumes aux familles nobles, qui poss\u00e8dent chacune de vaste territoires qu&#8217;il g\u00e8rent \u00e0 leur guise (en respectant les quotas exig\u00e9 par la couronne).<br \/>\nLes nobles s&#8217;exercent \u00e0 des jeux de pouvoirs avec leurs voisins , g\u00e9n\u00e9ralement pour \u00e9tendre leur pouvoir : que ce soit par des actions commerciales (trait\u00e9, cr\u00e9ation de route ou blocus ) ou par des affrontements militaire.<br \/>\nIl est donc courant qu&#8217;au sein du royaumes il y est des bataille.Bien que celle ci soit restreint aux forces physiques.Les mages et les paladins n&#8217;ayant pas le droit de s&#8217;affronter dans ces conflits mineurs.<\/p>\n<p>Le royaume \u00e0 3 voisins :<br \/>\n-letat terne , avec lequel il entretient peu de relations.<br \/>\n-la cit\u00e9 naine, avec qui les relations sont cordiales. Leurs forges sont la source de la plupart des armes et armures du royaume .<br \/>\n&#8211; le royaume vaune, avec qui les tensions sont toujours intense. En guerre depuis des si\u00e8cles, une tr\u00eave a \u00e9t\u00e9 d\u00e9clar\u00e9 il y a une dizaine d&#8217;ann\u00e9es. Malgr\u00e9 une puissance sup\u00e9rieure de vaune gr\u00e2ce \u00e0 ses nombreux mages, les deux royaumes ont toujours fait jeu \u00e9gal. (\u00c0 cause des conflits avec la terre obscure qui draine les forces de vaune (voir royaume de vaune )<\/p>\n<p><a href=\"http:\/\/lagornis.fr\/letiquette-de-chevalerie-au-royaume-de-draam\/\">http:\/\/lagornis.fr\/letiquette-de-chevalerie-au-royaume-de-draam\/<\/a><\/p>\n","protected":false},"excerpt":{"rendered":"<p>Draam est un royaume central de l&#8217;ouest de lagornis, il y a la bas une r\u00e9partition de la population en 3 groupes : -la noblesse : les familles nobles passe leur temps \u00e0 s&#8217;entra\u00eener au combat, faire de la politique avec leurs homonyme et particip\u00e9 \u00e0 des \u00e9v\u00e8nements mondain. -les &#8220;magiques&#8221; : que ce soit &hellip; <a href=\"https:\/\/old.lagornis.fr\/?page_id=280\" class=\"more-link\">Continue reading <span class=\"screen-reader-text\">Draam<\/span> <span class=\"meta-nav\">&rarr;<\/span><\/a><\/p>\n","protected":false},"author":1,"featured_media":0,"parent":2607,"menu_order":0,"comment_status":"open","ping_status":"closed","template":"","meta":{"footnotes":""},"class_list":["post-280","page","type-page","status-publish","hentry"],"_links":{"self":[{"href":"https:\/\/old.lagornis.fr\/index.php?rest_route=\/wp\/v2\/pages\/280","targetHints":{"allow":["GET"]}}],"collection":[{"href":"https:\/\/old.lagornis.fr\/index.php?rest_route=\/wp\/v2\/pages"}],"about":[{"href":"https:\/\/old.lagornis.fr\/index.php?rest_route=\/wp\/v2\/types\/page"}],"author":[{"embeddable":true,"href":"https:\/\/old.lagornis.fr\/index.php?rest_route=\/wp\/v2\/users\/1"}],"replies":[{"embeddable":true,"href":"https:\/\/old.lagornis.fr\/index.php?rest_route=%2Fwp%2Fv2%2Fcomments&post=280"}],"version-history":[{"count":0,"href":"https:\/\/old.lagornis.fr\/index.php?rest_route=\/wp\/v2\/pages\/280\/revisions"}],"up":[{"embeddable":true,"href":"https:\/\/old.lagornis.fr\/index.php?rest_route=\/wp\/v2\/pages\/2607"}],"wp:attachment":[{"href":"https:\/\/old.lagornis.fr\/index.php?rest_route=%2Fwp%2Fv2%2Fmedia&parent=280"}],"curies":[{"name":"wp","href":"https:\/\/api.w.org\/{rel}","templated":true}]}}