{"id":2778,"date":"2021-05-30T23:17:30","date_gmt":"2021-05-30T21:17:30","guid":{"rendered":"http:\/\/lagornis.fr\/?page_id=2778"},"modified":"2021-05-30T23:17:30","modified_gmt":"2021-05-30T21:17:30","slug":"cites-des-anciens","status":"publish","type":"page","link":"https:\/\/old.lagornis.fr\/?page_id=2778","title":{"rendered":"Cit\u00e9s des anciens"},"content":{"rendered":"\n<p>Les anciens ont battis 7 cit\u00e9s avant la grande guerre, il est dit que chacune d&#8217;entre elle abrite en son c\u0153ur un immense pouvoir.<\/p>\n\n\n\n<p>Cit\u00e9 du portail : terre devast\u00e9<\/p>\n\n\n\n<p>Cit\u00e9 du temps : Sheena. Une cit\u00e9 en ruine dont certain quartiers semblent etre en parfait etat,avec des scenes de vie des anciens qui boucle, comme des enregistrement. Dans la cit\u00e9 se trouve egalement des scenes tir\u00e9 de  n&#8217;importe o\u00f9 et n&#8217;importe quand dans l&#8217;histoire de Lagornis. <\/p>\n","protected":false},"excerpt":{"rendered":"<p>Les anciens ont battis 7 cit\u00e9s avant la grande guerre, il est dit que chacune d&#8217;entre elle abrite en son c\u0153ur un immense pouvoir. Cit\u00e9 du portail : terre devast\u00e9 Cit\u00e9 du temps : Sheena. Une cit\u00e9 en ruine dont certain quartiers semblent etre en parfait etat,avec des scenes de vie des anciens qui boucle, &hellip; <a href=\"https:\/\/old.lagornis.fr\/?page_id=2778\" class=\"more-link\">Continue reading <span class=\"screen-reader-text\">Cit\u00e9s des anciens<\/span> <span class=\"meta-nav\">&rarr;<\/span><\/a><\/p>\n","protected":false},"author":1,"featured_media":0,"parent":0,"menu_order":0,"comment_status":"closed","ping_status":"closed","template":"","meta":{"footnotes":""},"class_list":["post-2778","page","type-page","status-publish","hentry"],"_links":{"self":[{"href":"https:\/\/old.lagornis.fr\/index.php?rest_route=\/wp\/v2\/pages\/2778","targetHints":{"allow":["GET"]}}],"collection":[{"href":"https:\/\/old.lagornis.fr\/index.php?rest_route=\/wp\/v2\/pages"}],"about":[{"href":"https:\/\/old.lagornis.fr\/index.php?rest_route=\/wp\/v2\/types\/page"}],"author":[{"embeddable":true,"href":"https:\/\/old.lagornis.fr\/index.php?rest_route=\/wp\/v2\/users\/1"}],"replies":[{"embeddable":true,"href":"https:\/\/old.lagornis.fr\/index.php?rest_route=%2Fwp%2Fv2%2Fcomments&post=2778"}],"version-history":[{"count":0,"href":"https:\/\/old.lagornis.fr\/index.php?rest_route=\/wp\/v2\/pages\/2778\/revisions"}],"wp:attachment":[{"href":"https:\/\/old.lagornis.fr\/index.php?rest_route=%2Fwp%2Fv2%2Fmedia&parent=2778"}],"curies":[{"name":"wp","href":"https:\/\/api.w.org\/{rel}","templated":true}]}}