{"id":2764,"date":"2020-10-20T19:00:31","date_gmt":"2020-10-20T17:00:31","guid":{"rendered":"http:\/\/lagornis.fr\/?page_id=2764"},"modified":"2020-10-20T19:00:31","modified_gmt":"2020-10-20T17:00:31","slug":"heros","status":"publish","type":"page","link":"https:\/\/old.lagornis.fr\/?page_id=2764","title":{"rendered":"H\u00e9ros"},"content":{"rendered":"\n<p>Les h\u00e9ros originel<\/p>\n\n\n\n<p><\/p>\n\n\n\n<p>F\u00e9e : Viol\u00e9 dans son enfance car gay (soci\u00e9t\u00e9 tres homophobe), craint\/deteste les hommes et a fond\u00e9 son clan avec des femmes opprim\u00e9s\/seules \u00e0 travers le temps. Pouvoir d&#8217;illusion<\/p>\n\n\n\n<p>Luciole : Soeur de F\u00e9e, regrette de ne pas avoir pu proteger sa petite soeur, pouvoir temporelle.<\/p>\n\n\n\n<p>Pathos: Ex Mari de Luciole, T\u00e9l\u00e9pathie, narcissique obseder du controle. Emprisonner pour avoir controler son clan. <\/p>\n\n\n\n<p>Elfia : controle des plantes<\/p>\n\n\n\n<p>Lezlo : createur des lezlo et des m\u00e9tamorphes, amie des dragons. Disparut de l&#8217;univers apr\u00e8s avoir re\u00e7u un oeuf de dragon primordial<\/p>\n\n\n\n<p>Fourtart : inventeur fou<\/p>\n\n\n\n<p>Gnome<\/p>\n\n\n\n<p><\/p>\n","protected":false},"excerpt":{"rendered":"<p>Les h\u00e9ros originel F\u00e9e : Viol\u00e9 dans son enfance car gay (soci\u00e9t\u00e9 tres homophobe), craint\/deteste les hommes et a fond\u00e9 son clan avec des femmes opprim\u00e9s\/seules \u00e0 travers le temps. Pouvoir d&#8217;illusion Luciole : Soeur de F\u00e9e, regrette de ne pas avoir pu proteger sa petite soeur, pouvoir temporelle. Pathos: Ex Mari de Luciole, T\u00e9l\u00e9pathie, &hellip; <a href=\"https:\/\/old.lagornis.fr\/?page_id=2764\" class=\"more-link\">Continue reading <span class=\"screen-reader-text\">H\u00e9ros<\/span> <span class=\"meta-nav\">&rarr;<\/span><\/a><\/p>\n","protected":false},"author":1,"featured_media":0,"parent":0,"menu_order":0,"comment_status":"closed","ping_status":"closed","template":"","meta":{"footnotes":""},"class_list":["post-2764","page","type-page","status-publish","hentry"],"_links":{"self":[{"href":"https:\/\/old.lagornis.fr\/index.php?rest_route=\/wp\/v2\/pages\/2764","targetHints":{"allow":["GET"]}}],"collection":[{"href":"https:\/\/old.lagornis.fr\/index.php?rest_route=\/wp\/v2\/pages"}],"about":[{"href":"https:\/\/old.lagornis.fr\/index.php?rest_route=\/wp\/v2\/types\/page"}],"author":[{"embeddable":true,"href":"https:\/\/old.lagornis.fr\/index.php?rest_route=\/wp\/v2\/users\/1"}],"replies":[{"embeddable":true,"href":"https:\/\/old.lagornis.fr\/index.php?rest_route=%2Fwp%2Fv2%2Fcomments&post=2764"}],"version-history":[{"count":0,"href":"https:\/\/old.lagornis.fr\/index.php?rest_route=\/wp\/v2\/pages\/2764\/revisions"}],"wp:attachment":[{"href":"https:\/\/old.lagornis.fr\/index.php?rest_route=%2Fwp%2Fv2%2Fmedia&parent=2764"}],"curies":[{"name":"wp","href":"https:\/\/api.w.org\/{rel}","templated":true}]}}