{"id":2759,"date":"2020-04-07T17:27:33","date_gmt":"2020-04-07T15:27:33","guid":{"rendered":"http:\/\/lagornis.fr\/?page_id=2759"},"modified":"2020-04-07T17:27:33","modified_gmt":"2020-04-07T15:27:33","slug":"lascension-de-lakt-bach","status":"publish","type":"page","link":"https:\/\/old.lagornis.fr\/?page_id=2759","title":{"rendered":"L&#8217;ascension de Lakt bach"},"content":{"rendered":"\n<h1 class=\"wp-block-heading\">La bataille de Elfia<\/h1>\n\n\n\n<p>Il s\u2019agit de la bataille qui marqua la fracture entre le monde\nlibre et l\u2019empire noir de lakt bach. \n<\/p>\n\n\n\n<p>A la fin de l\u2019ann\u00e9e 548 PG alors que l\u2019ordre pour l\u2019humanit\u00e9 (culte de lakt bach \/ culte noir, comme utiliser par leur detracteurs ) commence des actes de destruction \u00e0 travers tous le continents envers divers lieux de cultes et debutent leurs coups \u00e0 l\u2019encontre de nombreux petits gourvenements leur leader \u201cle sauveur\u201d lakt bach s\u2019empare d\u2019un oeuf de dragon primordial. Un oeuf primordial utiliser correctement donne \u00e0 son utilisateur un puissance equivalente aux anciens heros.<\/p>\n\n\n\n<p>Cette acte enragea une vieille enemis de lakt bach : la generale Rolande casttleblanc, celle ci rassembla d\u2019anciens alli\u00e9s pour affronter un lakt bach plus puissant que jamais, elle fit appel \u00e0 Wololo le herault de Jennny, \u00e0 Kheyl le chevalier angelique gardien de la pierre de sang (un ancien artefact absorbant la magie de sa cible ), F\u00e9e l\u2019une des premi\u00e8res h\u00e9ros.  <\/p>\n\n\n\n<p>Le groupe atteignit lakt bach alors qu\u2019il engager le combat avec Elfia (le premier elfe )  en 550 dans la foret elfique au sud est du continent. L\u2019opposition de ces forces colossal d\u00e9vasta la foret et provoqua l\u2019effondrement des plans \u00e0 cette endroit, la foret est devenu un d\u00e9sert sans magie et sans vie. Aucun des h\u00e9ros partie vaincre lakt bach ne surv\u00e9cu \u00e0 la bataille, seul une partie de la m\u00e9moire de Wololo se transmit jusqu\u2019au Zoo de Jenny, et permis au reste du monde d\u2019apprendre la menace qu\u2019est devenu Lakt Bach.  <\/p>\n\n\n\n<p>Lakt bach a utiliser le pouvoir du livre noir pour totalement absorber la magie de l\u2019oeuf, les sorts interdit du grimoire lui permettent de voler les pouvoirs de ceux qu\u2019il d\u00e9fait, devenant de plus en plus puissant \u00e0 chacune de ses victoire, il poss\u00e8de une clef lui permettant de voyager dans le temps \u00e0 sa guise et il a rassembler une escouade de soldats d\u2019elites venant de diff\u00e9rents endroits du temps auquel il a confier divers artefacts magiques. <\/p>\n\n\n\n<p>Tu\u00e9 Patho<\/p>\n","protected":false},"excerpt":{"rendered":"<p>La bataille de Elfia Il s\u2019agit de la bataille qui marqua la fracture entre le monde libre et l\u2019empire noir de lakt bach. A la fin de l\u2019ann\u00e9e 548 PG alors que l\u2019ordre pour l\u2019humanit\u00e9 (culte de lakt bach \/ culte noir, comme utiliser par leur detracteurs ) commence des actes de destruction \u00e0 travers &hellip; <a href=\"https:\/\/old.lagornis.fr\/?page_id=2759\" class=\"more-link\">Continue reading <span class=\"screen-reader-text\">L&#8217;ascension de Lakt bach<\/span> <span class=\"meta-nav\">&rarr;<\/span><\/a><\/p>\n","protected":false},"author":1,"featured_media":0,"parent":0,"menu_order":0,"comment_status":"closed","ping_status":"closed","template":"template_in_progress.php","meta":{"footnotes":""},"class_list":["post-2759","page","type-page","status-publish","hentry"],"_links":{"self":[{"href":"https:\/\/old.lagornis.fr\/index.php?rest_route=\/wp\/v2\/pages\/2759","targetHints":{"allow":["GET"]}}],"collection":[{"href":"https:\/\/old.lagornis.fr\/index.php?rest_route=\/wp\/v2\/pages"}],"about":[{"href":"https:\/\/old.lagornis.fr\/index.php?rest_route=\/wp\/v2\/types\/page"}],"author":[{"embeddable":true,"href":"https:\/\/old.lagornis.fr\/index.php?rest_route=\/wp\/v2\/users\/1"}],"replies":[{"embeddable":true,"href":"https:\/\/old.lagornis.fr\/index.php?rest_route=%2Fwp%2Fv2%2Fcomments&post=2759"}],"version-history":[{"count":0,"href":"https:\/\/old.lagornis.fr\/index.php?rest_route=\/wp\/v2\/pages\/2759\/revisions"}],"wp:attachment":[{"href":"https:\/\/old.lagornis.fr\/index.php?rest_route=%2Fwp%2Fv2%2Fmedia&parent=2759"}],"curies":[{"name":"wp","href":"https:\/\/api.w.org\/{rel}","templated":true}]}}