{"id":2744,"date":"2017-10-05T11:27:49","date_gmt":"2017-10-05T09:27:49","guid":{"rendered":"http:\/\/lagornis.monbacasable.fr\/?p=4"},"modified":"2017-10-05T11:27:49","modified_gmt":"2017-10-05T09:27:49","slug":"age-de-la-science","status":"publish","type":"page","link":"https:\/\/old.lagornis.fr\/?page_id=2744","title":{"rendered":"Age de la science"},"content":{"rendered":"<p>L&#8217;Age de la science est l&#8217;\u00e9poque ant\u00e9rieur \u00e0 la premi\u00e8re grande guerre.<\/p>\n<p>Il s&#8217;agit de l&#8217;\u00e9poque la plus ancienne identifi\u00e9,&nbsp; cette \u00e9poque et sa civilisation sont particuli\u00e8rement m\u00e9connue de nos jours.<\/p>\n<p>Dur\u00e9e : inconnu<\/p>\n<p>D&#8217;apr\u00e8s de nombreux historiens cette \u00e9poque \u00e9tait caract\u00e9rise par l&#8217;absence de magie et une domination compl\u00e8te de l&#8217;humanit\u00e9.<\/p>\n","protected":false},"excerpt":{"rendered":"<p>L&#8217;Age de la science est l&#8217;\u00e9poque ant\u00e9rieur \u00e0 la premi\u00e8re grande guerre. Il s&#8217;agit de l&#8217;\u00e9poque la plus ancienne identifi\u00e9,&nbsp; cette \u00e9poque et sa civilisation sont particuli\u00e8rement m\u00e9connue de nos jours. Dur\u00e9e : inconnu D&#8217;apr\u00e8s de nombreux historiens cette \u00e9poque \u00e9tait caract\u00e9rise par l&#8217;absence de magie et une domination compl\u00e8te de l&#8217;humanit\u00e9.<\/p>\n","protected":false},"author":1,"featured_media":0,"parent":12,"menu_order":0,"comment_status":"open","ping_status":"open","template":"","meta":{"footnotes":""},"class_list":["post-2744","page","type-page","status-publish","hentry"],"_links":{"self":[{"href":"https:\/\/old.lagornis.fr\/index.php?rest_route=\/wp\/v2\/pages\/2744","targetHints":{"allow":["GET"]}}],"collection":[{"href":"https:\/\/old.lagornis.fr\/index.php?rest_route=\/wp\/v2\/pages"}],"about":[{"href":"https:\/\/old.lagornis.fr\/index.php?rest_route=\/wp\/v2\/types\/page"}],"author":[{"embeddable":true,"href":"https:\/\/old.lagornis.fr\/index.php?rest_route=\/wp\/v2\/users\/1"}],"replies":[{"embeddable":true,"href":"https:\/\/old.lagornis.fr\/index.php?rest_route=%2Fwp%2Fv2%2Fcomments&post=2744"}],"version-history":[{"count":0,"href":"https:\/\/old.lagornis.fr\/index.php?rest_route=\/wp\/v2\/pages\/2744\/revisions"}],"up":[{"embeddable":true,"href":"https:\/\/old.lagornis.fr\/index.php?rest_route=\/wp\/v2\/pages\/12"}],"wp:attachment":[{"href":"https:\/\/old.lagornis.fr\/index.php?rest_route=%2Fwp%2Fv2%2Fmedia&parent=2744"}],"curies":[{"name":"wp","href":"https:\/\/api.w.org\/{rel}","templated":true}]}}