{"id":2726,"date":"2020-03-27T15:18:22","date_gmt":"2020-03-27T14:18:22","guid":{"rendered":"http:\/\/lagornis.fr\/?page_id=2726"},"modified":"2020-03-27T15:18:22","modified_gmt":"2020-03-27T14:18:22","slug":"races-dnd","status":"publish","type":"page","link":"https:\/\/old.lagornis.fr\/?page_id=2726","title":{"rendered":"Races (dnd)"},"content":{"rendered":"\n<p>Les races jouables existantes dans dnd sont separ\u00e9 en plusieurs categories : Les descendants des clans heroiques, les sous branches, les ext\u00e9rieurs. <\/p>\n\n\n\n<h3 class=\"wp-block-heading\">Descendants des clans<\/h3>\n\n\n\n<p>Les descendants des clans sont des humains, leur particularit\u00e9s physiques ou magiques proviennent des clans form\u00e9 par les h\u00e9ros de l&#8217;origine.<\/p>\n\n\n\n<ul class=\"wp-block-list\"><li><a rel=\"noreferrer noopener\" aria-label=\"Pathos (s\u2019ouvre dans un nouvel onglet)\" href=\"http:\/\/lagornis.fr\/pathos\/\" target=\"_blank\">Pathos<\/a><\/li><li>Elfes<\/li><li> <a href=\"http:\/\/lagornis.fr\/orcs\/\">Orcs  <\/a><\/li><li> F\u00e9es  <\/li><li> Gnomes  <\/li><li> Nains  <\/li><li> Elfes  <\/li><li> Fourtar  <\/li><li> Lezlo  <\/li><\/ul>\n\n\n\n<h3 class=\"wp-block-heading\">Les sous branches<\/h3>\n\n\n\n<p>Humains, ce sont g\u00e9n\u00e9ralement des sous clans qui se sont extrait des clans orignels, leurs pouvoirs sont generalement une derivation des pouvoirs du clans d&#8217;origine.<\/p>\n\n\n\n<ul class=\"wp-block-list\"><li>Draconnides <\/li><li>Drows<\/li><li>Metamorphes<\/li><li> Neo draconide <\/li><\/ul>\n\n\n\n<h3 class=\"wp-block-heading\">Les ext\u00e9rieurs<\/h3>\n\n\n\n<p>Ce sont des races dont l&#8217;origine se situe ailleurs que les clans originels, g\u00e9n\u00e9ralement due aux actions d&#8217;un \u00eatre primordial. <\/p>\n\n\n\n<ul class=\"wp-block-list\"><li> Gobelin-karmique <\/li><li> Vanir  <\/li><\/ul>\n","protected":false},"excerpt":{"rendered":"<p>Les races jouables existantes dans dnd sont separ\u00e9 en plusieurs categories : Les descendants des clans heroiques, les sous branches, les ext\u00e9rieurs. Descendants des clans Les descendants des clans sont des humains, leur particularit\u00e9s physiques ou magiques proviennent des clans form\u00e9 par les h\u00e9ros de l&#8217;origine. Pathos Elfes Orcs F\u00e9es Gnomes Nains Elfes Fourtar Lezlo &hellip; <a href=\"https:\/\/old.lagornis.fr\/?page_id=2726\" class=\"more-link\">Continue reading <span class=\"screen-reader-text\">Races (dnd)<\/span> <span class=\"meta-nav\">&rarr;<\/span><\/a><\/p>\n","protected":false},"author":1,"featured_media":0,"parent":2722,"menu_order":0,"comment_status":"closed","ping_status":"closed","template":"","meta":{"footnotes":""},"class_list":["post-2726","page","type-page","status-publish","hentry"],"_links":{"self":[{"href":"https:\/\/old.lagornis.fr\/index.php?rest_route=\/wp\/v2\/pages\/2726","targetHints":{"allow":["GET"]}}],"collection":[{"href":"https:\/\/old.lagornis.fr\/index.php?rest_route=\/wp\/v2\/pages"}],"about":[{"href":"https:\/\/old.lagornis.fr\/index.php?rest_route=\/wp\/v2\/types\/page"}],"author":[{"embeddable":true,"href":"https:\/\/old.lagornis.fr\/index.php?rest_route=\/wp\/v2\/users\/1"}],"replies":[{"embeddable":true,"href":"https:\/\/old.lagornis.fr\/index.php?rest_route=%2Fwp%2Fv2%2Fcomments&post=2726"}],"version-history":[{"count":0,"href":"https:\/\/old.lagornis.fr\/index.php?rest_route=\/wp\/v2\/pages\/2726\/revisions"}],"up":[{"embeddable":true,"href":"https:\/\/old.lagornis.fr\/index.php?rest_route=\/wp\/v2\/pages\/2722"}],"wp:attachment":[{"href":"https:\/\/old.lagornis.fr\/index.php?rest_route=%2Fwp%2Fv2%2Fmedia&parent=2726"}],"curies":[{"name":"wp","href":"https:\/\/api.w.org\/{rel}","templated":true}]}}