{"id":269,"date":"2018-03-28T11:03:11","date_gmt":"2018-03-28T09:03:11","guid":{"rendered":"http:\/\/lagornis.monbacasable.fr\/?p=269"},"modified":"2018-03-28T11:03:11","modified_gmt":"2018-03-28T09:03:11","slug":"pactes","status":"publish","type":"page","link":"https:\/\/old.lagornis.fr\/?page_id=269","title":{"rendered":"Pactes"},"content":{"rendered":"<p>Les pactes (ou march\u00e9) sont une pratique courante chez les entit\u00e9s puissantes : du \u00e0 la magie de l&#8217;esprit, deux individu consentent peuvent passer un pacte magique (sa implique un paquet de magie, donc un des deux au moins doit avoir un paquet de pouvoir ). Le pacte requiert quelque choses des deux membres et ne peut pas \u00eatre rompu : une fois que tu as &#8220;sign\u00e9&#8221; le contrat, tu te doit de l&#8217;honorer (tu est physiquement incapable de faire quoi que ce soit pouvant le rompre, et si il est rompu pas t&#8217;as faute, la magie te r\u00e9duit en miette et donne ton \u00e2me \u00e0 l&#8217;autre partie.<br \/>\nIl y a d&#8217;ailleurs tout une classe de cr\u00e9atures du culte qui vivent quasi exclusivement de pactes, dont satan est un des plus puissants repr\u00e9sentant. Ces cr\u00e9atures (les pactiseurs) n&#8217;agissent jamais d&#8217;eux m\u00eame car cela \u00e9puise leurs pouvoir bien plus rapidement que durant un contrat, ils ne combattent que si il s&#8217;agit de leur part d&#8217;un contrat avec qqun d&#8217;autre. Il sont connu pour proposer des march\u00e9 malhonn\u00eate ou pi\u00e9ger pour contraindre les individus na\u00eff \u00e0 briser leur part et s&#8217;emparer de leur pouvoir.<\/p>\n","protected":false},"excerpt":{"rendered":"<p>Les pactes (ou march\u00e9) sont une pratique courante chez les entit\u00e9s puissantes : du \u00e0 la magie de l&#8217;esprit, deux individu consentent peuvent passer un pacte magique (sa implique un paquet de magie, donc un des deux au moins doit avoir un paquet de pouvoir ). Le pacte requiert quelque choses des deux membres et &hellip; <a href=\"https:\/\/old.lagornis.fr\/?page_id=269\" class=\"more-link\">Continue reading <span class=\"screen-reader-text\">Pactes<\/span> <span class=\"meta-nav\">&rarr;<\/span><\/a><\/p>\n","protected":false},"author":1,"featured_media":0,"parent":0,"menu_order":0,"comment_status":"open","ping_status":"closed","template":"","meta":{"footnotes":""},"class_list":["post-269","page","type-page","status-publish","hentry"],"_links":{"self":[{"href":"https:\/\/old.lagornis.fr\/index.php?rest_route=\/wp\/v2\/pages\/269","targetHints":{"allow":["GET"]}}],"collection":[{"href":"https:\/\/old.lagornis.fr\/index.php?rest_route=\/wp\/v2\/pages"}],"about":[{"href":"https:\/\/old.lagornis.fr\/index.php?rest_route=\/wp\/v2\/types\/page"}],"author":[{"embeddable":true,"href":"https:\/\/old.lagornis.fr\/index.php?rest_route=\/wp\/v2\/users\/1"}],"replies":[{"embeddable":true,"href":"https:\/\/old.lagornis.fr\/index.php?rest_route=%2Fwp%2Fv2%2Fcomments&post=269"}],"version-history":[{"count":0,"href":"https:\/\/old.lagornis.fr\/index.php?rest_route=\/wp\/v2\/pages\/269\/revisions"}],"wp:attachment":[{"href":"https:\/\/old.lagornis.fr\/index.php?rest_route=%2Fwp%2Fv2%2Fmedia&parent=269"}],"curies":[{"name":"wp","href":"https:\/\/api.w.org\/{rel}","templated":true}]}}