{"id":2640,"date":"2019-06-23T12:00:05","date_gmt":"2019-06-23T10:00:05","guid":{"rendered":"http:\/\/lagornis.monbacasable.fr\/?page_id=2640"},"modified":"2019-06-23T12:00:05","modified_gmt":"2019-06-23T10:00:05","slug":"joker","status":"publish","type":"page","link":"https:\/\/old.lagornis.fr\/?page_id=2640","title":{"rendered":"Joker"},"content":{"rendered":"\n<p>les pouvoirs des joker inclue : <\/p>\n\n\n\n<ul class=\"wp-block-list\"><li>Voyage dans le temps<\/li><li>Manipulation libre de la magie<\/li><li>T\u00e9l\u00e9portation<\/li><li>Manipulation de la gravit\u00e9<\/li><li>G\u00e9n\u00e9ration d&#8217;objets (Cr\u00e9\u00e9e \u00e0 partir de rien, ou t\u00e9l\u00e9porter depuis un autre endroit)<\/li><li>Manipulation des r\u00e8gles<\/li><\/ul>\n\n\n\n<p>La manipulation des r\u00e8gles est probablement un des pouvoirs les plus puissants des jokers, ils sont capable de g\u00e9n\u00e9rer une manipulation de la r\u00e9alit\u00e9 local. Ils changent les lois d&#8217;une r\u00e9gion (les livres de loi sont r\u00e9\u00e9cris, les habitants sont persuad\u00e9 que la loi a toujours \u00e9t\u00e9 comme tel), ce qui en soit n&#8217;est pas si puissant, mais celui ci affecte le pouvoir des <a href=\"http:\/\/lagornis.fr\/bestiaire\/daemon\/daemon-du-pacte\/\">daemons des r\u00e8gles<\/a>, rendant les jokers extr\u00eamement puissants en leur pr\u00e9sences.<\/p>\n","protected":false},"excerpt":{"rendered":"<p>les pouvoirs des joker inclue : Voyage dans le temps Manipulation libre de la magie T\u00e9l\u00e9portation Manipulation de la gravit\u00e9 G\u00e9n\u00e9ration d&#8217;objets (Cr\u00e9\u00e9e \u00e0 partir de rien, ou t\u00e9l\u00e9porter depuis un autre endroit) Manipulation des r\u00e8gles La manipulation des r\u00e8gles est probablement un des pouvoirs les plus puissants des jokers, ils sont capable de g\u00e9n\u00e9rer &hellip; <a href=\"https:\/\/old.lagornis.fr\/?page_id=2640\" class=\"more-link\">Continue reading <span class=\"screen-reader-text\">Joker<\/span> <span class=\"meta-nav\">&rarr;<\/span><\/a><\/p>\n","protected":false},"author":1,"featured_media":0,"parent":2631,"menu_order":0,"comment_status":"closed","ping_status":"closed","template":"template_in_progress.php","meta":{"footnotes":""},"class_list":["post-2640","page","type-page","status-publish","hentry"],"_links":{"self":[{"href":"https:\/\/old.lagornis.fr\/index.php?rest_route=\/wp\/v2\/pages\/2640","targetHints":{"allow":["GET"]}}],"collection":[{"href":"https:\/\/old.lagornis.fr\/index.php?rest_route=\/wp\/v2\/pages"}],"about":[{"href":"https:\/\/old.lagornis.fr\/index.php?rest_route=\/wp\/v2\/types\/page"}],"author":[{"embeddable":true,"href":"https:\/\/old.lagornis.fr\/index.php?rest_route=\/wp\/v2\/users\/1"}],"replies":[{"embeddable":true,"href":"https:\/\/old.lagornis.fr\/index.php?rest_route=%2Fwp%2Fv2%2Fcomments&post=2640"}],"version-history":[{"count":0,"href":"https:\/\/old.lagornis.fr\/index.php?rest_route=\/wp\/v2\/pages\/2640\/revisions"}],"up":[{"embeddable":true,"href":"https:\/\/old.lagornis.fr\/index.php?rest_route=\/wp\/v2\/pages\/2631"}],"wp:attachment":[{"href":"https:\/\/old.lagornis.fr\/index.php?rest_route=%2Fwp%2Fv2%2Fmedia&parent=2640"}],"curies":[{"name":"wp","href":"https:\/\/api.w.org\/{rel}","templated":true}]}}