{"id":264,"date":"2018-03-25T23:54:42","date_gmt":"2018-03-25T21:54:42","guid":{"rendered":"http:\/\/lagornis.monbacasable.fr\/?p=264"},"modified":"2018-03-25T23:54:42","modified_gmt":"2018-03-25T21:54:42","slug":"rivieres-de-magie","status":"publish","type":"page","link":"https:\/\/old.lagornis.fr\/?page_id=264","title":{"rendered":"Rivi\u00e8res de magie"},"content":{"rendered":"\n<p>Les rivi\u00e8res de magie sont des formations naturel, constituer d&#8217;un courant continue de magie tellement condens\u00e9 qu&#8217;elle atteint l\u2019\u00e9tat liquide. Il en existe de nombreuse coulant sous le sol \u00e0 travers les pays.<\/p>\n\n\n\n<p>L&#8217;on ignore quelle est leur origine, et m\u00eame leurs effets.<\/p>\n\n\n\n<p><br>C&#8217;est la pr\u00e9sence d&#8217;une rivi\u00e8re de magie particuli\u00e8rement importante sous les terres sauvages qui est responsable du nombre de cr\u00e9atures magiques (qui se nourrissent de magie ) et de l\u2019accroissement de leur puissance dans cette r\u00e9gion.<\/p>\n\n\n\n<p>Le contact avec &#8220;l&#8217;eau&#8221; d&#8217;une de ces rivi\u00e8res est g\u00e9n\u00e9ralement mortel pour les individu qui s&#8217;y risquent, du fait de la quantit\u00e9 d&#8217;\u00e9nergie qui s&#8217;y trouve<\/p>\n\n\n\n<h4 class=\"wp-block-heading\">Puits de magie.<\/h4>\n\n\n\n<p> A plusieurs endroits il existe des puits ou geyser de magie, des lieux  o\u00f9 la magie d&#8217;une rivi\u00e8re vient \u00e0 la surface et se trouve  particuli\u00e8rement dense dans les environs. Un puit de magie est une source de magie ambiante importante pour la zone alentour.<\/p>\n\n\n\n<p>La distinction entre un puits et un geyser est le fait qu&#8217;un puits est artificiel, et bien plus stable. Un geyser peut changer d&#8217;emplacement, et produit des quantit\u00e9s de magie variables, le rendant inutilisable pour des rituels \u00e0 tr\u00e8s long terme (comme un portail magique). <\/p>\n\n\n\n<p>La magie n\u00e9cessaire pour cr\u00e9e un puits n\u00e9cessite une puissance extraordinaire, et les mages anciens qui en ont cr\u00e9e utiliser des sorts n\u00e9cessitant des fragments primordiaux (g\u00e9n\u00e9ralement des sacrifices de moira ) <\/p>\n\n\n\n<p> Un adepte des arts magiques peut utiliser un puits pour recharger son \u00e9nergie magique, ou effectuer un rituel important.<\/p>\n\n\n\n<p>Un puits ou un geyser peut \u00eatre alt\u00e9rer par une autre source de magie. Par exemple certains dieux du mal corrompe les puits de magie, de tel mani\u00e8re que la magie extraite du puit devient de la magie du mal (la magie neutre pouvant changer en une forme de magie plus orient\u00e9). Un puits de magie alt\u00e9r\u00e9 g\u00e9n\u00e8re un type de magie pr\u00e9cise, ce qui affecte toute la zone alentour, appliquant les effets naturel de cette magie (la magie du mal va avoir tendance \u00e0 tuer les plantes, rendre les animaux malade. La magie du bien \u00e0 faire l&#8217;inverse, la magie du feu \u00e0 augmenter la temp\u00e9rature et provoquer des incendies. ), et affectant les sorts lancer dans la zone, les sorts du m\u00eame type que le puits voit leur puissance augmenter de 2 et leur cout diminuer de 1, les sorts d&#8217;un type opposer voit leur puissance diminuer de 2 et leur cout augmenter de 1, les sorts d&#8217;un autre type voir leur cout augmenter de 1.<\/p>\n","protected":false},"excerpt":{"rendered":"<p>Les rivi\u00e8res de magie sont des formations naturel, constituer d&#8217;un courant continue de magie tellement condens\u00e9 qu&#8217;elle atteint l\u2019\u00e9tat liquide. Il en existe de nombreuse coulant sous le sol \u00e0 travers les pays. L&#8217;on ignore quelle est leur origine, et m\u00eame leurs effets. C&#8217;est la pr\u00e9sence d&#8217;une rivi\u00e8re de magie particuli\u00e8rement importante sous les terres &hellip; <a href=\"https:\/\/old.lagornis.fr\/?page_id=264\" class=\"more-link\">Continue reading <span class=\"screen-reader-text\">Rivi\u00e8res de magie<\/span> <span class=\"meta-nav\">&rarr;<\/span><\/a><\/p>\n","protected":false},"author":1,"featured_media":0,"parent":0,"menu_order":0,"comment_status":"open","ping_status":"closed","template":"","meta":{"footnotes":""},"class_list":["post-264","page","type-page","status-publish","hentry"],"_links":{"self":[{"href":"https:\/\/old.lagornis.fr\/index.php?rest_route=\/wp\/v2\/pages\/264","targetHints":{"allow":["GET"]}}],"collection":[{"href":"https:\/\/old.lagornis.fr\/index.php?rest_route=\/wp\/v2\/pages"}],"about":[{"href":"https:\/\/old.lagornis.fr\/index.php?rest_route=\/wp\/v2\/types\/page"}],"author":[{"embeddable":true,"href":"https:\/\/old.lagornis.fr\/index.php?rest_route=\/wp\/v2\/users\/1"}],"replies":[{"embeddable":true,"href":"https:\/\/old.lagornis.fr\/index.php?rest_route=%2Fwp%2Fv2%2Fcomments&post=264"}],"version-history":[{"count":0,"href":"https:\/\/old.lagornis.fr\/index.php?rest_route=\/wp\/v2\/pages\/264\/revisions"}],"wp:attachment":[{"href":"https:\/\/old.lagornis.fr\/index.php?rest_route=%2Fwp%2Fv2%2Fmedia&parent=264"}],"curies":[{"name":"wp","href":"https:\/\/api.w.org\/{rel}","templated":true}]}}