{"id":2625,"date":"2019-06-22T23:53:07","date_gmt":"2019-06-22T21:53:07","guid":{"rendered":"http:\/\/lagornis.monbacasable.fr\/?page_id=2625"},"modified":"2019-06-22T23:53:07","modified_gmt":"2019-06-22T21:53:07","slug":"talents-caracteristiques","status":"publish","type":"page","link":"https:\/\/old.lagornis.fr\/?page_id=2625","title":{"rendered":"Talents caract\u00e9ristiques"},"content":{"rendered":"<p>[su_spoiler title=&#8221;Constitution de l&#8217;\u00e9l\u00e9phant&#8221; style=&#8221;fancy&#8221; icon=&#8221;plus-circle&#8221; anchor=&#8221;Sante&#8221;]<\/p>\n<p>Le personnage est en excellente sant\u00e9 en permanence. +5 pv max, R\u00e9sistance maladie. +1 anti malus Cons<br \/>\nD\u00e9bloquer \u00e0 6 Cons<br \/>\n[\/su_spoiler]<\/p>\n\n\n<p>[su_spoiler title=&#8221;Constitution titanesque&#8221; style=&#8221;fancy&#8221; icon=&#8221;plus-circle&#8221; anchor=&#8221;Sante_titanesque&#8221;]<\/p>\n<p>Le personnage est extr\u00eamement r\u00e9sistant, il ne subit plus les malus de vieillesse, il obtient \u00e9galement un anti malus de 2 sur ses jets de constitution, sa r\u00e9sistance est tel qu&#8217;il subit les effets d&#8217;une h\u00e9morragie un tour plus tard.<br \/>\nD\u00e9bloqu\u00e9 \u00e0 8 Cons<br \/>\n[\/su_spoiler]<\/p>\n\n\n<p>[su_spoiler title=&#8221;Armes de pierre&#8221; style=&#8221;fancy&#8221; icon=&#8221;plus-circle&#8221; anchor=&#8221;arme_pierre&#8221;]<\/p>\n<p>Le personnage est capable de manier une arme en pierre<\/p>\n<p>d\u00e9bloqu\u00e9 \u00e0 5 Fo[\/su_spoiler]<\/p>\n\n\n<p>[su_spoiler title=&#8221;Force du gorille&#8221; style=&#8221;fancy&#8221; icon=&#8221;plus-circle&#8221; anchor=&#8221;force_geant&#8221;]<\/p>\n<p>Le personnage a atteint les limites naturel de force de son esp\u00e8ce.<\/p>\n<p>+2 anti malus \u00e0 tous les jets de force (sauf combat). 50% de la force est ajout\u00e9 aux attaques de corps \u00e0 corps. Augmente de 25kg les paliers de malus de sac \u00e0 dos.<\/p>\n<p>[\/su_spoiler]<\/p>\n\n\n<p>[su_spoiler title=&#8221;Force titanesque&#8221; style=&#8221;fancy&#8221; icon=&#8221;plus-circle&#8221; anchor=&#8221;force_titanesque&#8221;]<\/p>\n<p>Le personnage a d\u00e9pass\u00e9 les limites naturel de force de l&#8217;humanit\u00e9,&nbsp; il peut porter des masses lourdes (500-1000kg dans les bras).<\/p>\n<p>100% de la force est ajout\u00e9 aux attaque de corps \u00e0 corps, augmente de 50kg les paliers de malus de sac \u00e0 dos. [\/su_spoiler]<\/p>\n\n\n<p>[su_spoiler title=&#8221;Adresse du l\u00e9opard&#8221; style=&#8221;fancy&#8221; icon=&#8221;plus-circle&#8221; anchor=&#8221;Adr_leopard&#8221;]<\/p>\n<p>Le personnage est extr\u00eamement agile, ses r\u00e9flexes sont aiguis\u00e9 et il maitrise son corps \u00e0 la perfection. Sa coordination est \u00e9galement excellente. +3 anti malus Adr (sauf combat), peut relancer un jet d\u2019\u00e9quilibre\/acrobatie \u00e9chou\u00e9.<br \/>\nD\u00e9bloquer \u00e0 6 Adr<br \/>\n[\/su_spoiler]<\/p>\n\n\n<p>[su_spoiler title=&#8221;Adresse du titan&#8221; style=&#8221;fancy&#8221; icon=&#8221;plus-circle&#8221; anchor=&#8221;Adresse_titanesque&#8221;]<\/p>\n<p>Le personnage est extr\u00eamement agile et rapide, sa vitesse de d\u00e9placement en combat est doubl\u00e9, il obtient le talent r\u00e9flexe extraordinaire.<br \/>\nD\u00e9bloqu\u00e9 \u00e0 8 Adr<br \/>\n[\/su_spoiler]<\/p>\n\n\n<p>[su_spoiler title=&#8221;Intelligence du renard&#8221; style=&#8221;fancy&#8221; icon=&#8221;plus-circle&#8221; anchor=&#8221;Intelligence_renard&#8221;]<\/p>\n<p>Le personnage est dou\u00e9 de son esprit, il a une bonne m\u00e9moire et est attentif au moindre d\u00e9tail. Gagne 3 comp\u00e9tences niveau 0. Peut tenter des jets d&#8217;intelligences sur des comp\u00e9tences d&#8217;intelligence qu&#8217;il ne maitrise pas (avec un malus de 6).<br \/>\nD\u00e9bloquer \u00e0 6 Int<br \/>\n[\/su_spoiler]<\/p>\n\n\n<p>[su_spoiler title=&#8221;Intelligence titanesque&#8221; style=&#8221;fancy&#8221; icon=&#8221;plus-circle&#8221; anchor=&#8221;Intelligence_titanesque&#8221;]<\/p>\n<p>Le personnage est brillant, il comprend et apprend tout et n&#8217;importe quoi. L&#8217;augmentation de niveau d&#8217;une comp\u00e9tence coute 1 de moins (maitrise ou puissance, 1 minimum )<br \/>\nD\u00e9bloqu\u00e9 \u00e0 8 Int<br \/>\n[\/su_spoiler]<\/p>\n\n\n<p>[su_spoiler title=&#8221;Dexterit\u00e9 du singe&#8221; style=&#8221;fancy&#8221; icon=&#8221;plus-circle&#8221; anchor=&#8221;Dexterite_singe&#8221;]<\/p>\n<p>+ 2 anti malus Dex, malus de 5 aux jets de d\u00e9sarmement adverses.<br \/>\nPeut utiliser les comp\u00e9tences de dext\u00e9rit\u00e9 sans malus.<br \/>\nD\u00e9bloquer \u00e0 6 Dex<br \/>\n[\/su_spoiler]<\/p>\n\n\n<p>[su_spoiler title=&#8221;Dexterit\u00e9 titanesque&#8221; style=&#8221;fancy&#8221; icon=&#8221;plus-circle&#8221; anchor=&#8221;Dexterite_titanesque&#8221;]<\/p>\n<p>La qualit\u00e9 des objets fabriqu\u00e9s est augment\u00e9, le personnage ne d\u00e9clenche plus les pi\u00e8ges dans objets qu&#8217;il utilise.<\/p>\n<p>D\u00e9bloqu\u00e9 \u00e0 8 Dex<br \/>\n[\/su_spoiler]<\/p>\n\n\n<p>[su_spoiler title=&#8221;Magie intense&#8221; style=&#8221;fancy&#8221; icon=&#8221;plus-circle&#8221; anchor=&#8221;Magie]<\/p>\n<p>Le personnage a une volont\u00e9 extr\u00eame, le jet d&#8217;effet mental d&#8217;un adversaire descend de 1\/tour suppl\u00e9mentaire (voir volont\u00e9). Il maitrise \u00e9galement mieux les \u00e9nergies magiques dans son corps. +5pm max.<\/p>\n<p>D\u00e9bloquer \u00e0 6 Mag<br \/>\n[\/su_spoiler]<\/p>\n\n\n<p>[su_spoiler title=&#8221;Magie titanesque&#8221; style=&#8221;fancy&#8221; icon=&#8221;plus-circle&#8221; anchor=&#8221;Magie_titanesque&#8221;]<\/p>\n<p>La volont\u00e9 du personnage lui permet une maitrise parfaite de sa magie.<br \/>\nLe cout de surcharge de puissance des sorts diminue de 1. (Augmenter de 1p augmente le cout de 1 de moins. Exemple : un sort \u00e0 2, lancer a un niveau de plus coute 3, \u00e0 2 niveau de plus coute 4, ect&#8230; Un sort coutant 1pm peut etre augmenter par palier de 2; exemple : up de 2 augmente le cout de 1, de 4 augmente de 2 ect &#8230; )<br \/>\nIl a \u00e9galement une r\u00e9sistance magique naturelle de 5.<\/p>\n<p>D\u00e9bloqu\u00e9 \u00e0 8 Mag<br \/>\n[\/su_spoiler]<\/p>\n\n\n<p>[su_spoiler title=&#8221;Charme du chaton&#8221; style=&#8221;fancy&#8221; icon=&#8221;plus-circle&#8221; anchor=&#8221;Charme_chaton]<\/p>\n<p>Les autres cr\u00e9atures du monde appr\u00e9cie naturellement le personnage, ils seront plus complaisant dans les discutions, et en combat il ne le cibleront pas en priorit\u00e9.<\/p>\n<p>D\u00e9bloquer \u00e0 6 Soc<br \/>\n[\/su_spoiler]<\/p>\n\n\n<p>[su_spoiler title=&#8221;Charme titanesque&#8221; style=&#8221;fancy&#8221; icon=&#8221;plus-circle&#8221; anchor=&#8221;Charme_titanesque&#8221;]<\/p>\n<p>Le personnage connait incroyablement bien les autres \u00eatre vivant, il comprend tous les langages oraux. Il gagne \u00e9galement 2 comp\u00e9tences au choix niv 0.<\/p>\n<p>D\u00e9bloqu\u00e9 \u00e0 8 Soc<br \/>\n[\/su_spoiler]<\/p>\n","protected":false},"excerpt":{"rendered":"","protected":false},"author":1,"featured_media":0,"parent":75,"menu_order":0,"comment_status":"closed","ping_status":"closed","template":"","meta":{"footnotes":""},"class_list":["post-2625","page","type-page","status-publish","hentry"],"_links":{"self":[{"href":"https:\/\/old.lagornis.fr\/index.php?rest_route=\/wp\/v2\/pages\/2625","targetHints":{"allow":["GET"]}}],"collection":[{"href":"https:\/\/old.lagornis.fr\/index.php?rest_route=\/wp\/v2\/pages"}],"about":[{"href":"https:\/\/old.lagornis.fr\/index.php?rest_route=\/wp\/v2\/types\/page"}],"author":[{"embeddable":true,"href":"https:\/\/old.lagornis.fr\/index.php?rest_route=\/wp\/v2\/users\/1"}],"replies":[{"embeddable":true,"href":"https:\/\/old.lagornis.fr\/index.php?rest_route=%2Fwp%2Fv2%2Fcomments&post=2625"}],"version-history":[{"count":0,"href":"https:\/\/old.lagornis.fr\/index.php?rest_route=\/wp\/v2\/pages\/2625\/revisions"}],"up":[{"embeddable":true,"href":"https:\/\/old.lagornis.fr\/index.php?rest_route=\/wp\/v2\/pages\/75"}],"wp:attachment":[{"href":"https:\/\/old.lagornis.fr\/index.php?rest_route=%2Fwp%2Fv2%2Fmedia&parent=2625"}],"curies":[{"name":"wp","href":"https:\/\/api.w.org\/{rel}","templated":true}]}}