{"id":2585,"date":"2019-06-18T19:42:01","date_gmt":"2019-06-18T17:42:01","guid":{"rendered":"http:\/\/lagornis.monbacasable.fr\/?page_id=2585"},"modified":"2019-06-18T19:42:01","modified_gmt":"2019-06-18T17:42:01","slug":"vampires","status":"publish","type":"page","link":"https:\/\/old.lagornis.fr\/?page_id=2585","title":{"rendered":"Vampires"},"content":{"rendered":"\n<p>Les vampires sont des humains ayant subit la mal\u00e9diction vampirique. (Pour les vampires mort vivants, voir : <a href=\"http:\/\/lagornis.fr\/bestiaire\/morts-vivants#vampire\">mort vivant<\/a> ) <\/p>\n\n\n\n<h3 class=\"wp-block-heading\">Origine<\/h3>\n\n\n\n<p>L\u2019origine des vampires remonte \u00e0 l&#8217;age des dieux , le sortil\u00e8ge changeant un humain en vampire fut cr\u00e9\u00e9e par les mages au service de la d\u00e9esse Shyrha, une d\u00e9esse majeur du soleil. Ils devaient assur\u00e9 l&#8217;influence de la d\u00e9esse pendant la nuit, en \u00e9liminant les rebelles et en faisant r\u00e9gner la crainte envers celle ci. Ils avaient aussi le r\u00f4le de la prot\u00e9ger pendant la nuit, moment o\u00f9 elle \u00e9tait la plus faible. <\/p>\n\n\n\n<p>Le rituel pour convertir un humain en vampire est plutot facile, pour un vampire ancien, il est possible via un transfert de sang qu&#8217;un vampire change un humain. L&#8217;ancien sortilege cr\u00e9ant les vampires existe toujours, mais il extremement rare, il a l&#8217;avantage de ne pas necessiter un vampire pour en cr\u00e9\u00e9e un. <\/p>\n\n\n\n<p>Mais la mani\u00e8re la plus simple dont se reproduisent les vampires modernes est en faisant des enfants, le vampirisme \u00e9tant h\u00e9r\u00e9ditaire.<\/p>\n\n\n\n<h3 class=\"wp-block-heading\">Capacit\u00e9s<\/h3>\n\n\n\n<p>Les vampires ont de nombreuses capacit\u00e9s surhumaines, et celles ci sont proportionnel \u00e0 leur age. Plus un vampire vieilli, plus sa puissance augmente et sa sensibilit\u00e9s a ses faiblesses diminue. <\/p>\n\n\n\n<p>Les pouvoirs d&#8217;un vampire sont la force surhumaine, une vitesse extr\u00eame, et une capacit\u00e9 de r\u00e9g\u00e9n\u00e9ration accru. Ils ont \u00e9galement des sens sup\u00e9rieurs, la vision nocturne et la capacit\u00e9 de ressentir les cr\u00e9atures vivantes \u00e0 distance. Ils poss\u00e8dent \u00e9galement divers pouvoirs (li\u00e9 au sang et aux ombres, contr\u00f4le mental, forme d&#8217;ombre &#8230; ). Ils sont \u00e9galement resistans au maladies et poisons, et ne vieillissent pas. <\/p>\n\n\n\n<p>Toutes ces capacit\u00e9s sont cependant conditionner a leur soif de sang : un vampire se doit de boire du sang r\u00e9gulierement ou il perd progressivement ses pouvoirs et peut finir par en mourir. Ils sont \u00e9galement extremement sensible \u00e0 la lumiere du soleil, celle ci a pour effet de neutraliser toutes leur capacit\u00e9s (et les reduires en terme de capacit\u00e9 \u00e0 des humains), et les affaiblit terriblement (et peux meme finir par les tuer si ils sont expos\u00e9 trop longtemps, meme si ils ne prennent pas feu au moindre rayon de soleil ). Quand ils ont besoin de sortir en plein jour, ils sont g\u00e9n\u00e9ralement lourdement couvert et reste \u00e0 l&#8217;ombre pour limiter les effets n\u00e9gatifs.<\/p>\n\n\n\n<p>Un vampire perd acc\u00e8s a son pouvoir racial en changeant, mais ils compensent ais\u00e9ment avec leurs autres capacit\u00e9s.<\/p>\n\n\n\n<h3 class=\"wp-block-heading\">Localisation \/ vie social<\/h3>\n\n\n\n<p>Les vampires vivent soit seul, soit en petite communaut\u00e9. On trouve des vampires partout dans lagornis, m\u00eame si ils vivent g\u00e9n\u00e9ralement cach\u00e9 et isol\u00e9. Les communaut\u00e9s de vampire ouverte se trouve majoritairement dans les terres obscures, bien qu&#8217;il en existe quelques unes dans la montagne vivante. <\/p>\n\n\n\n<p>Les communaut\u00e9s de vampire vivent \u00e9videment la nuit, et soit en harmonie avec un groupe d&#8217;humain qui leur fournit du sang en \u00e9change de protection, soit en r\u00e9duisant en esclavage des humains pour les exploiter. <\/p>\n\n\n\n<h3 class=\"wp-block-heading\">Cat\u00e9gorisation des vampires<\/h3>\n\n\n\n<p>Les vampires sont cat\u00e9goriser par puissance et age. L&#8217;age accroit la puissance d&#8217;un vampire, mais ils peuvent \u00e9galement gagner en puissance en se nourrissant du sang de vampires puissants. Il est possible pour un jeune vampire d&#8217;atteindre un rang plus \u00e9lev\u00e9 en eliminant ses ain\u00e9s ou en dominant une communaut\u00e9.  (L&#8217;age d&#8217;un vampire est bas\u00e9 sur l&#8217;instant o\u00f9 il est devenu un vampire, pas l&#8217;age qu&#8217;il avait avant d&#8217;en devenir un ) <\/p>\n\n\n\n<h5 class=\"wp-block-heading\">Jeunes vampires<\/h5>\n\n\n\n<p>Ils ont moins d&#8217;un si\u00e8cle, leur force et rapidit\u00e9 est au dessus de la normal mais pas extraordinaire. Ils sont extr\u00eamement sensible au soleil et ne peuvent pas passer plus de quelques heures \u00e0 l\u2019ext\u00e9rieur en plein jour sans commenc\u00e9 \u00e0 se sentir mal. (20% des vampires ) <\/p>\n\n\n\n<h5 class=\"wp-block-heading\">Vampires<\/h5>\n\n\n\n<p>Ils ont entre 100 et 300 ans, le groupe le plus important, ils sont fort, rapide et robuste. (capable de courir aussi vite qu&#8217;un cheval de course, port\u00e9 des masses majeurs (1-3 tonnes). Ils peuvent  survivre avec un rythme de vie diurne si ils ont besoin (avec des protections contre le soleil ). Ils sont resistants, et commence \u00e0 maitriser certains des pouvoirs vampiriques (70% des vampires ) <\/p>\n\n\n\n<h5 class=\"wp-block-heading\">Ancien vampires<\/h5>\n\n\n\n<p>\u00c2g\u00e9s de plus de 300 ans jusqu&#8217;\u00e0 800, ils sont extr\u00eamement puissants (et souvent la cause de mort des apprentis chasseurs de vampires). Leur force et rapidit\u00e9 est quasi in\u00e9gal\u00e9 parmi les humains, leur capacit\u00e9 de r\u00e9g\u00e9n\u00e9ration les rend quasi invuln\u00e9rable (\u00e0 moins d\u2019\u00eatre capable de leur tranch\u00e9 la t\u00e8te, utiliser de la magie, ou leur inflig\u00e9 des blessures irr\u00e9parable ). Ils poss\u00e8dent un grand nombre de pouvoirs vampiriques. Ils sont \u00e9galement capable de cr\u00e9\u00e9e de nouveaux vampires. (8% des vampires)<\/p>\n\n\n\n<h5 class=\"wp-block-heading\">Lord vampire<\/h5>\n\n\n\n<p>Les lords depasse les 800 ans.  Leur puissance est incomparable, et ils vivent g\u00e9n\u00e9ralement isol\u00e9. IIs sont quasiment immortel. La cat\u00e9gorie de lord etant vaste, il existe de grands distinctions entre les plus jeunes et les plus anciens en terme de puissances. (2% des vampires)<\/p>\n\n\n\n<h5 class=\"wp-block-heading\">Prince vampire<\/h5>\n\n\n\n<p>Les princes vampires sont des lords ayants choisi de vivre en dominant des regions, ils ont un vaste territoire, et de nombreux vampires \u00e0 leurs ordres. Ils font partie des puissances dirigeantes au sein des terres obscures et ne sont pas \u00e0 prendre \u00e0 la l\u00e9g\u00e8re.<\/p>\n\n\n\n<h5 class=\"wp-block-heading\">Dieux vampires<\/h5>\n\n\n\n<p>Les dieux vampires sont des princes vampires qui ont gagner suffisamment en puissance pour \u00eatre consid\u00e9r\u00e9 comme des dieux. Il en existe deux type : ceux qui sont toujours vampire, ou ceux qui sont devenu des dieux de par l\u2019influence qu&#8217;ils ont sur le peuple autour d&#8217;eux. Ceux devenu divin beneficie en plus de leurs capacit\u00e9s de vampires des capacit\u00e9s naturel des dieux (Forme d\u2019\u00e9nergie, possession, t\u00e9l\u00e9portation, magie de l&#8217;esprit )<\/p>\n\n\n\n<h3 class=\"wp-block-heading\"> Vampires notable<\/h3>\n\n\n\n<h5 class=\"wp-block-heading\">Tergan<\/h5>\n\n\n\n<p>Tergan est un dieu vampire, fils d&#8217;un puissant dieu vampire, il r\u00e8gne sur la <a href=\"http:\/\/lagornis.fr\/lieux\/province-de-sheena\/\">province de Sheena <\/a>au cot\u00e9 de son frere qu&#8217;il deteste.<\/p>\n\n\n\n<h5 class=\"wp-block-heading\">Le roi vampire<\/h5>\n\n\n\n<p>Un puissant dieu vampire vivant a l&#8217;ouest des terres obscures, il dirige seulement un monast\u00e8re d&#8217;humains qui le v\u00e9n\u00e8re. Il accorde parfois l&#8217;honneur de chang\u00e9 en vampire les moines l&#8217;ayant bien servit et des les envoy\u00e9 au loin. Il est consid\u00e9r\u00e9 comme le plus puissant vampire des terres obscures du haut de ses 2800 ans. Il est extr\u00eamement territorial et inflige des d\u00e9faites \u00e9crasante \u00e0 tous les vampires s&#8217;introduisant sur son territoire pour le d\u00e9fier. <\/p>\n\n\n\n<h5 class=\"wp-block-heading\">Le Baron dravaunian <\/h5>\n\n\n\n<p>Le baron est un individu \u00e9trange, il a \u00e9t\u00e9 vue intervenir dans de nombreux conflits au fil des si\u00e8cles, apportant son aide \u00e0 certains, \u00e9liminant d&#8217;autre. Son origine est incertaines, et son territoire l&#8217;ai tout autant. Il a \u00e9t\u00e9 vue partout dans lagornis, et il accorde parfois assistance \u00e0 ceux ayant \u00e0 c\u0153ur la cause des vampires. Il est d&#8217;apr\u00e8s la rumeur incroyablement puissant, certains t\u00e9moins affirmerait qu&#8217;il a vaincu le roi vampire en combat singulier, puis \u00e0 n\u00e9gocier longuement avec lui. Ses objectifs et ses buts sont inconnue, mais il a \u00e9t\u00e9 d\u00e9terminer par beaucoup comme un puissant alli\u00e9 des vampires et l&#8217;une des raisons que la race des vampires est toujours aussi puissante. <\/p>\n","protected":false},"excerpt":{"rendered":"<p>Les vampires sont des humains ayant subit la mal\u00e9diction vampirique. (Pour les vampires mort vivants, voir : mort vivant ) Origine L\u2019origine des vampires remonte \u00e0 l&#8217;age des dieux , le sortil\u00e8ge changeant un humain en vampire fut cr\u00e9\u00e9e par les mages au service de la d\u00e9esse Shyrha, une d\u00e9esse majeur du soleil. Ils devaient &hellip; <a href=\"https:\/\/old.lagornis.fr\/?page_id=2585\" class=\"more-link\">Continue reading <span class=\"screen-reader-text\">Vampires<\/span> <span class=\"meta-nav\">&rarr;<\/span><\/a><\/p>\n","protected":false},"author":1,"featured_media":0,"parent":2612,"menu_order":0,"comment_status":"closed","ping_status":"closed","template":"","meta":{"footnotes":""},"class_list":["post-2585","page","type-page","status-publish","hentry"],"_links":{"self":[{"href":"https:\/\/old.lagornis.fr\/index.php?rest_route=\/wp\/v2\/pages\/2585","targetHints":{"allow":["GET"]}}],"collection":[{"href":"https:\/\/old.lagornis.fr\/index.php?rest_route=\/wp\/v2\/pages"}],"about":[{"href":"https:\/\/old.lagornis.fr\/index.php?rest_route=\/wp\/v2\/types\/page"}],"author":[{"embeddable":true,"href":"https:\/\/old.lagornis.fr\/index.php?rest_route=\/wp\/v2\/users\/1"}],"replies":[{"embeddable":true,"href":"https:\/\/old.lagornis.fr\/index.php?rest_route=%2Fwp%2Fv2%2Fcomments&post=2585"}],"version-history":[{"count":0,"href":"https:\/\/old.lagornis.fr\/index.php?rest_route=\/wp\/v2\/pages\/2585\/revisions"}],"up":[{"embeddable":true,"href":"https:\/\/old.lagornis.fr\/index.php?rest_route=\/wp\/v2\/pages\/2612"}],"wp:attachment":[{"href":"https:\/\/old.lagornis.fr\/index.php?rest_route=%2Fwp%2Fv2%2Fmedia&parent=2585"}],"curies":[{"name":"wp","href":"https:\/\/api.w.org\/{rel}","templated":true}]}}