{"id":2553,"date":"2019-06-14T14:22:21","date_gmt":"2019-06-14T12:22:21","guid":{"rendered":"http:\/\/lagornis.monbacasable.fr\/?p=2553"},"modified":"2019-06-14T14:22:21","modified_gmt":"2019-06-14T12:22:21","slug":"coup-final-attaque-signature","status":"publish","type":"page","link":"https:\/\/old.lagornis.fr\/?page_id=2553","title":{"rendered":"Coup final \/ attaque signature"},"content":{"rendered":"\n<p><\/p>\n\n\n<p>[su_tabs vertical=&#8221;no&#8221;][su_tab title=&#8221;Coup finaux&#8221; disabled=&#8221;no&#8221; anchor=&#8221;&#8221; url=&#8221;&#8221; target=&#8221;blank&#8221; class=&#8221;&#8221;]<\/p>\n\n\n\n<p> Le coup final fonctionnent de la m\u00eame mani\u00e8re qu&#8217;une attaque signature, \u00e0 l&#8217;exception qu&#8217;un coup final doit servir \u00e0 achever l&#8217;adversaire. Si les d\u00e9g\u00e2ts infliger sont insuffisant pour achever la cible, celle ci gagne une attaque d&#8217;opportunit\u00e9 sur le personnage. Achever un adversaire avec un coup final octroi une action bonus et de l&#8217;xp. Rembourse 2 points de fatigues.<\/p>\n\n\n\n<p> G\u00e9n\u00e8re 3 points de fatigues. <\/p>\n\n\n\n<p> L\u2019exp\u00e9rience gagn\u00e9 d\u00e9pend de l&#8217;adversaire : une cible non combattante en rapporte 0. Un adversaire faible (un minion) rapporte 0.5XP. Un adversaire mediant : 1XP. Un adversaire simple 1.5. Un boss 2. La comp\u00e9tence ne peut g\u00e9n\u00e9rer que 5XP par niveau de la comp\u00e9tence.<\/p>\n\n\n\n<p>Pour tenter un coup final, le personnage doit avoir blesser la cible au tour pr\u00e9c\u00e9dent ou l&#8217;avoir combattu durant les 3 tours pr\u00e9c\u00e9dents (subit des attaques ou attaquer )  (sauf d\u00e9rogation du mj) <\/p>\n\n\n\n<h4 class=\"wp-block-heading\">Listes coups finaux d\u00e9j\u00e0 implant\u00e9<\/h4>\n\n\n<p>[su_spoiler title=&#8221;Sutoraiki-Teni&#8221; style=&#8221;fancy&#8221; icon=&#8221;plus-circle&#8221; anchor=&#8221;Sutoraiki-Teni&#8221;]<\/p>\n\n\n\n<p>Une attaque de paladin alliant comp\u00e9tence martial et magique. La lame de l&#8217;\u00e9p\u00e9e s&#8217;illumine de la couleur de l&#8217;aura du personnage et il frappe le point faible de sa cible pour infliger des d\u00e9g\u00e2ts d\u00e9vastateur. <\/p>\n\n\n\n<p>Coute 5 pmc<\/p>\n\n\n\n<ul class=\"wp-block-list\"><li>p1 : Ajoute la carac MAG aux d\u00e9g\u00e2ts de l&#8217;attaque<\/li><li>p2 : R\u00e9duit de 1 la fatigue g\u00e9n\u00e9r\u00e9.<\/li><li>p3 : Ajoute la carac FOR aux d\u00e9g\u00e2ts de l&#8217;attaque<\/li><li>p4 : Offre une attaque d&#8217;opportunit\u00e9s \u00e0 un individu proche de la cible avant l&#8217;attaque final (si l&#8217;attaque d&#8217;opportunit\u00e9s tue la cible, les bonus de coup final s&#8217;applique comme si le coup final \u00e9tait responsable) <\/li><li>p5 : En cas de r\u00e9ussite r\u00e9g\u00e9n\u00e8re &lt;lvl du personnage&gt; PM<\/li><li>p6 : L&#8217;attaque d&#8217;opportunit\u00e9 s\u2019\u00e9tant \u00e0 un individu \u00e0 distance.<\/li><li>p7 : Si le coup final inflige plus de 60% des pv max de la cible, le coup est lethal.<\/li><\/ul>\n\n\n<p>[\/su_spoiler]<\/p>\n\n\n<p>[\/su_tab] [su_tab title=&#8221;Attaques signatures&#8221; disabled=&#8221;no&#8221; anchor=&#8221;&#8221; url=&#8221;&#8221; target=&#8221;blank&#8221; class=&#8221;&#8221;]<\/p>\n\n\n\n<h4 class=\"wp-block-heading\">Liste attaques signatures<\/h4>\n\n\n\n<p>Une attaque signature est un coup particuli\u00e8rement puissant avec des effets secondaires. Ils sont sp\u00e9cifique aux personnages<br> et souvent li\u00e9 \u00e0 une arme particuli\u00e8re.<br> G\u00e9n\u00e8re 2 points de fatigues <\/p>\n\n\n<p>[\/su_tab][\/su_tabs]<\/p>\n","protected":false},"excerpt":{"rendered":"<p>Le coup final fonctionnent de la m\u00eame mani\u00e8re qu&#8217;une attaque signature, \u00e0 l&#8217;exception qu&#8217;un coup final doit servir \u00e0 achever l&#8217;adversaire. Si les d\u00e9g\u00e2ts infliger sont insuffisant pour achever la cible, celle ci gagne une attaque d&#8217;opportunit\u00e9 sur le personnage. Achever un adversaire avec un coup final octroi une action bonus et de l&#8217;xp. Rembourse &hellip; <a href=\"https:\/\/old.lagornis.fr\/?page_id=2553\" class=\"more-link\">Continue reading <span class=\"screen-reader-text\">Coup final \/ attaque signature<\/span> <span class=\"meta-nav\">&rarr;<\/span><\/a><\/p>\n","protected":false},"author":1,"featured_media":0,"parent":46,"menu_order":0,"comment_status":"open","ping_status":"closed","template":"","meta":{"footnotes":""},"class_list":["post-2553","page","type-page","status-publish","hentry"],"_links":{"self":[{"href":"https:\/\/old.lagornis.fr\/index.php?rest_route=\/wp\/v2\/pages\/2553","targetHints":{"allow":["GET"]}}],"collection":[{"href":"https:\/\/old.lagornis.fr\/index.php?rest_route=\/wp\/v2\/pages"}],"about":[{"href":"https:\/\/old.lagornis.fr\/index.php?rest_route=\/wp\/v2\/types\/page"}],"author":[{"embeddable":true,"href":"https:\/\/old.lagornis.fr\/index.php?rest_route=\/wp\/v2\/users\/1"}],"replies":[{"embeddable":true,"href":"https:\/\/old.lagornis.fr\/index.php?rest_route=%2Fwp%2Fv2%2Fcomments&post=2553"}],"version-history":[{"count":0,"href":"https:\/\/old.lagornis.fr\/index.php?rest_route=\/wp\/v2\/pages\/2553\/revisions"}],"up":[{"embeddable":true,"href":"https:\/\/old.lagornis.fr\/index.php?rest_route=\/wp\/v2\/pages\/46"}],"wp:attachment":[{"href":"https:\/\/old.lagornis.fr\/index.php?rest_route=%2Fwp%2Fv2%2Fmedia&parent=2553"}],"curies":[{"name":"wp","href":"https:\/\/api.w.org\/{rel}","templated":true}]}}