{"id":2534,"date":"2019-06-05T10:22:11","date_gmt":"2019-06-05T08:22:11","guid":{"rendered":"http:\/\/lagornis.monbacasable.fr\/?p=2534"},"modified":"2019-06-05T10:22:11","modified_gmt":"2019-06-05T08:22:11","slug":"borg","status":"publish","type":"page","link":"https:\/\/old.lagornis.fr\/?page_id=2534","title":{"rendered":"B\u00f6rg"},"content":{"rendered":"\n<p>Les B\u00f6rgs sont une race humaine \u00e9teinte, il s&#8217;agissait d&#8217;un des clans h\u00e9ro\u00efques, ils \u00e9taient d\u00e9dies au combat et leurs pouvoirs servait \u00e0 accroitre leur capacit\u00e9s physiques. <\/p>\n\n\n\n<p>L\u2019apparence d&#8217;un B\u00f6rg est bas\u00e9 sur l&#8217;accroissement des capacit\u00e9s de combats, ils sont des \u00eatres humano\u00efdes de trois m\u00e8tres. Leur corps est couverts d\u2019\u00e9cailles \u00e0 la fois r\u00e9sistante et tranchantes. Leurs capacit\u00e9s physiques sont sup\u00e9rieurs \u00e0 celles de tous les autres clans, que ce soit en terme de force, rapidit\u00e9, ou agilit\u00e9. Ils poss\u00e8dent 4 bras, qu&#8217;ils utilisent g\u00e9n\u00e9ralement pour manier un second set d&#8217;armes. Leurs peau\/\u00e9cailles sont bleu\/violacer, et extr\u00eamement r\u00e9sistante. Outre l&#8217;aspect r\u00e9sistants des \u00e9cailles, elles servent aussi \u00e0 colmater les blessures et appliqu\u00e9 pression sur les plaies, limitant l&#8217;impact de celles ci. <\/p>\n\n\n\n<p>Les B\u00f6rgs s&#8217;entrainait toute leur vie au combat, et bien que leur clan \u00e9tait \u00e9galement evoluer, toute leur cultures ou loisir sont centr\u00e9 sur les affrontement. Leurs recherches en magie ou technologie \u00e9tait plut\u00f4t limit\u00e9, bien que suffisant pour permettre \u00e0 leur population de vivre correctement. <\/p>\n\n\n\n<p>Les B\u00f6rgs ont un syst\u00e8me d&#8217;honneur au combat extr\u00eamement appuyer : il est consid\u00e9rer qu&#8217;un B\u00f6rg ayant agit de fa\u00e7on d\u00e9shonorable ne m\u00e9rite plus de vivre, si son crime est leger il sera ex\u00e9cut\u00e9 dans un combat \u00e0 mort par sa tribu, si son crime est grave il sera priv\u00e9 de ses armes et banni des territoires du clan. Il est consid\u00e9r\u00e9 comme glorieux de mourir au combat, et extr\u00eamement d\u00e9shonorante de mourir d&#8217;une autre cause. <\/p>\n\n\n\n<p>Suivant leur concept d&#8217;honneur, la seule raison valable pour fuir un combat est si cela permet de prot\u00e9ger le clan (pr\u00e9venir d&#8217;une attaque, \u00eatre en mission critique ), dans toute autre circonstance le combat doit \u00eatre poursuivi jusqu&#8217;\u00e0 la mort de l&#8217;un des participants. Leur concept d&#8217;honneur n\u2019inclus pas les attaques en traitre, les coups bas ou autre, qui sont consid\u00e9r\u00e9 comme des attaques qui ne devrait pas poser de probl\u00e8me \u00e0 un v\u00e9ritable combattant. Ils ont tendance \u00e0 \u00e9pargner les adversaire &#8220;faible&#8221;, ceux qui n&#8217;ont pas donn\u00e9 un v\u00e9ritable combat, ce genre d&#8217;acte de mis\u00e9ricorde ne survient que lors ce que le tribu n&#8217;est pas en guerre et dans deux circonstances : l&#8217;adversaire est suffisamment m\u00e9prisable pour subir de vivre sa vie estropi\u00e9 et dans la honte de la d\u00e9faite, ou celui ci est un suffisamment bon guerrier pour m\u00e9rite de continuer \u00e0 vivre et avoir une chance de revanche. <\/p>\n\n\n\n<p>Le clan B\u00f6rg a \u00e9t\u00e9 exterminer \u00e0 la fin de la guerre draconique par la meute sauvage de Jenny. <br><\/p>\n","protected":false},"excerpt":{"rendered":"<p>Les B\u00f6rgs sont une race humaine \u00e9teinte, il s&#8217;agissait d&#8217;un des clans h\u00e9ro\u00efques, ils \u00e9taient d\u00e9dies au combat et leurs pouvoirs servait \u00e0 accroitre leur capacit\u00e9s physiques. L\u2019apparence d&#8217;un B\u00f6rg est bas\u00e9 sur l&#8217;accroissement des capacit\u00e9s de combats, ils sont des \u00eatres humano\u00efdes de trois m\u00e8tres. Leur corps est couverts d\u2019\u00e9cailles \u00e0 la fois r\u00e9sistante &hellip; <a href=\"https:\/\/old.lagornis.fr\/?page_id=2534\" class=\"more-link\">Continue reading <span class=\"screen-reader-text\">B\u00f6rg<\/span> <span class=\"meta-nav\">&rarr;<\/span><\/a><\/p>\n","protected":false},"author":1,"featured_media":0,"parent":2612,"menu_order":0,"comment_status":"open","ping_status":"closed","template":"","meta":{"footnotes":""},"class_list":["post-2534","page","type-page","status-publish","hentry"],"_links":{"self":[{"href":"https:\/\/old.lagornis.fr\/index.php?rest_route=\/wp\/v2\/pages\/2534","targetHints":{"allow":["GET"]}}],"collection":[{"href":"https:\/\/old.lagornis.fr\/index.php?rest_route=\/wp\/v2\/pages"}],"about":[{"href":"https:\/\/old.lagornis.fr\/index.php?rest_route=\/wp\/v2\/types\/page"}],"author":[{"embeddable":true,"href":"https:\/\/old.lagornis.fr\/index.php?rest_route=\/wp\/v2\/users\/1"}],"replies":[{"embeddable":true,"href":"https:\/\/old.lagornis.fr\/index.php?rest_route=%2Fwp%2Fv2%2Fcomments&post=2534"}],"version-history":[{"count":0,"href":"https:\/\/old.lagornis.fr\/index.php?rest_route=\/wp\/v2\/pages\/2534\/revisions"}],"up":[{"embeddable":true,"href":"https:\/\/old.lagornis.fr\/index.php?rest_route=\/wp\/v2\/pages\/2612"}],"wp:attachment":[{"href":"https:\/\/old.lagornis.fr\/index.php?rest_route=%2Fwp%2Fv2%2Fmedia&parent=2534"}],"curies":[{"name":"wp","href":"https:\/\/api.w.org\/{rel}","templated":true}]}}