{"id":2519,"date":"2019-06-02T12:16:11","date_gmt":"2019-06-02T10:16:11","guid":{"rendered":"http:\/\/lagornis.monbacasable.fr\/?p=2519"},"modified":"2019-06-02T12:16:11","modified_gmt":"2019-06-02T10:16:11","slug":"parchemin-grimoire","status":"publish","type":"page","link":"https:\/\/old.lagornis.fr\/?page_id=2519","title":{"rendered":"Parchemin \/ grimoire"},"content":{"rendered":"\n<table class=\"wp-block-table\"><tbody><tr><td><strong><em>Parchemin<\/em><\/strong><\/td><\/tr><tr><td><strong>Prix<\/strong><\/td><td><strong>Condition<\/strong><\/td><td><strong>Effet<\/strong><\/td><\/tr><tr><td>Boule de feu<\/td><td>12<\/td><td>Lecture Artar<\/td><td>Projette une boule de feu, 10 m de port\u00e9e, 2d6 dgts<\/td><\/tr><tr><td>Champ de protection<\/td><td>12<\/td><td>Lecture Artar<\/td><td>Cr\u00e9e une bulle de protection, 2 tour ou 15 d\u00e9g\u00e2ts.<\/td><\/tr><tr><td>Zombie \u00e9ternel<\/td><td>30<\/td><td>Lecture Mortical<\/td><td>Invoque un zombie \u00e9ternel (voir spell)<\/td><\/tr><tr><td>Rappel<\/td><td>50<\/td><td>Connaissance magique<\/td><td>D\u00e9place le lecteur et toutes les cr\u00e9atures dans une zone de 8m vers le point de rappel (d\u00e9fini \u00e0 la cr\u00e9ation du parchemin)<\/td><\/tr><\/tbody><\/table>\n\n\n\n<table class=\"wp-block-table aligncenter\"><tbody><tr><td><em><strong>Grimoires<\/strong><\/em><\/td><td><\/td><\/tr><tr><td><strong>Nom<\/strong><\/td><td><strong>Poids<\/strong><\/td><td><strong>Prix<\/strong><\/td><td><strong>Description<\/strong><\/td><\/tr><tr><td>La magie pour les nuls<\/td><td>1 kg<\/td><td>15<\/td><td>Ajoute 1 niveau de \u00ab maitrise des sortil\u00e8ges apr\u00e8s 2 semaines d\u2019\u00e9tudes (lvl 3 max)<\/td><\/tr><tr><td>Bruler vos petits camarades<\/td><td>1kg<\/td><td>16<\/td><td>Ajoute 1 niveau dans un des sort \u00ab boule de feu, d\u00e9flagration, inferno \u00bb apr\u00e8s 1 mois d\u2019\u00e9tude(lvl 3 max)<\/td><\/tr><tr><td>Combat arme l\u00e9g\u00e8re<\/td><td>1kg<\/td><td>10<\/td><td>Ajoute 1 niveau dans la comp\u00e9tence maitrise arme l\u00e9g\u00e8re apr\u00e8s 1 mois d\u2019\u00e9tude(lvl 3 max)<\/td><\/tr><tr><td>Soignons voyons<\/td><td>1 kg<\/td><td>17<\/td><td>Ajoute 1 niveau dans un des sorts \u00ab r\u00e9g\u00e9n\u00e9ration, gu\u00e9rison, repos \u00bb apr\u00e8s 1 mois d\u2019\u00e9tude (lvl 3 max)<\/td><\/tr><tr><td>Dictionnaire d\u2019Artar<\/td><td>2kg<\/td><td>12<\/td><td>Ajoute la comp\u00e9tence langue ancienne \u00ab artar \u00bb, ou augmente de 1 la puissance de langue ancienne \u00ab artar \u00bb (une fois par personnage) 3 mois d\u2019etudes<\/td><\/tr><tr><td>Deplacement<\/td><td>1kg<\/td><td>30<\/td><td>Ajoute 1 niveau dans le sort \u00ab d\u00e9placement physique \u00bb apr\u00e8s 1 mois d\u2019\u00e9tude (lvl 3 max)<\/td><\/tr><tr><td>Livre de resurection<\/td><td>1kg<\/td><td>250<\/td><td>La seconde page active la magie du livre, qui apprend instantan\u00e9ment le sort \u00ab r\u00e9surrection mineur \u00bb au personnage avant de tomber en miette<\/td><\/tr><tr><td>Livre du destin<\/td><td>500<\/td><td>La seconde page active la magie du livre, qui apprend instantan\u00e9ment le sort \u00ab destin\u00e9 manifeste \u00bb au personnage avant de tomber en miette<\/td><\/tr><\/tbody><\/table>\n","protected":false},"excerpt":{"rendered":"<p>Parchemin Prix Condition Effet Boule de feu 12 Lecture Artar Projette une boule de feu, 10 m de port\u00e9e, 2d6 dgts Champ de protection 12 Lecture Artar Cr\u00e9e une bulle de protection, 2 tour ou 15 d\u00e9g\u00e2ts. Zombie \u00e9ternel 30 Lecture Mortical Invoque un zombie \u00e9ternel (voir spell) Rappel 50 Connaissance magique D\u00e9place le lecteur &hellip; <a href=\"https:\/\/old.lagornis.fr\/?page_id=2519\" class=\"more-link\">Continue reading <span class=\"screen-reader-text\">Parchemin \/ grimoire<\/span> <span class=\"meta-nav\">&rarr;<\/span><\/a><\/p>\n","protected":false},"author":1,"featured_media":0,"parent":865,"menu_order":0,"comment_status":"open","ping_status":"closed","template":"","meta":{"footnotes":""},"class_list":["post-2519","page","type-page","status-publish","hentry"],"_links":{"self":[{"href":"https:\/\/old.lagornis.fr\/index.php?rest_route=\/wp\/v2\/pages\/2519","targetHints":{"allow":["GET"]}}],"collection":[{"href":"https:\/\/old.lagornis.fr\/index.php?rest_route=\/wp\/v2\/pages"}],"about":[{"href":"https:\/\/old.lagornis.fr\/index.php?rest_route=\/wp\/v2\/types\/page"}],"author":[{"embeddable":true,"href":"https:\/\/old.lagornis.fr\/index.php?rest_route=\/wp\/v2\/users\/1"}],"replies":[{"embeddable":true,"href":"https:\/\/old.lagornis.fr\/index.php?rest_route=%2Fwp%2Fv2%2Fcomments&post=2519"}],"version-history":[{"count":0,"href":"https:\/\/old.lagornis.fr\/index.php?rest_route=\/wp\/v2\/pages\/2519\/revisions"}],"up":[{"embeddable":true,"href":"https:\/\/old.lagornis.fr\/index.php?rest_route=\/wp\/v2\/pages\/865"}],"wp:attachment":[{"href":"https:\/\/old.lagornis.fr\/index.php?rest_route=%2Fwp%2Fv2%2Fmedia&parent=2519"}],"curies":[{"name":"wp","href":"https:\/\/api.w.org\/{rel}","templated":true}]}}