{"id":2508,"date":"2019-05-28T15:58:50","date_gmt":"2019-05-28T13:58:50","guid":{"rendered":"http:\/\/lagornis.monbacasable.fr\/?p=2508"},"modified":"2019-05-28T15:58:50","modified_gmt":"2019-05-28T13:58:50","slug":"services","status":"publish","type":"page","link":"https:\/\/old.lagornis.fr\/?page_id=2508","title":{"rendered":"Services"},"content":{"rendered":"\n<p>Les services sont des actions que des pnj peuvent effectuer en \u00e9change de paiement.<\/p>\n\n\n\n<p>Runes de lumi\u00e8re (dure 1 an) : Place une rune qui produit de la lumi\u00e8re sur une surface, 40po\/runes. <\/p>\n\n\n\n<p>Lib\u00e9ration de mal\u00e9diction : Lib\u00e8re le personnage d&#8217;une mal\u00e9diction, le prix d\u00e9pend de la complexit\u00e9 de la mal\u00e9diction (les mal\u00e9dictions les plus puissantes sont g\u00e9n\u00e9ralement plus simple \u00e0 supprim\u00e9) : Extr\u00eame : 200po. Majeur : 500po. Mineur : 300po. Medium : 200Po.<\/p>\n","protected":false},"excerpt":{"rendered":"<p>Les services sont des actions que des pnj peuvent effectuer en \u00e9change de paiement. Runes de lumi\u00e8re (dure 1 an) : Place une rune qui produit de la lumi\u00e8re sur une surface, 40po\/runes. Lib\u00e9ration de mal\u00e9diction : Lib\u00e8re le personnage d&#8217;une mal\u00e9diction, le prix d\u00e9pend de la complexit\u00e9 de la mal\u00e9diction (les mal\u00e9dictions les plus &hellip; <a href=\"https:\/\/old.lagornis.fr\/?page_id=2508\" class=\"more-link\">Continue reading <span class=\"screen-reader-text\">Services<\/span> <span class=\"meta-nav\">&rarr;<\/span><\/a><\/p>\n","protected":false},"author":1,"featured_media":0,"parent":865,"menu_order":0,"comment_status":"open","ping_status":"closed","template":"","meta":{"footnotes":""},"class_list":["post-2508","page","type-page","status-publish","hentry"],"_links":{"self":[{"href":"https:\/\/old.lagornis.fr\/index.php?rest_route=\/wp\/v2\/pages\/2508","targetHints":{"allow":["GET"]}}],"collection":[{"href":"https:\/\/old.lagornis.fr\/index.php?rest_route=\/wp\/v2\/pages"}],"about":[{"href":"https:\/\/old.lagornis.fr\/index.php?rest_route=\/wp\/v2\/types\/page"}],"author":[{"embeddable":true,"href":"https:\/\/old.lagornis.fr\/index.php?rest_route=\/wp\/v2\/users\/1"}],"replies":[{"embeddable":true,"href":"https:\/\/old.lagornis.fr\/index.php?rest_route=%2Fwp%2Fv2%2Fcomments&post=2508"}],"version-history":[{"count":0,"href":"https:\/\/old.lagornis.fr\/index.php?rest_route=\/wp\/v2\/pages\/2508\/revisions"}],"up":[{"embeddable":true,"href":"https:\/\/old.lagornis.fr\/index.php?rest_route=\/wp\/v2\/pages\/865"}],"wp:attachment":[{"href":"https:\/\/old.lagornis.fr\/index.php?rest_route=%2Fwp%2Fv2%2Fmedia&parent=2508"}],"curies":[{"name":"wp","href":"https:\/\/api.w.org\/{rel}","templated":true}]}}