{"id":2474,"date":"2019-05-24T13:09:09","date_gmt":"2019-05-24T11:09:09","guid":{"rendered":"http:\/\/lagornis.monbacasable.fr\/?p=2474"},"modified":"2019-05-24T13:09:09","modified_gmt":"2019-05-24T11:09:09","slug":"actions-mafia-est","status":"publish","type":"page","link":"https:\/\/old.lagornis.fr\/?page_id=2474","title":{"rendered":"Actions mafia de l&#8217;est"},"content":{"rendered":"\n<p>La mafia permet de r\u00e9cup\u00e9rer des informations dans leur biblioth\u00e8que priv\u00e9 sur  les routes secr\u00e8tes de Lagornis et les organisations secr\u00e8tes pr\u00e9sente. <\/p>\n\n\n\n<h4 class=\"wp-block-heading\">Comp\u00e9tences<\/h4>\n\n\n\n<p>Les comp\u00e9tences enseignable gratuitement au sein des quartiers de la magia : <\/p>\n\n\n\n<ul class=\"wp-block-list\"><li>Assassinat<\/li><li>Discr\u00e9tion<\/li><li>maitrise arme l\u00e9g\u00e8re<\/li><li>coup sournois<\/li><li>tromperie<\/li><li>D\u00e9guisement<\/li><li>Survie urbaine<\/li><li>Filature<\/li><li>Contrefa\u00e7on<\/li><li>Combat \u00e0 main nu<\/li><li>Pi\u00e8ges<\/li><li>Sort &#8220;d\u00e9verrouillage&#8221;<\/li><li>Sort &#8220;\u00c9clair paralysant&#8221;<\/li><li>Sort &#8220;Silence&#8221;<\/li><\/ul>\n\n\n\n<h4 class=\"wp-block-heading\">Professeurs<\/h4>\n\n\n\n<p>Il y a des voleurs, assassins et pr\u00eatre du culte du filou jusqu&#8217;au niveau 8 disponible. (payant, prix r\u00e9duit de 50% ) <\/p>\n","protected":false},"excerpt":{"rendered":"<p>La mafia permet de r\u00e9cup\u00e9rer des informations dans leur biblioth\u00e8que priv\u00e9 sur les routes secr\u00e8tes de Lagornis et les organisations secr\u00e8tes pr\u00e9sente. Comp\u00e9tences Les comp\u00e9tences enseignable gratuitement au sein des quartiers de la magia : Assassinat Discr\u00e9tion maitrise arme l\u00e9g\u00e8re coup sournois tromperie D\u00e9guisement Survie urbaine Filature Contrefa\u00e7on Combat \u00e0 main nu Pi\u00e8ges Sort &#8220;d\u00e9verrouillage&#8221; &hellip; <a href=\"https:\/\/old.lagornis.fr\/?page_id=2474\" class=\"more-link\">Continue reading <span class=\"screen-reader-text\">Actions mafia de l&#8217;est<\/span> <span class=\"meta-nav\">&rarr;<\/span><\/a><\/p>\n","protected":false},"author":1,"featured_media":0,"parent":2415,"menu_order":0,"comment_status":"open","ping_status":"closed","template":"","meta":{"footnotes":""},"class_list":["post-2474","page","type-page","status-publish","hentry"],"_links":{"self":[{"href":"https:\/\/old.lagornis.fr\/index.php?rest_route=\/wp\/v2\/pages\/2474","targetHints":{"allow":["GET"]}}],"collection":[{"href":"https:\/\/old.lagornis.fr\/index.php?rest_route=\/wp\/v2\/pages"}],"about":[{"href":"https:\/\/old.lagornis.fr\/index.php?rest_route=\/wp\/v2\/types\/page"}],"author":[{"embeddable":true,"href":"https:\/\/old.lagornis.fr\/index.php?rest_route=\/wp\/v2\/users\/1"}],"replies":[{"embeddable":true,"href":"https:\/\/old.lagornis.fr\/index.php?rest_route=%2Fwp%2Fv2%2Fcomments&post=2474"}],"version-history":[{"count":0,"href":"https:\/\/old.lagornis.fr\/index.php?rest_route=\/wp\/v2\/pages\/2474\/revisions"}],"up":[{"embeddable":true,"href":"https:\/\/old.lagornis.fr\/index.php?rest_route=\/wp\/v2\/pages\/2415"}],"wp:attachment":[{"href":"https:\/\/old.lagornis.fr\/index.php?rest_route=%2Fwp%2Fv2%2Fmedia&parent=2474"}],"curies":[{"name":"wp","href":"https:\/\/api.w.org\/{rel}","templated":true}]}}