{"id":242,"date":"2018-03-19T18:11:34","date_gmt":"2018-03-19T17:11:34","guid":{"rendered":"http:\/\/lagornis.monbacasable.fr\/?p=242"},"modified":"2018-03-19T18:11:34","modified_gmt":"2018-03-19T17:11:34","slug":"entite-fusionnee","status":"publish","type":"page","link":"https:\/\/old.lagornis.fr\/?page_id=242","title":{"rendered":"Entit\u00e9 fusionn\u00e9e"},"content":{"rendered":"<p>Certaines entit\u00e9s de pure magie passent un march\u00e9 avec un humano\u00efde pour s&#8217;abriter dans leur corps. Les conditions varie, mais g\u00e9n\u00e9ralement apr\u00e8s plusieurs ann\u00e9es l\u2019humano\u00efde et l&#8217;entit\u00e9 on fusionn\u00e9, ou celle ci \u00e0 pris le contr\u00f4le complet du corps.<\/p>\n<p>&nbsp;<\/p>\n<p>Les entit\u00e9s recours \u00e0 cette technique pour r\u00e9duire l\u2019\u00e9rosion naturel des corps artificielles (les corps d&#8217;\u00e9l\u00e9ments des \u00e9l\u00e9mentaires, ou les corps fictif des cr\u00e9atures du culte g\u00e9n\u00e9ralement). Dans un corps humano\u00efde l&#8217;entit\u00e9 a ses pouvoirs limit\u00e9 par le potentiel de l\u2019humano\u00efde, bien que toujours \u00e9norme.<\/p>\n<p>C&#8217;est de par ces entit\u00e9 fusionn\u00e9es que sont originaire les demi-\u00e9l\u00e9mentaires ou les demi-dieux (ceux ci \u00e9tant bien plus rare) (aka l&#8217;enfant d&#8217;une entit\u00e9 fusionn\u00e9e avec un mortel ) .\u00a0 Ces cr\u00e9atures magiques \u00e9tant incapable de se reproduire sous leur forme magique.<\/p>\n","protected":false},"excerpt":{"rendered":"<p>Certaines entit\u00e9s de pure magie passent un march\u00e9 avec un humano\u00efde pour s&#8217;abriter dans leur corps. Les conditions varie, mais g\u00e9n\u00e9ralement apr\u00e8s plusieurs ann\u00e9es l\u2019humano\u00efde et l&#8217;entit\u00e9 on fusionn\u00e9, ou celle ci \u00e0 pris le contr\u00f4le complet du corps. &nbsp; Les entit\u00e9s recours \u00e0 cette technique pour r\u00e9duire l\u2019\u00e9rosion naturel des corps artificielles (les corps &hellip; <a href=\"https:\/\/old.lagornis.fr\/?page_id=242\" class=\"more-link\">Continue reading <span class=\"screen-reader-text\">Entit\u00e9 fusionn\u00e9e<\/span> <span class=\"meta-nav\">&rarr;<\/span><\/a><\/p>\n","protected":false},"author":1,"featured_media":0,"parent":0,"menu_order":0,"comment_status":"open","ping_status":"closed","template":"","meta":{"footnotes":""},"class_list":["post-242","page","type-page","status-publish","hentry"],"_links":{"self":[{"href":"https:\/\/old.lagornis.fr\/index.php?rest_route=\/wp\/v2\/pages\/242","targetHints":{"allow":["GET"]}}],"collection":[{"href":"https:\/\/old.lagornis.fr\/index.php?rest_route=\/wp\/v2\/pages"}],"about":[{"href":"https:\/\/old.lagornis.fr\/index.php?rest_route=\/wp\/v2\/types\/page"}],"author":[{"embeddable":true,"href":"https:\/\/old.lagornis.fr\/index.php?rest_route=\/wp\/v2\/users\/1"}],"replies":[{"embeddable":true,"href":"https:\/\/old.lagornis.fr\/index.php?rest_route=%2Fwp%2Fv2%2Fcomments&post=242"}],"version-history":[{"count":0,"href":"https:\/\/old.lagornis.fr\/index.php?rest_route=\/wp\/v2\/pages\/242\/revisions"}],"wp:attachment":[{"href":"https:\/\/old.lagornis.fr\/index.php?rest_route=%2Fwp%2Fv2%2Fmedia&parent=242"}],"curies":[{"name":"wp","href":"https:\/\/api.w.org\/{rel}","templated":true}]}}