{"id":2417,"date":"2019-05-22T18:26:24","date_gmt":"2019-05-22T16:26:24","guid":{"rendered":"http:\/\/lagornis.monbacasable.fr\/?p=2417"},"modified":"2019-05-22T18:26:24","modified_gmt":"2019-05-22T16:26:24","slug":"actions-services-secrets-nains","status":"publish","type":"page","link":"https:\/\/old.lagornis.fr\/?page_id=2417","title":{"rendered":"Actions services secrets nains"},"content":{"rendered":"\n<p>Les services secrets nains permettent de r\u00e9cup\u00e9rer des informations dans leur biblioth\u00e8que priv\u00e9 sur tous les pays\/gouvernement de Lagornis, sur les temples importants, les organisations secr\u00e8tes et les cr\u00e9atures magiques majeur pr\u00e9sente. <\/p>\n\n\n\n<h4 class=\"wp-block-heading\">Salaire<\/h4>\n\n\n\n<p>Les individu acceptant de travailler pour les services secrets sont r\u00e9mun\u00e9rer 16po\/jeton temps. Les individu avec les comp\u00e9tences  Langues anciennes, Bibliographie, Connaissance des cr\u00e9atures , connaissance d&#8217;un lieu (puissance sup\u00e9rieur \u00e0 3) sont engager dans des taches sp\u00e9cialiser et sont payer 25po\/jeton.<\/p>\n\n\n\n<h4 class=\"wp-block-heading\">Comp\u00e9tences<\/h4>\n\n\n\n<p>Les comp\u00e9tences enseignable gratuitement au centre de formation de la montagne vivante : <\/p>\n\n\n\n<ul class=\"wp-block-list\"><li>Discr\u00e9tion<\/li><li>maitrise arme l\u00e9g\u00e8re<\/li><li>coup sournois<\/li><li>tromperie<\/li><li>D\u00e9guisement<\/li><li>Connaissance lieu<\/li><li>Filature<\/li><li>Combat \u00e0 main nu<\/li><li>Sort &#8220;d\u00e9verrouillage&#8221;<\/li><li>Sort &#8220;\u00c9clair paralysant&#8221;<\/li><li>Sort &#8220;Fa\u00e7onnage de la pierre&#8221;<\/li><li>Sort &#8220;Silence&#8221;<\/li><\/ul>\n\n\n\n<h4 class=\"wp-block-heading\">Professeurs<\/h4>\n\n\n\n<p>Il y a des voleurs, assassins, spadassins, et pr\u00eatre jusqu&#8217;au niveau 6 disponible. (payant, prix r\u00e9duit de 50% ) <\/p>\n","protected":false},"excerpt":{"rendered":"<p>Les services secrets nains permettent de r\u00e9cup\u00e9rer des informations dans leur biblioth\u00e8que priv\u00e9 sur tous les pays\/gouvernement de Lagornis, sur les temples importants, les organisations secr\u00e8tes et les cr\u00e9atures magiques majeur pr\u00e9sente. Salaire Les individu acceptant de travailler pour les services secrets sont r\u00e9mun\u00e9rer 16po\/jeton temps. Les individu avec les comp\u00e9tences Langues anciennes, Bibliographie, Connaissance &hellip; <a href=\"https:\/\/old.lagornis.fr\/?page_id=2417\" class=\"more-link\">Continue reading <span class=\"screen-reader-text\">Actions services secrets nains<\/span> <span class=\"meta-nav\">&rarr;<\/span><\/a><\/p>\n","protected":false},"author":1,"featured_media":0,"parent":2415,"menu_order":0,"comment_status":"open","ping_status":"closed","template":"","meta":{"footnotes":""},"class_list":["post-2417","page","type-page","status-publish","hentry"],"_links":{"self":[{"href":"https:\/\/old.lagornis.fr\/index.php?rest_route=\/wp\/v2\/pages\/2417","targetHints":{"allow":["GET"]}}],"collection":[{"href":"https:\/\/old.lagornis.fr\/index.php?rest_route=\/wp\/v2\/pages"}],"about":[{"href":"https:\/\/old.lagornis.fr\/index.php?rest_route=\/wp\/v2\/types\/page"}],"author":[{"embeddable":true,"href":"https:\/\/old.lagornis.fr\/index.php?rest_route=\/wp\/v2\/users\/1"}],"replies":[{"embeddable":true,"href":"https:\/\/old.lagornis.fr\/index.php?rest_route=%2Fwp%2Fv2%2Fcomments&post=2417"}],"version-history":[{"count":0,"href":"https:\/\/old.lagornis.fr\/index.php?rest_route=\/wp\/v2\/pages\/2417\/revisions"}],"up":[{"embeddable":true,"href":"https:\/\/old.lagornis.fr\/index.php?rest_route=\/wp\/v2\/pages\/2415"}],"wp:attachment":[{"href":"https:\/\/old.lagornis.fr\/index.php?rest_route=%2Fwp%2Fv2%2Fmedia&parent=2417"}],"curies":[{"name":"wp","href":"https:\/\/api.w.org\/{rel}","templated":true}]}}