{"id":2415,"date":"2019-05-21T16:23:53","date_gmt":"2019-05-21T14:23:53","guid":{"rendered":"http:\/\/lagornis.monbacasable.fr\/?p=2415"},"modified":"2019-05-21T16:23:53","modified_gmt":"2019-05-21T14:23:53","slug":"passer-le-temps","status":"publish","type":"page","link":"https:\/\/old.lagornis.fr\/?page_id=2415","title":{"rendered":"Passer le temps"},"content":{"rendered":"\n<p>Parfois entre les scenario il s\u2019\u00e9coule du temps o\u00f9 vous \u00eates libre de faire ce qu&#8217;il vous plait (plus ou moins.) pendant cette p\u00e9riode de temps vous pouvez travailler, faire les boutiques, vous entrainer, vous renseigner ect &#8230;. Chacune de ces actions prend un certains temps, et est repr\u00e9senter par des jetons &#8220;temps&#8221; depensables. <\/p>\n\n\n\n<table class=\"wp-block-table\"><tbody><tr><td>Travailler<\/td><td>1<\/td><\/tr><tr><td>Apprendre une comp\u00e9tence<\/td><td>2<\/td><\/tr><tr><td>Acqu\u00e9rir des connaissances sur un sujet<\/td><td>1<\/td><\/tr><tr><td>Apprendre un nouveau classe<\/td><td>20<\/td><\/tr><tr><td>Gagner 1 pt de caract\u00e9ristique<\/td><td>12<\/td><\/tr><tr><td>Gagner 1points d&#8217;exp<\/td><td>1<br><\/td><\/tr><tr><td>Augmenter le degr\u00e9s de maitrise d&#8217;une comp\u00e9tence<\/td><td>3<\/td><\/tr><\/tbody><\/table>\n\n\n\n<h4 class=\"wp-block-heading\">Travailler<\/h4>\n\n\n\n<p>Le fait de travailler permet \u00e0 un personnage de gagner son salaire (d\u00e9pendant de la classe ). Pour chaque &lt;level&gt; * D &lt;d\u00e9 de salaire de la classe&gt; . Par exemple un voleur niveau 2 gagnerais 2d6 po, et un chevalier niveau 5 gagnerais 5d4. Certaines comp\u00e9tences permettent de remplacer le d\u00e9 de classe, ou d&#8217;ajouter un bonus \u00e0 celui ci. <\/p>\n\n\n\n<p>Ind\u00e9pendamment de sa classe, un personnage peux toujours mendier et gagner 1d4.<\/p>\n\n\n\n<p>Si il a un emploi l\u00e0 o\u00f9 il se trouve, il peux obtenir son salaire pendant cette p\u00e9riode.<\/p>\n\n\n\n<h4 class=\"wp-block-heading\">Acqu\u00e9rir une comp\u00e9tence.<\/h4>\n\n\n\n<p>Le personnage trouve un professeur comp\u00e9tent pour lui apprendre une comp\u00e9tence, ou l&#8217;aider \u00e0 augmenter une d\u00e9j\u00e0 acquise. <\/p>\n\n\n\n<h4 class=\"wp-block-heading\">Acqu\u00e9rir des connaissances<\/h4>\n\n\n\n<p>Que ce soit en allant \u00e0 la biblioth\u00e8que ou en interrogeant des personnes renseigner, permet d&#8217;avoir des informations de lore concernant un sujet. (fonctionnement d&#8217;un objet magique, information \u00e0 propos d&#8217;un pnj, emplacement d&#8217;un donjon, plans, ect &#8230; )<\/p>\n\n\n\n<h4 class=\"wp-block-heading\">Gagner un point de caract\u00e9ristique<\/h4>\n\n\n\n<p>Le personnage subit un entrainement intensif dans le but de devenir plus fort, plus intelligent, plus r\u00e9actif. <\/p>\n\n\n\n<h4 class=\"wp-block-heading\">Am\u00e9liorer une comp\u00e9tence<\/h4>\n\n\n\n<p>Le personnage s&#8217;entraine de lui m\u00eame pour am\u00e9liorer la maitrise qu&#8217;il a d&#8217;une comp\u00e9tence. (ne permet que d\u2019am\u00e9liorer la maitrise d&#8217;une comp\u00e9tence d\u00e9j\u00e0 acquise. )<\/p>\n\n\n\n<p><br><\/p>\n","protected":false},"excerpt":{"rendered":"<p>Parfois entre les scenario il s\u2019\u00e9coule du temps o\u00f9 vous \u00eates libre de faire ce qu&#8217;il vous plait (plus ou moins.) pendant cette p\u00e9riode de temps vous pouvez travailler, faire les boutiques, vous entrainer, vous renseigner ect &#8230;. Chacune de ces actions prend un certains temps, et est repr\u00e9senter par des jetons &#8220;temps&#8221; depensables. Travailler &hellip; <a href=\"https:\/\/old.lagornis.fr\/?page_id=2415\" class=\"more-link\">Continue reading <span class=\"screen-reader-text\">Passer le temps<\/span> <span class=\"meta-nav\">&rarr;<\/span><\/a><\/p>\n","protected":false},"author":1,"featured_media":0,"parent":865,"menu_order":0,"comment_status":"open","ping_status":"closed","template":"","meta":{"footnotes":""},"class_list":["post-2415","page","type-page","status-publish","hentry"],"_links":{"self":[{"href":"https:\/\/old.lagornis.fr\/index.php?rest_route=\/wp\/v2\/pages\/2415","targetHints":{"allow":["GET"]}}],"collection":[{"href":"https:\/\/old.lagornis.fr\/index.php?rest_route=\/wp\/v2\/pages"}],"about":[{"href":"https:\/\/old.lagornis.fr\/index.php?rest_route=\/wp\/v2\/types\/page"}],"author":[{"embeddable":true,"href":"https:\/\/old.lagornis.fr\/index.php?rest_route=\/wp\/v2\/users\/1"}],"replies":[{"embeddable":true,"href":"https:\/\/old.lagornis.fr\/index.php?rest_route=%2Fwp%2Fv2%2Fcomments&post=2415"}],"version-history":[{"count":0,"href":"https:\/\/old.lagornis.fr\/index.php?rest_route=\/wp\/v2\/pages\/2415\/revisions"}],"up":[{"embeddable":true,"href":"https:\/\/old.lagornis.fr\/index.php?rest_route=\/wp\/v2\/pages\/865"}],"wp:attachment":[{"href":"https:\/\/old.lagornis.fr\/index.php?rest_route=%2Fwp%2Fv2%2Fmedia&parent=2415"}],"curies":[{"name":"wp","href":"https:\/\/api.w.org\/{rel}","templated":true}]}}