{"id":2390,"date":"2019-05-12T19:28:33","date_gmt":"2019-05-12T17:28:33","guid":{"rendered":"http:\/\/lagornis.monbacasable.fr\/?p=2390"},"modified":"2019-05-12T19:28:33","modified_gmt":"2019-05-12T17:28:33","slug":"tobarnak","status":"publish","type":"page","link":"https:\/\/old.lagornis.fr\/?page_id=2390","title":{"rendered":"Tobarnak"},"content":{"rendered":"\n<p>Tobarnak (ou le livre noir, l&#8217;arme ultime, le grand livre, le livre des morts, et nombre d&#8217;autres noms) est un ancien grimoire extr\u00eamement puissant. Son nom signifie &#8220;l&#8217;arme contre les dieux&#8221; en Borg, la langue d&#8217;origine du livre.<\/p>\n\n\n\n<p>L&#8217;histoire du livre noir remonte au d\u00e9but de la guerre draconique. Bazfer un puissant mage Borg qui pensait que les interf\u00e9rences divines \u00e9tait un fl\u00e9au qui provoquera \u00e0 terme la destruction de tous le clan Borg. Sa haine envers les dieux grandit au fil des ann\u00e9es alors que l&#8217;influence de ceux ci s\u2019\u00e9tendit au sein des communaut\u00e9s humaines et il d\u00e9cida d\u2019\u00e9crire un grimoire o\u00f9 inscrire ses sortil\u00e8ges pour tuer les dieux, ainsi que l&#8217;histoire de son peuple (il estimait, a raison, que les dieux finirait par manipuler l&#8217;histoire ) . Il cr\u00e9a son livre \u00e0 partir du corps d&#8217;un dragon primordial (ses \u00e9cailles comme couverture, son cuir comme page) et remplit ses pages en utilisant son propre sang comme encre. Il enchanta le livre avec plusieurs sortil\u00e8ges : Un sortil\u00e8ge de langue, pour permettre a chaque individu de consulter le grimoire. Un sortil\u00e8ge de protection , pour s&#8217;assurer qu&#8217;aucun dieu ou fid\u00e8le ne puisse le d\u00e9truire. Un sortil\u00e8ge de divination li\u00e9 \u00e0 un sortil\u00e8ge de d\u00e9placement, pour permettre au grimoire d&#8217;atteindre quiconque aurait besoin de ses connaissances. <\/p>\n\n\n\n<p>Alors que la guerre avance, d&#8217;autres mages Borg apprenent son projet, pour proteger son ouvrage il active sa magie pour le projeter au loin. <\/p>\n\n\n\n<p>C&#8217;est un jeune apprenti mage \u00e0 l&#8217;autre bout de la plan\u00e8te qui r\u00e9cup\u00e8re par hasard le livre, son pays n&#8217;ayant jamais eu de probl\u00e8mes avec les dieux il s&#8217;en d\u00e9sint\u00e9resse pour un temps, jusqu&#8217;\u00e0 ce qu&#8217;il r\u00e9alise le potentiel magique inn\u00e9 de l&#8217;ouvrage (le corps d&#8217;un dragon est une source de magie pendant des si\u00e8cles apr\u00e8s sa mort) il d\u00e9cide d&#8217;y appliquer un sortil\u00e8ge de copie, avec pour objectif que le livre copie le contenu des journaux des autres \u00e9tudiants.<\/p>\n\n\n\n<p>Le sortil\u00e8ge marcha au del\u00e0 de ses esperences et copia le contenu de tous les ouvrages de l\u2019acad\u00e9mie de magie. Ce qui surpris profond\u00e9ment Bazfer, lorsqu&#8217;il parvient \u00e0 rappeler le livre \u00e0 lui apr\u00e8s que la suspicion de ses coll\u00e8gues est diminuer. Il transmit son ouvrage au haut commit\u00e9 des mages de l&#8217;est, une organisation de mage neutre peu avant la fin de la guerre et le g\u00e9nocide du clan Borg. <\/p>\n\n\n\n<p>Le grimoire fut transmis de mage en mage \u00e0 travers le monde, alors que l&#8217;age des dieux prenais racine et que l&#8217;oppression envers les mages r\u00e9gner et que la plus part des connaissances magiques et historique \u00e9tait effacer. <\/p>\n\n\n\n<p>A cette \u00e9poque le livre n\u2019\u00e9tait pas encore mal\u00e9fique \u00e0 cette \u00e9poque, bien qu&#8217;il contenait un certain nombre de magie noir en son sein. De nombreuse rumeurs commenc\u00e8rent \u00e0 se propager sur ce livre h\u00e9r\u00e9tique contenant des connaissances interdite. <\/p>\n\n\n\n<p>Le premier pas vers la corruption fut franchit par un mage elfe nomm\u00e9 Maralo. Maralo \u00e9tait un m\u00e9decin dans un petit village de campagne, mais pas un bon m\u00e9decin. Il annon\u00e7ait la mort de certains patients avant de les enfermer dans sa cave pour pratiquer diverses exp\u00e9riences sur ses malheureux cobayes, il vou\u00e9 une haine absolu aux dieux et c&#8217;est ce ressentiment qui attira le grimoire \u00e0 lui. Il utilisa le grimoire et ses exp\u00e9riences pour d\u00e9velopper un nouveau type de magie, la magie du sang. Il utilisait le sang de ses victimes comme source d\u2019\u00e9nergie pour ses sorts.<\/p>\n\n\n\n<p>Il communiqua \u00e0 propos du grimoire et de ses exp\u00e9riences avec d&#8217;autre mages partageant sa volont\u00e9 d&#8217;\u00e9liminer les dieux, ceux ci furent horrifier par ses actes et sa philosophie de penser qu&#8217;il fallait sacrifier des humains pour atteindre la puissance n\u00e9cessaire pour tuer les dieux. Il d\u00e9cida de prouver que son raisonnement \u00e9tais correct.<\/p>\n\n\n\n<p> Alors il glissa dans le puits de son village un puissant paralysant, qui affecta tous les habitants du village. Il trainer ensuite les corps inanimer de ses compatriote sur la place du village, ils les \u00e9gorgea ensuite pour pratiquer un puissant rituel sur le livre. Le livre absorba le sang (et l\u2019\u00e9nergie magique) des habitants dans un enchantement livre magique  (un enchantement de livre qui permet \u00e0 un mage d&#8217;utiliser l\u2019\u00e9nergie magique contenu dans le grimoire plut\u00f4t que la sienne pour lancer un des sorts du grimoire). Il d\u00e9cida ensuite de se rendre dans la cit\u00e9 majeur proche de la sienne (une cit\u00e9 de 200k habitants, construite autour d&#8217;un temple central o\u00f9 vit un dieu du massacre nomm\u00e9 Jukira, qui domine toute la region). Il passa trois mois \u00e0 effectuer les sacrifices n\u00e9cessaires \u00e0 l\u2019\u00e9tablissement de points de pouvoir tous autour de la ville. Puis il lan\u00e7a le sort qui fini de corrompre le grimoire.<\/p>\n\n\n\n<p>Son sort propagea l\u2019\u00e9nergie \u00e0 travers la ville, affectant chaque habitant, ceux ci commenc\u00e8rent \u00e0 saigner des yeux et des oreilles, et vomir leur sang. Le sang se rassembla en un immense tourbillon qui s&#8217;engagea dans le temple, massacrant ses habitants, et fini par toucher le dieu. Celui ci manifesta tous son pouvoir \u00e0 l&#8217;encontre de la source du sort, qui se trouvait \u00eatre le grimoire qui disparu instantan\u00e9ment pour se prot\u00e9ger. Le sortil\u00e8ge fini par tuer Jurika, mais Maralo ne parvient jamais \u00e0 le retrouver. La l\u00e9gende raconte qu&#8217;il est toujours en train de chercher \u00e0 retrouver le livre, d&#8217;autre l\u00e9gendes dise que d&#8217;autres dieux l&#8217;ont retrouv\u00e9 et leur ex\u00e9cut\u00e9 par vengeance.<\/p>\n\n\n\n<p>Sa nature originel, et les rumeurs concernant ce &#8220;livre noir&#8221; pouss\u00e8rent l\u2019\u00e9nergie noir de se rassembler autour du livre. Les gens au quatre coins de Lagornis commenc\u00e8rent \u00e0 parler de ce livre capable de d\u00e9truire un dieu, mais qui demande des sacrifices gigantesque. Un livre du massacre. Les dieux le declarerent comme h\u00e9r\u00e9sie, et punirent de mort quiconque \u00e9voquer son existence. Ce qui ne fit que croitre la puissance du livre. On dit que ce fut Satan qui propagea le plus les rumeurs concernant le grimoire, il aurait utiliser ses pouvoirs pour amener \u00e0 ceux qui le d\u00e9sirait le livre et aider l&#8217;humanit\u00e9 \u00e0 b\u00e2tir les pr\u00e9mices de la r\u00e9bellion. Il aurait enseigner aux humains \u00e0 manier les pouvoirs croissants du grimoire pour terrasser les dieux oppresseurs.<\/p>\n\n\n\n<p>Satan serait d&#8217;ailleurs le seul \u00eatre divin a avoir eu le contr\u00f4le du livre sans \u00eatre d\u00e9truit par sa magie.<\/p>\n\n\n\n<p>On retrouve des \u00e9vocations au grimoires partout durant les r\u00e9cits de la guerre des dieux, il fut utiliser pour cr\u00e9\u00e9e un grand nombre des armes qui servirent pendant la guerre, ou pour tuer plus directement les dieux. Sa premi\u00e8re fonction \u00e9tant la destruction des dieux, il fut moins pr\u00e9sent durant l&#8217;age de la magie, o\u00f9 il fut utiliser par des mages peut scrupuleux pour accroitre leurs pouvoirs. Sa nature mal\u00e9fique et son pouvoir immenses corrompit nombre de personnes \u00e0 travers les si\u00e8cles, \u00e0 mesure que son mythe grandit, et son contenu s\u2019\u00e9tendit. <\/p>\n\n\n\n<p>A plusieurs reprises ont tent\u00e9 de le d\u00e9truire, ou de le sceller, mais chaque fois quelqu&#8217;un parvenait \u00e0 remonter la piste et le retrouver, ou quelqu&#8217;un quelque part avait besoin du pouvoir de tuer un dieu et il quitter sa prison de lui m\u00eame. <\/p>\n\n\n\n<p>A pr\u00e9sent, il est dit que le Tobarnak contient toute les connaissances du monde, ainsi que tous les sortil\u00e8ges, il serait aussi puissant qu&#8217;un dieu, et quiconque parviendrait \u00e0 contr\u00f4ler son pouvoir pourrait contr\u00f4ler le monde. <br><\/p>\n","protected":false},"excerpt":{"rendered":"<p>Tobarnak (ou le livre noir, l&#8217;arme ultime, le grand livre, le livre des morts, et nombre d&#8217;autres noms) est un ancien grimoire extr\u00eamement puissant. Son nom signifie &#8220;l&#8217;arme contre les dieux&#8221; en Borg, la langue d&#8217;origine du livre. L&#8217;histoire du livre noir remonte au d\u00e9but de la guerre draconique. Bazfer un puissant mage Borg qui &hellip; <a href=\"https:\/\/old.lagornis.fr\/?page_id=2390\" class=\"more-link\">Continue reading <span class=\"screen-reader-text\">Tobarnak<\/span> <span class=\"meta-nav\">&rarr;<\/span><\/a><\/p>\n","protected":false},"author":1,"featured_media":0,"parent":254,"menu_order":0,"comment_status":"open","ping_status":"closed","template":"","meta":{"footnotes":""},"class_list":["post-2390","page","type-page","status-publish","hentry"],"_links":{"self":[{"href":"https:\/\/old.lagornis.fr\/index.php?rest_route=\/wp\/v2\/pages\/2390","targetHints":{"allow":["GET"]}}],"collection":[{"href":"https:\/\/old.lagornis.fr\/index.php?rest_route=\/wp\/v2\/pages"}],"about":[{"href":"https:\/\/old.lagornis.fr\/index.php?rest_route=\/wp\/v2\/types\/page"}],"author":[{"embeddable":true,"href":"https:\/\/old.lagornis.fr\/index.php?rest_route=\/wp\/v2\/users\/1"}],"replies":[{"embeddable":true,"href":"https:\/\/old.lagornis.fr\/index.php?rest_route=%2Fwp%2Fv2%2Fcomments&post=2390"}],"version-history":[{"count":0,"href":"https:\/\/old.lagornis.fr\/index.php?rest_route=\/wp\/v2\/pages\/2390\/revisions"}],"up":[{"embeddable":true,"href":"https:\/\/old.lagornis.fr\/index.php?rest_route=\/wp\/v2\/pages\/254"}],"wp:attachment":[{"href":"https:\/\/old.lagornis.fr\/index.php?rest_route=%2Fwp%2Fv2%2Fmedia&parent=2390"}],"curies":[{"name":"wp","href":"https:\/\/api.w.org\/{rel}","templated":true}]}}